{"id":4921,"date":"2026-01-14T14:06:44","date_gmt":"2026-01-14T13:06:44","guid":{"rendered":"https:\/\/www.srsa.sk\/?page_id=4921"},"modified":"2026-04-27T13:41:22","modified_gmt":"2026-04-27T12:41:22","slug":"majstrovstva-europy-2026","status":"publish","type":"page","link":"https:\/\/www.srsa.sk\/?page_id=4921","title":{"rendered":"Majstrovstv\u00e1 Eur\u00f3py 2026"},"content":{"rendered":"\n<p class=\"has-white-color has-text-color has-background has-link-color wp-elements-145f0edb93405e9b455d1063925c307d\" style=\"background-color:#70b04e\">Majstrovstv\u00e1 Eur\u00f3py 2026 v \u0161porte rope skipping sa bud\u00fa kona\u0165 v term\u00edne od 11. augusta do 17. augusta 2026 v Oslofjord Convention Center v N\u00f3rsku. <\/p>\n\n\n\n<figure class=\"wp-block-image size-full\"><a href=\"https:\/\/www.srsa.sk\/wp-content\/uploads\/2026\/01\/EC26-logo.png\"><img loading=\"lazy\" decoding=\"async\" width=\"1024\" height=\"507\" src=\"https:\/\/www.srsa.sk\/wp-content\/uploads\/2026\/01\/EC26-logo.png\" alt=\"\" class=\"wp-image-4906\" srcset=\"https:\/\/www.srsa.sk\/wp-content\/uploads\/2026\/01\/EC26-logo.png 1024w, https:\/\/www.srsa.sk\/wp-content\/uploads\/2026\/01\/EC26-logo-300x149.png 300w, https:\/\/www.srsa.sk\/wp-content\/uploads\/2026\/01\/EC26-logo-768x380.png 768w, https:\/\/www.srsa.sk\/wp-content\/uploads\/2026\/01\/EC26-logo-500x248.png 500w\" sizes=\"auto, (max-width: 1024px) 100vw, 1024px\" \/><\/a><\/figure>\n\n\n\n<p>Toto v\u00fdznamn\u00e9 podujatie v \u0161porte rope skipping sa sklad\u00e1 zo 4 eur\u00f3pskych \u0161ampion\u00e1tov, a&nbsp;to:<\/p>\n\n\n\n<p><strong>Majstrovstv\u00e1 Eur\u00f3py \u2013 ME <\/strong>(EC \u2013 European Championships) \u2013 medzin\u00e1rodn\u00e9 podujatie v \u0161porte rope skipping \/ jump rope, ktor\u00e9 je ur\u010den\u00e9 pre \u0161portovcov vo veku od 16 rokov<\/p>\n\n\n\n<p><strong>Majstrovstv\u00e1 Eur\u00f3py juniorov \u2013 MEJ<\/strong> (JEC \u2013 Junior European Championships) \u2013 medzin\u00e1rodn\u00e9 podujatie v \u0161porte rope skipping \/ jump rope, ktor\u00e9 je ur\u010den\u00e9 pre \u0161portovcov vo veku od 12 do 15 rokov<\/p>\n\n\n\n<p><strong>Eur\u00f3psky<\/strong> <strong>otvoren\u00fd turnaj \u2013 EOT<\/strong> (EOT \u2013 European Open Tournament) \u2013 medzin\u00e1rodn\u00e9 podujatie, ktor\u00e9 prebieha popri Majstrovstv\u00e1ch Eur\u00f3py v \u0161porte rope skipping \/ jump rope ako podpora \u00fa\u010dasti viacer\u00fdch \u0161portovcov na medzin\u00e1rodnom podujat\u00ed, nako\u013eko po\u010det miest na ME \/ MEJ je obmedzen\u00fd.<\/p>\n\n\n\n<p><strong>Double dutch contest \u2013 DDC<\/strong> \u2013 medzin\u00e1rodn\u00e9 podujatie, ktor\u00e9 prebieha popri Majstrovstv\u00e1ch Eur\u00f3py v \u0161porte rope skipping \/ jump rope vo vekov\u00fdch kateg\u00f3ri\u00e1ch 12-15 rokov a 16+ rokov. <\/p>\n\n\n\n<p><strong>Predbe\u017en\u00fd harmonogram s\u00fa\u0165a\u017e\u00ed: <\/strong><\/p>\n\n\n\n<figure class=\"wp-block-table\"><table class=\"has-fixed-layout\"><tbody><tr><td><strong>D\u00e1tum<\/strong><\/td><td><strong>De\u0148 <\/strong><\/td><td><strong>S\u00fa\u0165a\u017e<\/strong><\/td><\/tr><tr><td>11.8.2026<\/td><td>Utorok<\/td><td>JEC \/ EC kvalifik\u00e1cia<\/td><\/tr><tr><td>12.8.2026<\/td><td>Streda <\/td><td>JEC \/ EC kvalifik\u00e1cia<\/td><\/tr><tr><td>13.8.2026<\/td><td>\u0160tvrtok <\/td><td>JEC \/ EC kvalifik\u00e1cia<\/td><\/tr><tr><td>14.8.2026<\/td><td>Piatok<\/td><td>EC fin\u00e1le + DDC Europe<\/td><\/tr><tr><td>15.8.2026<\/td><td>Sobota<\/td><td>EC fin\u00e1le<\/td><\/tr><tr><td>16.8.2026<\/td><td>Nede\u013ea<\/td><td>EOT<\/td><\/tr><tr><td>17.8.2026<\/td><td>Pondelok<\/td><td>EOT<\/td><\/tr><\/tbody><\/table><\/figure>\n\n\n\n<p><\/p>\n\n\n\n<p>Ka\u017ed\u00fd \u0161portovec, ktor\u00fd m\u00e1 z\u00e1ujem z\u00fa\u010dastni\u0165 sa Majstrovstiev Eur\u00f3py sa mus\u00ed kvalifikova\u0165. <\/p>\n\n\n\n<p>Podmienky kvalifik\u00e1cie si m\u00f4\u017eete pre\u010d\u00edta\u0165 na na\u0161om webe v sekcii: <a href=\"https:\/\/www.srsa.sk\/?page_id=1415\">Kvalifik\u00e1cia v \u0161porte rope skipping. <\/a><\/p>\n\n\n\n<figure class=\"wp-block-image size-large\"><a href=\"https:\/\/www.srsa.sk\/wp-content\/uploads\/2026\/01\/EC2026.jpg\"><img loading=\"lazy\" decoding=\"async\" width=\"1024\" height=\"576\" src=\"https:\/\/www.srsa.sk\/wp-content\/uploads\/2026\/01\/EC2026-1024x576.jpg\" alt=\"\" class=\"wp-image-4904\" srcset=\"https:\/\/www.srsa.sk\/wp-content\/uploads\/2026\/01\/EC2026-1024x576.jpg 1024w, https:\/\/www.srsa.sk\/wp-content\/uploads\/2026\/01\/EC2026-300x169.jpg 300w, https:\/\/www.srsa.sk\/wp-content\/uploads\/2026\/01\/EC2026-768x432.jpg 768w, https:\/\/www.srsa.sk\/wp-content\/uploads\/2026\/01\/EC2026-500x281.jpg 500w, https:\/\/www.srsa.sk\/wp-content\/uploads\/2026\/01\/EC2026.jpg 1200w\" sizes=\"auto, (max-width: 1024px) 100vw, 1024px\" \/><\/a><\/figure>\n\n\n\n<p><\/p>\n\n\n\n<p><\/p>\n\n\n\n<p>Viac inform\u00e1ci\u00ed o ME poskytneme po ich dodan\u00ed, pr\u00edp. zverejnen\u00ed eur\u00f3pskou organiz\u00e1ciou ERSO pre \u010dlenov SRSA.<\/p>\n\n\n\n<p><\/p>\n","protected":false},"excerpt":{"rendered":"<p>Majstrovstv\u00e1 Eur\u00f3py 2026 v \u0161porte rope skipping sa bud\u00fa kona\u0165 v term\u00edne od 11. augusta do 17. augusta 2026 v Oslofjord Convention Center v N\u00f3rsku. Toto v\u00fdznamn\u00e9 podujatie v \u0161porte rope skipping sa sklad\u00e1 zo 4 eur\u00f3pskych \u0161ampion\u00e1tov, a&nbsp;to: Majstrovstv\u00e1 Eur\u00f3py \u2013 ME (EC \u2013 European Championships) \u2013 medzin\u00e1rodn\u00e9 podujatie v \u0161porte rope skipping \/ [&hellip;]<\/p>\n","protected":false},"author":5,"featured_media":0,"parent":0,"menu_order":0,"comment_status":"closed","ping_status":"closed","template":"","meta":{"footnotes":""},"class_list":["post-4921","page","type-page","status-publish","hentry"],"yoast_head":"<!-- This site is optimized with the Yoast SEO plugin v26.8 - https:\/\/yoast.com\/product\/yoast-seo-wordpress\/ -->\n<title>Majstrovstv\u00e1 Eur\u00f3py 2026 &#187; Slovensk\u00e1 rope skippingov\u00e1 asoci\u00e1cia<\/title>\n<meta name=\"robots\" content=\"index, follow, max-snippet:-1, max-image-preview:large, max-video-preview:-1\" \/>\n<link rel=\"canonical\" href=\"https:\/\/www.srsa.sk\/?page_id=4921\" \/>\n<meta property=\"og:locale\" content=\"sk_SK\" \/>\n<meta property=\"og:type\" content=\"article\" \/>\n<meta property=\"og:title\" content=\"Majstrovstv\u00e1 Eur\u00f3py 2026 &#187; Slovensk\u00e1 rope skippingov\u00e1 asoci\u00e1cia\" \/>\n<meta property=\"og:description\" content=\"Majstrovstv\u00e1 Eur\u00f3py 2026 v \u0161porte rope skipping sa bud\u00fa kona\u0165 v term\u00edne od 11. augusta do 17. augusta 2026 v Oslofjord Convention Center v N\u00f3rsku. Toto v\u00fdznamn\u00e9 podujatie v \u0161porte rope skipping sa sklad\u00e1 zo 4 eur\u00f3pskych \u0161ampion\u00e1tov, a&nbsp;to: Majstrovstv\u00e1 Eur\u00f3py \u2013 ME (EC \u2013 European Championships) \u2013 medzin\u00e1rodn\u00e9 podujatie v \u0161porte rope skipping \/ [&hellip;]\" \/>\n<meta property=\"og:url\" content=\"https:\/\/www.srsa.sk\/?page_id=4921\" \/>\n<meta property=\"og:site_name\" content=\"Slovensk\u00e1 rope skippingov\u00e1 asoci\u00e1cia\" \/>\n<meta property=\"article:modified_time\" content=\"2026-04-27T12:41:22+00:00\" \/>\n<meta property=\"og:image\" content=\"https:\/\/www.srsa.sk\/wp-content\/uploads\/2026\/01\/EC26-logo.png\" \/>\n\t<meta property=\"og:image:width\" content=\"1024\" \/>\n\t<meta property=\"og:image:height\" content=\"507\" \/>\n\t<meta property=\"og:image:type\" content=\"image\/png\" \/>\n<meta name=\"twitter:card\" content=\"summary_large_image\" \/>\n<meta name=\"twitter:label1\" content=\"Predpokladan\u00fd \u010das \u010d\u00edtania\" \/>\n\t<meta name=\"twitter:data1\" content=\"2 min\u00faty\" \/>\n<script type=\"application\/ld+json\" class=\"yoast-schema-graph\">{\"@context\":\"https:\/\/schema.org\",\"@graph\":[{\"@type\":\"WebPage\",\"@id\":\"https:\/\/www.srsa.sk\/?page_id=4921\",\"url\":\"https:\/\/www.srsa.sk\/?page_id=4921\",\"name\":\"Majstrovstv\u00e1 Eur\u00f3py 2026 &#187; Slovensk\u00e1 rope skippingov\u00e1 asoci\u00e1cia\",\"isPartOf\":{\"@id\":\"https:\/\/www.srsa.sk\/#website\"},\"primaryImageOfPage\":{\"@id\":\"https:\/\/www.srsa.sk\/?page_id=4921#primaryimage\"},\"image\":{\"@id\":\"https:\/\/www.srsa.sk\/?page_id=4921#primaryimage\"},\"thumbnailUrl\":\"https:\/\/www.srsa.sk\/wp-content\/uploads\/2026\/01\/EC26-logo.png\",\"datePublished\":\"2026-01-14T13:06:44+00:00\",\"dateModified\":\"2026-04-27T12:41:22+00:00\",\"breadcrumb\":{\"@id\":\"https:\/\/www.srsa.sk\/?page_id=4921#breadcrumb\"},\"inLanguage\":\"sk-SK\",\"potentialAction\":[{\"@type\":\"ReadAction\",\"target\":[\"https:\/\/www.srsa.sk\/?page_id=4921\"]}]},{\"@type\":\"ImageObject\",\"inLanguage\":\"sk-SK\",\"@id\":\"https:\/\/www.srsa.sk\/?page_id=4921#primaryimage\",\"url\":\"https:\/\/www.srsa.sk\/wp-content\/uploads\/2026\/01\/EC26-logo.png\",\"contentUrl\":\"https:\/\/www.srsa.sk\/wp-content\/uploads\/2026\/01\/EC26-logo.png\"},{\"@type\":\"BreadcrumbList\",\"@id\":\"https:\/\/www.srsa.sk\/?page_id=4921#breadcrumb\",\"itemListElement\":[{\"@type\":\"ListItem\",\"position\":1,\"name\":\"Home\",\"item\":\"https:\/\/www.srsa.sk\/\"},{\"@type\":\"ListItem\",\"position\":2,\"name\":\"Majstrovstv\u00e1 Eur\u00f3py 2026\"}]},{\"@type\":\"WebSite\",\"@id\":\"https:\/\/www.srsa.sk\/#website\",\"url\":\"https:\/\/www.srsa.sk\/\",\"name\":\"Slovensk\u00e1 rope skippingov\u00e1 asoci\u00e1cia\",\"description\":\"...tam, kde kon\u010d\u00ed sk\u00e1kanie cez \u0161vihadlo, za\u010d\u00edna rope skipping\",\"potentialAction\":[{\"@type\":\"SearchAction\",\"target\":{\"@type\":\"EntryPoint\",\"urlTemplate\":\"https:\/\/www.srsa.sk\/?s={search_term_string}\"},\"query-input\":{\"@type\":\"PropertyValueSpecification\",\"valueRequired\":true,\"valueName\":\"search_term_string\"}}],\"inLanguage\":\"sk-SK\"}]}<\/script>\n<!-- \/ Yoast SEO plugin. -->","yoast_head_json":{"title":"Majstrovstv\u00e1 Eur\u00f3py 2026 &#187; Slovensk\u00e1 rope skippingov\u00e1 asoci\u00e1cia","robots":{"index":"index","follow":"follow","max-snippet":"max-snippet:-1","max-image-preview":"max-image-preview:large","max-video-preview":"max-video-preview:-1"},"canonical":"https:\/\/www.srsa.sk\/?page_id=4921","og_locale":"sk_SK","og_type":"article","og_title":"Majstrovstv\u00e1 Eur\u00f3py 2026 &#187; Slovensk\u00e1 rope skippingov\u00e1 asoci\u00e1cia","og_description":"Majstrovstv\u00e1 Eur\u00f3py 2026 v \u0161porte rope skipping sa bud\u00fa kona\u0165 v term\u00edne od 11. augusta do 17. augusta 2026 v Oslofjord Convention Center v N\u00f3rsku. Toto v\u00fdznamn\u00e9 podujatie v \u0161porte rope skipping sa sklad\u00e1 zo 4 eur\u00f3pskych \u0161ampion\u00e1tov, a&nbsp;to: Majstrovstv\u00e1 Eur\u00f3py \u2013 ME (EC \u2013 European Championships) \u2013 medzin\u00e1rodn\u00e9 podujatie v \u0161porte rope skipping \/ [&hellip;]","og_url":"https:\/\/www.srsa.sk\/?page_id=4921","og_site_name":"Slovensk\u00e1 rope skippingov\u00e1 asoci\u00e1cia","article_modified_time":"2026-04-27T12:41:22+00:00","og_image":[{"width":1024,"height":507,"url":"https:\/\/www.srsa.sk\/wp-content\/uploads\/2026\/01\/EC26-logo.png","type":"image\/png"}],"twitter_card":"summary_large_image","twitter_misc":{"Predpokladan\u00fd \u010das \u010d\u00edtania":"2 min\u00faty"},"schema":{"@context":"https:\/\/schema.org","@graph":[{"@type":"WebPage","@id":"https:\/\/www.srsa.sk\/?page_id=4921","url":"https:\/\/www.srsa.sk\/?page_id=4921","name":"Majstrovstv\u00e1 Eur\u00f3py 2026 &#187; Slovensk\u00e1 rope skippingov\u00e1 asoci\u00e1cia","isPartOf":{"@id":"https:\/\/www.srsa.sk\/#website"},"primaryImageOfPage":{"@id":"https:\/\/www.srsa.sk\/?page_id=4921#primaryimage"},"image":{"@id":"https:\/\/www.srsa.sk\/?page_id=4921#primaryimage"},"thumbnailUrl":"https:\/\/www.srsa.sk\/wp-content\/uploads\/2026\/01\/EC26-logo.png","datePublished":"2026-01-14T13:06:44+00:00","dateModified":"2026-04-27T12:41:22+00:00","breadcrumb":{"@id":"https:\/\/www.srsa.sk\/?page_id=4921#breadcrumb"},"inLanguage":"sk-SK","potentialAction":[{"@type":"ReadAction","target":["https:\/\/www.srsa.sk\/?page_id=4921"]}]},{"@type":"ImageObject","inLanguage":"sk-SK","@id":"https:\/\/www.srsa.sk\/?page_id=4921#primaryimage","url":"https:\/\/www.srsa.sk\/wp-content\/uploads\/2026\/01\/EC26-logo.png","contentUrl":"https:\/\/www.srsa.sk\/wp-content\/uploads\/2026\/01\/EC26-logo.png"},{"@type":"BreadcrumbList","@id":"https:\/\/www.srsa.sk\/?page_id=4921#breadcrumb","itemListElement":[{"@type":"ListItem","position":1,"name":"Home","item":"https:\/\/www.srsa.sk\/"},{"@type":"ListItem","position":2,"name":"Majstrovstv\u00e1 Eur\u00f3py 2026"}]},{"@type":"WebSite","@id":"https:\/\/www.srsa.sk\/#website","url":"https:\/\/www.srsa.sk\/","name":"Slovensk\u00e1 rope skippingov\u00e1 asoci\u00e1cia","description":"...tam, kde kon\u010d\u00ed sk\u00e1kanie cez \u0161vihadlo, za\u010d\u00edna rope skipping","potentialAction":[{"@type":"SearchAction","target":{"@type":"EntryPoint","urlTemplate":"https:\/\/www.srsa.sk\/?s={search_term_string}"},"query-input":{"@type":"PropertyValueSpecification","valueRequired":true,"valueName":"search_term_string"}}],"inLanguage":"sk-SK"}]}},"_links":{"self":[{"href":"https:\/\/www.srsa.sk\/index.php?rest_route=\/wp\/v2\/pages\/4921","targetHints":{"allow":["GET"]}}],"collection":[{"href":"https:\/\/www.srsa.sk\/index.php?rest_route=\/wp\/v2\/pages"}],"about":[{"href":"https:\/\/www.srsa.sk\/index.php?rest_route=\/wp\/v2\/types\/page"}],"author":[{"embeddable":true,"href":"https:\/\/www.srsa.sk\/index.php?rest_route=\/wp\/v2\/users\/5"}],"replies":[{"embeddable":true,"href":"https:\/\/www.srsa.sk\/index.php?rest_route=%2Fwp%2Fv2%2Fcomments&post=4921"}],"version-history":[{"count":5,"href":"https:\/\/www.srsa.sk\/index.php?rest_route=\/wp\/v2\/pages\/4921\/revisions"}],"predecessor-version":[{"id":5055,"href":"https:\/\/www.srsa.sk\/index.php?rest_route=\/wp\/v2\/pages\/4921\/revisions\/5055"}],"wp:attachment":[{"href":"https:\/\/www.srsa.sk\/index.php?rest_route=%2Fwp%2Fv2%2Fmedia&parent=4921"}],"curies":[{"name":"wp","href":"https:\/\/api.w.org\/{rel}","templated":true}]}}