{"id":4736,"date":"2024-03-25T14:49:39","date_gmt":"2024-03-25T13:49:39","guid":{"rendered":"https:\/\/www.srsa.sk\/?page_id=4736"},"modified":"2024-04-29T12:46:09","modified_gmt":"2024-04-29T11:46:09","slug":"vysledky-zo-sutazi-2024","status":"publish","type":"page","link":"https:\/\/www.srsa.sk\/?page_id=4736","title":{"rendered":"V\u00fdsledky zo s\u00fa\u0165a\u017e\u00ed 2024"},"content":{"rendered":"\n<p>V\u00fdsledky zo s\u00fa\u0165a\u017e\u00ed v roku 2023 v \u0161porte rope skipping, si m\u00f4\u017eete pozrie\u0165 priamo na tejto str\u00e1nke. <\/p>\n\n\n\n<p><\/p>\n\n\n\n<p><\/p>\n\n\n\n<blockquote class=\"wp-block-quote is-layout-flow wp-block-quote-is-layout-flow\">\n<p class=\"has-medium-font-size\"><strong>BRATISLAVA ROPE SKIPPING CUP 2024<\/strong><\/p>\n<\/blockquote>\n\n\n\n<p><\/p>\n\n\n\n<blockquote class=\"wp-block-quote is-layout-flow wp-block-quote-is-layout-flow\">\n<p class=\"has-medium-font-size\"><strong><a href=\"https:\/\/www.srsa.sk\/?p=4751\" target=\"_blank\" rel=\"noreferrer noopener\">Majstrovstv\u00e1 Slovenskej republiky 2024<\/a><\/strong><\/p>\n<\/blockquote>\n","protected":false},"excerpt":{"rendered":"<p>V\u00fdsledky zo s\u00fa\u0165a\u017e\u00ed v roku 2023 v \u0161porte rope skipping, si m\u00f4\u017eete pozrie\u0165 priamo na tejto str\u00e1nke. BRATISLAVA ROPE SKIPPING CUP 2024 Majstrovstv\u00e1 Slovenskej republiky 2024<\/p>\n","protected":false},"author":1,"featured_media":0,"parent":0,"menu_order":0,"comment_status":"closed","ping_status":"closed","template":"","meta":{"footnotes":""},"class_list":["post-4736","page","type-page","status-publish","hentry"],"yoast_head":"<!-- This site is optimized with the Yoast SEO plugin v26.8 - https:\/\/yoast.com\/product\/yoast-seo-wordpress\/ -->\n<title>V\u00fdsledky zo s\u00fa\u0165a\u017e\u00ed 2024 &#187; Slovensk\u00e1 rope skippingov\u00e1 asoci\u00e1cia<\/title>\n<meta name=\"robots\" content=\"index, follow, max-snippet:-1, max-image-preview:large, max-video-preview:-1\" \/>\n<link rel=\"canonical\" href=\"https:\/\/www.srsa.sk\/?page_id=4736\" \/>\n<meta property=\"og:locale\" content=\"sk_SK\" \/>\n<meta property=\"og:type\" content=\"article\" \/>\n<meta property=\"og:title\" content=\"V\u00fdsledky zo s\u00fa\u0165a\u017e\u00ed 2024 &#187; Slovensk\u00e1 rope skippingov\u00e1 asoci\u00e1cia\" \/>\n<meta property=\"og:description\" content=\"V\u00fdsledky zo s\u00fa\u0165a\u017e\u00ed v roku 2023 v \u0161porte rope skipping, si m\u00f4\u017eete pozrie\u0165 priamo na tejto str\u00e1nke. BRATISLAVA ROPE SKIPPING CUP 2024 Majstrovstv\u00e1 Slovenskej republiky 2024\" \/>\n<meta property=\"og:url\" content=\"https:\/\/www.srsa.sk\/?page_id=4736\" \/>\n<meta property=\"og:site_name\" content=\"Slovensk\u00e1 rope skippingov\u00e1 asoci\u00e1cia\" \/>\n<meta property=\"article:modified_time\" content=\"2024-04-29T11:46:09+00:00\" \/>\n<meta name=\"twitter:card\" content=\"summary_large_image\" \/>\n<meta name=\"twitter:label1\" content=\"Predpokladan\u00fd \u010das \u010d\u00edtania\" \/>\n\t<meta name=\"twitter:data1\" content=\"1 min\u00fata\" \/>\n<script type=\"application\/ld+json\" class=\"yoast-schema-graph\">{\"@context\":\"https:\/\/schema.org\",\"@graph\":[{\"@type\":\"WebPage\",\"@id\":\"https:\/\/www.srsa.sk\/?page_id=4736\",\"url\":\"https:\/\/www.srsa.sk\/?page_id=4736\",\"name\":\"V\u00fdsledky zo s\u00fa\u0165a\u017e\u00ed 2024 &#187; Slovensk\u00e1 rope skippingov\u00e1 asoci\u00e1cia\",\"isPartOf\":{\"@id\":\"https:\/\/www.srsa.sk\/#website\"},\"datePublished\":\"2024-03-25T13:49:39+00:00\",\"dateModified\":\"2024-04-29T11:46:09+00:00\",\"breadcrumb\":{\"@id\":\"https:\/\/www.srsa.sk\/?page_id=4736#breadcrumb\"},\"inLanguage\":\"sk-SK\",\"potentialAction\":[{\"@type\":\"ReadAction\",\"target\":[\"https:\/\/www.srsa.sk\/?page_id=4736\"]}]},{\"@type\":\"BreadcrumbList\",\"@id\":\"https:\/\/www.srsa.sk\/?page_id=4736#breadcrumb\",\"itemListElement\":[{\"@type\":\"ListItem\",\"position\":1,\"name\":\"Home\",\"item\":\"https:\/\/www.srsa.sk\/\"},{\"@type\":\"ListItem\",\"position\":2,\"name\":\"V\u00fdsledky zo s\u00fa\u0165a\u017e\u00ed 2024\"}]},{\"@type\":\"WebSite\",\"@id\":\"https:\/\/www.srsa.sk\/#website\",\"url\":\"https:\/\/www.srsa.sk\/\",\"name\":\"Slovensk\u00e1 rope skippingov\u00e1 asoci\u00e1cia\",\"description\":\"...tam, kde kon\u010d\u00ed sk\u00e1kanie cez \u0161vihadlo, za\u010d\u00edna rope skipping\",\"potentialAction\":[{\"@type\":\"SearchAction\",\"target\":{\"@type\":\"EntryPoint\",\"urlTemplate\":\"https:\/\/www.srsa.sk\/?s={search_term_string}\"},\"query-input\":{\"@type\":\"PropertyValueSpecification\",\"valueRequired\":true,\"valueName\":\"search_term_string\"}}],\"inLanguage\":\"sk-SK\"}]}<\/script>\n<!-- \/ Yoast SEO plugin. -->","yoast_head_json":{"title":"V\u00fdsledky zo s\u00fa\u0165a\u017e\u00ed 2024 &#187; Slovensk\u00e1 rope skippingov\u00e1 asoci\u00e1cia","robots":{"index":"index","follow":"follow","max-snippet":"max-snippet:-1","max-image-preview":"max-image-preview:large","max-video-preview":"max-video-preview:-1"},"canonical":"https:\/\/www.srsa.sk\/?page_id=4736","og_locale":"sk_SK","og_type":"article","og_title":"V\u00fdsledky zo s\u00fa\u0165a\u017e\u00ed 2024 &#187; Slovensk\u00e1 rope skippingov\u00e1 asoci\u00e1cia","og_description":"V\u00fdsledky zo s\u00fa\u0165a\u017e\u00ed v roku 2023 v \u0161porte rope skipping, si m\u00f4\u017eete pozrie\u0165 priamo na tejto str\u00e1nke. BRATISLAVA ROPE SKIPPING CUP 2024 Majstrovstv\u00e1 Slovenskej republiky 2024","og_url":"https:\/\/www.srsa.sk\/?page_id=4736","og_site_name":"Slovensk\u00e1 rope skippingov\u00e1 asoci\u00e1cia","article_modified_time":"2024-04-29T11:46:09+00:00","twitter_card":"summary_large_image","twitter_misc":{"Predpokladan\u00fd \u010das \u010d\u00edtania":"1 min\u00fata"},"schema":{"@context":"https:\/\/schema.org","@graph":[{"@type":"WebPage","@id":"https:\/\/www.srsa.sk\/?page_id=4736","url":"https:\/\/www.srsa.sk\/?page_id=4736","name":"V\u00fdsledky zo s\u00fa\u0165a\u017e\u00ed 2024 &#187; Slovensk\u00e1 rope skippingov\u00e1 asoci\u00e1cia","isPartOf":{"@id":"https:\/\/www.srsa.sk\/#website"},"datePublished":"2024-03-25T13:49:39+00:00","dateModified":"2024-04-29T11:46:09+00:00","breadcrumb":{"@id":"https:\/\/www.srsa.sk\/?page_id=4736#breadcrumb"},"inLanguage":"sk-SK","potentialAction":[{"@type":"ReadAction","target":["https:\/\/www.srsa.sk\/?page_id=4736"]}]},{"@type":"BreadcrumbList","@id":"https:\/\/www.srsa.sk\/?page_id=4736#breadcrumb","itemListElement":[{"@type":"ListItem","position":1,"name":"Home","item":"https:\/\/www.srsa.sk\/"},{"@type":"ListItem","position":2,"name":"V\u00fdsledky zo s\u00fa\u0165a\u017e\u00ed 2024"}]},{"@type":"WebSite","@id":"https:\/\/www.srsa.sk\/#website","url":"https:\/\/www.srsa.sk\/","name":"Slovensk\u00e1 rope skippingov\u00e1 asoci\u00e1cia","description":"...tam, kde kon\u010d\u00ed sk\u00e1kanie cez \u0161vihadlo, za\u010d\u00edna rope skipping","potentialAction":[{"@type":"SearchAction","target":{"@type":"EntryPoint","urlTemplate":"https:\/\/www.srsa.sk\/?s={search_term_string}"},"query-input":{"@type":"PropertyValueSpecification","valueRequired":true,"valueName":"search_term_string"}}],"inLanguage":"sk-SK"}]}},"_links":{"self":[{"href":"https:\/\/www.srsa.sk\/index.php?rest_route=\/wp\/v2\/pages\/4736","targetHints":{"allow":["GET"]}}],"collection":[{"href":"https:\/\/www.srsa.sk\/index.php?rest_route=\/wp\/v2\/pages"}],"about":[{"href":"https:\/\/www.srsa.sk\/index.php?rest_route=\/wp\/v2\/types\/page"}],"author":[{"embeddable":true,"href":"https:\/\/www.srsa.sk\/index.php?rest_route=\/wp\/v2\/users\/1"}],"replies":[{"embeddable":true,"href":"https:\/\/www.srsa.sk\/index.php?rest_route=%2Fwp%2Fv2%2Fcomments&post=4736"}],"version-history":[{"count":6,"href":"https:\/\/www.srsa.sk\/index.php?rest_route=\/wp\/v2\/pages\/4736\/revisions"}],"predecessor-version":[{"id":4764,"href":"https:\/\/www.srsa.sk\/index.php?rest_route=\/wp\/v2\/pages\/4736\/revisions\/4764"}],"wp:attachment":[{"href":"https:\/\/www.srsa.sk\/index.php?rest_route=%2Fwp%2Fv2%2Fmedia&parent=4736"}],"curies":[{"name":"wp","href":"https:\/\/api.w.org\/{rel}","templated":true}]}}