{"id":4616,"date":"2023-08-30T00:00:44","date_gmt":"2023-08-29T23:00:44","guid":{"rendered":"https:\/\/www.srsa.sk\/?page_id=4616"},"modified":"2024-03-25T14:54:25","modified_gmt":"2024-03-25T13:54:25","slug":"vysledky-zo-sutazi-v-roku-2023","status":"publish","type":"page","link":"https:\/\/www.srsa.sk\/?page_id=4616","title":{"rendered":"V\u00fdsledky zo s\u00fa\u0165a\u017e\u00ed v roku 2023"},"content":{"rendered":"\n<p><\/p>\n\n\n\n<figure class=\"wp-block-image size-full is-resized\"><a href=\"https:\/\/www.srsa.sk\/wp-content\/uploads\/2023\/08\/vysledky-zo-sutazi-v-roku-2023.jpg\"><img loading=\"lazy\" decoding=\"async\" src=\"https:\/\/www.srsa.sk\/wp-content\/uploads\/2023\/08\/vysledky-zo-sutazi-v-roku-2023.jpg\" alt=\"vysledky zo sutazi v roku 2023 rope skipping\" class=\"wp-image-4622\" width=\"838\" height=\"450\" srcset=\"https:\/\/www.srsa.sk\/wp-content\/uploads\/2023\/08\/vysledky-zo-sutazi-v-roku-2023.jpg 563w, https:\/\/www.srsa.sk\/wp-content\/uploads\/2023\/08\/vysledky-zo-sutazi-v-roku-2023-300x161.jpg 300w, https:\/\/www.srsa.sk\/wp-content\/uploads\/2023\/08\/vysledky-zo-sutazi-v-roku-2023-500x268.jpg 500w\" sizes=\"auto, (max-width: 838px) 100vw, 838px\" \/><\/a><\/figure>\n\n\n\n<p>V\u00fdsledky zo s\u00fa\u0165a\u017e\u00ed v roku 2023 v \u0161porte rope skipping, si m\u00f4\u017eete pozrie\u0165 priamo na tejto str\u00e1nke <\/p>\n\n\n\n<blockquote class=\"wp-block-quote is-layout-flow wp-block-quote-is-layout-flow\">\n<p><a href=\"https:\/\/www.srsa.sk\/?p=4535\" target=\"_blank\" rel=\"noreferrer noopener\">Majstrovstv\u00e1 Slovenskej republiky 2023<\/a><\/p>\n<\/blockquote>\n\n\n\n<p><\/p>\n\n\n\n<blockquote class=\"wp-block-quote is-layout-flow wp-block-quote-is-layout-flow\">\n<p><a href=\"https:\/\/www.srsa.sk\/?p=4524\" target=\"_blank\" rel=\"noreferrer noopener\">Mamut Cup 2023 P\u0159erov, \u010cR<\/a><\/p>\n<\/blockquote>\n\n\n\n<p><\/p>\n\n\n\n<blockquote class=\"wp-block-quote is-layout-flow wp-block-quote-is-layout-flow\">\n<p>GRAND PRIX EUROPE 2023<\/p>\n<\/blockquote>\n","protected":false},"excerpt":{"rendered":"<p>V\u00fdsledky zo s\u00fa\u0165a\u017e\u00ed v roku 2023 v \u0161porte rope skipping, si m\u00f4\u017eete pozrie\u0165 priamo na tejto str\u00e1nke Majstrovstv\u00e1 Slovenskej republiky 2023 Mamut Cup 2023 P\u0159erov, \u010cR GRAND PRIX EUROPE 2023<\/p>\n","protected":false},"author":1,"featured_media":4622,"parent":0,"menu_order":0,"comment_status":"closed","ping_status":"closed","template":"","meta":{"footnotes":""},"class_list":["post-4616","page","type-page","status-publish","has-post-thumbnail","hentry"],"yoast_head":"<!-- This site is optimized with the Yoast SEO plugin v26.8 - https:\/\/yoast.com\/product\/yoast-seo-wordpress\/ -->\n<title>V\u00fdsledky zo s\u00fa\u0165a\u017e\u00ed v roku 2023 &#187; Slovensk\u00e1 rope skippingov\u00e1 asoci\u00e1cia<\/title>\n<meta name=\"description\" content=\"V\u00fdsledky zo s\u00fa\u0165a\u017e\u00ed v \u0161porte rope skipping, ktor\u00e9 sa uskuto\u010dnili v roku 2023, si m\u00f4\u017eete pozrie\u0165 priamo na tejto str\u00e1nke n\u00e1\u0161ho webu.\" \/>\n<meta name=\"robots\" content=\"index, follow, max-snippet:-1, max-image-preview:large, max-video-preview:-1\" \/>\n<link rel=\"canonical\" href=\"https:\/\/www.srsa.sk\/?page_id=4616\" \/>\n<meta property=\"og:locale\" content=\"sk_SK\" \/>\n<meta property=\"og:type\" content=\"article\" \/>\n<meta property=\"og:title\" content=\"V\u00fdsledky zo s\u00fa\u0165a\u017e\u00ed v roku 2023 &#187; Slovensk\u00e1 rope skippingov\u00e1 asoci\u00e1cia\" \/>\n<meta property=\"og:description\" content=\"V\u00fdsledky zo s\u00fa\u0165a\u017e\u00ed v \u0161porte rope skipping, ktor\u00e9 sa uskuto\u010dnili v roku 2023, si m\u00f4\u017eete pozrie\u0165 priamo na tejto str\u00e1nke n\u00e1\u0161ho webu.\" \/>\n<meta property=\"og:url\" content=\"https:\/\/www.srsa.sk\/?page_id=4616\" \/>\n<meta property=\"og:site_name\" content=\"Slovensk\u00e1 rope skippingov\u00e1 asoci\u00e1cia\" \/>\n<meta property=\"article:modified_time\" content=\"2024-03-25T13:54:25+00:00\" \/>\n<meta property=\"og:image\" content=\"http:\/\/www.srsa.sk\/wp-content\/uploads\/2023\/08\/vysledky-zo-sutazi-v-roku-2023.jpg\" \/>\n\t<meta property=\"og:image:width\" content=\"563\" \/>\n\t<meta property=\"og:image:height\" content=\"302\" \/>\n\t<meta property=\"og:image:type\" content=\"image\/jpeg\" \/>\n<meta name=\"twitter:card\" content=\"summary_large_image\" \/>\n<meta name=\"twitter:label1\" content=\"Predpokladan\u00fd \u010das \u010d\u00edtania\" \/>\n\t<meta name=\"twitter:data1\" content=\"1 min\u00fata\" \/>\n<script type=\"application\/ld+json\" class=\"yoast-schema-graph\">{\"@context\":\"https:\/\/schema.org\",\"@graph\":[{\"@type\":\"WebPage\",\"@id\":\"https:\/\/www.srsa.sk\/?page_id=4616\",\"url\":\"https:\/\/www.srsa.sk\/?page_id=4616\",\"name\":\"V\u00fdsledky zo s\u00fa\u0165a\u017e\u00ed v roku 2023 &#187; Slovensk\u00e1 rope skippingov\u00e1 asoci\u00e1cia\",\"isPartOf\":{\"@id\":\"https:\/\/www.srsa.sk\/#website\"},\"primaryImageOfPage\":{\"@id\":\"https:\/\/www.srsa.sk\/?page_id=4616#primaryimage\"},\"image\":{\"@id\":\"https:\/\/www.srsa.sk\/?page_id=4616#primaryimage\"},\"thumbnailUrl\":\"https:\/\/www.srsa.sk\/wp-content\/uploads\/2023\/08\/vysledky-zo-sutazi-v-roku-2023.jpg\",\"datePublished\":\"2023-08-29T23:00:44+00:00\",\"dateModified\":\"2024-03-25T13:54:25+00:00\",\"description\":\"V\u00fdsledky zo s\u00fa\u0165a\u017e\u00ed v \u0161porte rope skipping, ktor\u00e9 sa uskuto\u010dnili v roku 2023, si m\u00f4\u017eete pozrie\u0165 priamo na tejto str\u00e1nke n\u00e1\u0161ho webu.\",\"breadcrumb\":{\"@id\":\"https:\/\/www.srsa.sk\/?page_id=4616#breadcrumb\"},\"inLanguage\":\"sk-SK\",\"potentialAction\":[{\"@type\":\"ReadAction\",\"target\":[\"https:\/\/www.srsa.sk\/?page_id=4616\"]}]},{\"@type\":\"ImageObject\",\"inLanguage\":\"sk-SK\",\"@id\":\"https:\/\/www.srsa.sk\/?page_id=4616#primaryimage\",\"url\":\"https:\/\/www.srsa.sk\/wp-content\/uploads\/2023\/08\/vysledky-zo-sutazi-v-roku-2023.jpg\",\"contentUrl\":\"https:\/\/www.srsa.sk\/wp-content\/uploads\/2023\/08\/vysledky-zo-sutazi-v-roku-2023.jpg\",\"width\":563,\"height\":302,\"caption\":\"vysledky zo sutazi v roku 2023 rope skipping\"},{\"@type\":\"BreadcrumbList\",\"@id\":\"https:\/\/www.srsa.sk\/?page_id=4616#breadcrumb\",\"itemListElement\":[{\"@type\":\"ListItem\",\"position\":1,\"name\":\"Home\",\"item\":\"https:\/\/www.srsa.sk\/\"},{\"@type\":\"ListItem\",\"position\":2,\"name\":\"V\u00fdsledky zo s\u00fa\u0165a\u017e\u00ed v roku 2023\"}]},{\"@type\":\"WebSite\",\"@id\":\"https:\/\/www.srsa.sk\/#website\",\"url\":\"https:\/\/www.srsa.sk\/\",\"name\":\"Slovensk\u00e1 rope skippingov\u00e1 asoci\u00e1cia\",\"description\":\"...tam, kde kon\u010d\u00ed sk\u00e1kanie cez \u0161vihadlo, za\u010d\u00edna rope skipping\",\"potentialAction\":[{\"@type\":\"SearchAction\",\"target\":{\"@type\":\"EntryPoint\",\"urlTemplate\":\"https:\/\/www.srsa.sk\/?s={search_term_string}\"},\"query-input\":{\"@type\":\"PropertyValueSpecification\",\"valueRequired\":true,\"valueName\":\"search_term_string\"}}],\"inLanguage\":\"sk-SK\"}]}<\/script>\n<!-- \/ Yoast SEO plugin. -->","yoast_head_json":{"title":"V\u00fdsledky zo s\u00fa\u0165a\u017e\u00ed v roku 2023 &#187; Slovensk\u00e1 rope skippingov\u00e1 asoci\u00e1cia","description":"V\u00fdsledky zo s\u00fa\u0165a\u017e\u00ed v \u0161porte rope skipping, ktor\u00e9 sa uskuto\u010dnili v roku 2023, si m\u00f4\u017eete pozrie\u0165 priamo na tejto str\u00e1nke n\u00e1\u0161ho webu.","robots":{"index":"index","follow":"follow","max-snippet":"max-snippet:-1","max-image-preview":"max-image-preview:large","max-video-preview":"max-video-preview:-1"},"canonical":"https:\/\/www.srsa.sk\/?page_id=4616","og_locale":"sk_SK","og_type":"article","og_title":"V\u00fdsledky zo s\u00fa\u0165a\u017e\u00ed v roku 2023 &#187; Slovensk\u00e1 rope skippingov\u00e1 asoci\u00e1cia","og_description":"V\u00fdsledky zo s\u00fa\u0165a\u017e\u00ed v \u0161porte rope skipping, ktor\u00e9 sa uskuto\u010dnili v roku 2023, si m\u00f4\u017eete pozrie\u0165 priamo na tejto str\u00e1nke n\u00e1\u0161ho webu.","og_url":"https:\/\/www.srsa.sk\/?page_id=4616","og_site_name":"Slovensk\u00e1 rope skippingov\u00e1 asoci\u00e1cia","article_modified_time":"2024-03-25T13:54:25+00:00","og_image":[{"width":563,"height":302,"url":"http:\/\/www.srsa.sk\/wp-content\/uploads\/2023\/08\/vysledky-zo-sutazi-v-roku-2023.jpg","type":"image\/jpeg"}],"twitter_card":"summary_large_image","twitter_misc":{"Predpokladan\u00fd \u010das \u010d\u00edtania":"1 min\u00fata"},"schema":{"@context":"https:\/\/schema.org","@graph":[{"@type":"WebPage","@id":"https:\/\/www.srsa.sk\/?page_id=4616","url":"https:\/\/www.srsa.sk\/?page_id=4616","name":"V\u00fdsledky zo s\u00fa\u0165a\u017e\u00ed v roku 2023 &#187; Slovensk\u00e1 rope skippingov\u00e1 asoci\u00e1cia","isPartOf":{"@id":"https:\/\/www.srsa.sk\/#website"},"primaryImageOfPage":{"@id":"https:\/\/www.srsa.sk\/?page_id=4616#primaryimage"},"image":{"@id":"https:\/\/www.srsa.sk\/?page_id=4616#primaryimage"},"thumbnailUrl":"https:\/\/www.srsa.sk\/wp-content\/uploads\/2023\/08\/vysledky-zo-sutazi-v-roku-2023.jpg","datePublished":"2023-08-29T23:00:44+00:00","dateModified":"2024-03-25T13:54:25+00:00","description":"V\u00fdsledky zo s\u00fa\u0165a\u017e\u00ed v \u0161porte rope skipping, ktor\u00e9 sa uskuto\u010dnili v roku 2023, si m\u00f4\u017eete pozrie\u0165 priamo na tejto str\u00e1nke n\u00e1\u0161ho webu.","breadcrumb":{"@id":"https:\/\/www.srsa.sk\/?page_id=4616#breadcrumb"},"inLanguage":"sk-SK","potentialAction":[{"@type":"ReadAction","target":["https:\/\/www.srsa.sk\/?page_id=4616"]}]},{"@type":"ImageObject","inLanguage":"sk-SK","@id":"https:\/\/www.srsa.sk\/?page_id=4616#primaryimage","url":"https:\/\/www.srsa.sk\/wp-content\/uploads\/2023\/08\/vysledky-zo-sutazi-v-roku-2023.jpg","contentUrl":"https:\/\/www.srsa.sk\/wp-content\/uploads\/2023\/08\/vysledky-zo-sutazi-v-roku-2023.jpg","width":563,"height":302,"caption":"vysledky zo sutazi v roku 2023 rope skipping"},{"@type":"BreadcrumbList","@id":"https:\/\/www.srsa.sk\/?page_id=4616#breadcrumb","itemListElement":[{"@type":"ListItem","position":1,"name":"Home","item":"https:\/\/www.srsa.sk\/"},{"@type":"ListItem","position":2,"name":"V\u00fdsledky zo s\u00fa\u0165a\u017e\u00ed v roku 2023"}]},{"@type":"WebSite","@id":"https:\/\/www.srsa.sk\/#website","url":"https:\/\/www.srsa.sk\/","name":"Slovensk\u00e1 rope skippingov\u00e1 asoci\u00e1cia","description":"...tam, kde kon\u010d\u00ed sk\u00e1kanie cez \u0161vihadlo, za\u010d\u00edna rope skipping","potentialAction":[{"@type":"SearchAction","target":{"@type":"EntryPoint","urlTemplate":"https:\/\/www.srsa.sk\/?s={search_term_string}"},"query-input":{"@type":"PropertyValueSpecification","valueRequired":true,"valueName":"search_term_string"}}],"inLanguage":"sk-SK"}]}},"_links":{"self":[{"href":"https:\/\/www.srsa.sk\/index.php?rest_route=\/wp\/v2\/pages\/4616","targetHints":{"allow":["GET"]}}],"collection":[{"href":"https:\/\/www.srsa.sk\/index.php?rest_route=\/wp\/v2\/pages"}],"about":[{"href":"https:\/\/www.srsa.sk\/index.php?rest_route=\/wp\/v2\/types\/page"}],"author":[{"embeddable":true,"href":"https:\/\/www.srsa.sk\/index.php?rest_route=\/wp\/v2\/users\/1"}],"replies":[{"embeddable":true,"href":"https:\/\/www.srsa.sk\/index.php?rest_route=%2Fwp%2Fv2%2Fcomments&post=4616"}],"version-history":[{"count":5,"href":"https:\/\/www.srsa.sk\/index.php?rest_route=\/wp\/v2\/pages\/4616\/revisions"}],"predecessor-version":[{"id":4744,"href":"https:\/\/www.srsa.sk\/index.php?rest_route=\/wp\/v2\/pages\/4616\/revisions\/4744"}],"wp:featuredmedia":[{"embeddable":true,"href":"https:\/\/www.srsa.sk\/index.php?rest_route=\/wp\/v2\/media\/4622"}],"wp:attachment":[{"href":"https:\/\/www.srsa.sk\/index.php?rest_route=%2Fwp%2Fv2%2Fmedia&parent=4616"}],"curies":[{"name":"wp","href":"https:\/\/api.w.org\/{rel}","templated":true}]}}