{"id":4486,"date":"2023-03-27T15:28:27","date_gmt":"2023-03-27T14:28:27","guid":{"rendered":"http:\/\/www.srsa.sk\/?page_id=4486"},"modified":"2023-03-27T15:28:28","modified_gmt":"2023-03-27T14:28:28","slug":"majstrovstva-sveta-2023","status":"publish","type":"page","link":"https:\/\/www.srsa.sk\/?page_id=4486","title":{"rendered":"Majstrovstv\u00e1 sveta 2023"},"content":{"rendered":"\n<p class=\"has-white-color has-text-color has-background\" style=\"background-color:#70b04e\"><strong>Majstrovstv\u00e1 sveta 2023 v \u0161porte rope skipping \/ jump rope je v\u00fdznamn\u00e9 podujatie, ktor\u00e9 sa kon\u00e1 ka\u017ed\u00e9 dva roky. V roku 2023 sa t\u00e1to v\u00fdznamn\u00e1 s\u00fa\u0165a\u017e bude kona\u0165 od 15.7 do 23.7.2023 v Colorado Springs, USA. <\/strong><\/p>\n\n\n\n<p><\/p>\n\n\n\n<figure class=\"wp-block-image size-full\"><a href=\"https:\/\/www.srsa.sk\/wp-content\/uploads\/2023\/03\/Majstrovstva-sveta-2023-logo-2.png\"><img loading=\"lazy\" decoding=\"async\" width=\"502\" height=\"376\" src=\"https:\/\/www.srsa.sk\/wp-content\/uploads\/2023\/03\/Majstrovstva-sveta-2023-logo-2.png\" alt=\"\" class=\"wp-image-4488\" srcset=\"https:\/\/www.srsa.sk\/wp-content\/uploads\/2023\/03\/Majstrovstva-sveta-2023-logo-2.png 502w, https:\/\/www.srsa.sk\/wp-content\/uploads\/2023\/03\/Majstrovstva-sveta-2023-logo-2-300x225.png 300w, https:\/\/www.srsa.sk\/wp-content\/uploads\/2023\/03\/Majstrovstva-sveta-2023-logo-2-401x300.png 401w\" sizes=\"auto, (max-width: 502px) 100vw, 502px\" \/><\/a><\/figure>\n\n\n\n<p>Toto v\u00fdznamn\u00e9 podujatie v \u0161porte rope skipping \/ jump rope sa sklad\u00e1 z 3 svetov\u00fdch \u0161ampion\u00e1tov, a\u00a0to:<\/p>\n\n\n\n<p><strong>Majstrovstv\u00e1 sveta (MS)<\/strong> \/<strong> World Championship (WC)<\/strong> &#8211; medzin\u00e1rodn\u00e9 podujatie v \u0161porte rope skipping \/ jump rope, ktor\u00e9 je ur\u010den\u00e9 pre \u0161portovcov vo veku od 16 rokov<\/p>\n\n\n\n<p><strong>Majstrovstv\u00e1 sveta juniorov (MSJ) \/ Junior World Championship (JWC)<\/strong> &#8211; medzin\u00e1rodn\u00e9 podujatie v \u0161porte rope skipping \/ jump rope, ktor\u00e9 je ur\u010den\u00e9 pre \u0161portovcov vo veku 12 &#8211; 15 rokov<\/p>\n\n\n\n<p><strong>Medzin\u00e1rodn\u00fd otvoren\u00fd turnaj (IOT) \u2013 International Open Tournament (IOT)<\/strong> &#8211; medzin\u00e1rodn\u00e9 podujatie, ktor\u00e9 prebieha popri Majstrovstv\u00e1ch sveta v \u0161porte rope skipping \/ jump rope ako podpora \u00fa\u010dasti viacer\u00fdch \u0161portovcov na medzin\u00e1rodnom podujat\u00ed, nako\u013eko po\u010det miest na MS a MSJ je obmedzen\u00fd<\/p>\n\n\n\n<p><strong>Double dutch Contest World (DDCW)<\/strong><\/p>\n\n\n\n<p><\/p>\n\n\n\n<p>V\u0161etci \u0161portovci, ktor\u00ed maj\u00fa z\u00e1ujem z\u00fa\u010dastni\u0165 sa MS, MSJ alebo IOT sa musia kvalifikova\u0165.<\/p>\n\n\n\n<p>Viac inform\u00e1ci\u00ed o podujat\u00ed Majstrovstv\u00e1 sveta 2023 sa dozviete v nasledovnom dokumente: <\/p>\n\n\n\n<p><\/p>\n\n\n<p><a href=\"https:\/\/www.srsa.sk\/wp-content\/uploads\/2023\/03\/IJRU-brozura-MS-2023.pdf\">IJRU brozura MS 2023<\/a><\/p>\n<p><a href=\"https:\/\/www.srsa.sk\/wp-content\/uploads\/2023\/03\/IJRU-MS-2023-informacie.pdf\">IJRU MS 2023 inform\u00e1cie<\/a><\/p>","protected":false},"excerpt":{"rendered":"<p>Majstrovstv\u00e1 sveta 2023 v \u0161porte rope skipping \/ jump rope je v\u00fdznamn\u00e9 podujatie, ktor\u00e9 sa kon\u00e1 ka\u017ed\u00e9 dva roky. V roku 2023 sa t\u00e1to v\u00fdznamn\u00e1 s\u00fa\u0165a\u017e bude kona\u0165 od 15.7 do 23.7.2023 v Colorado Springs, USA. Toto v\u00fdznamn\u00e9 podujatie v \u0161porte rope skipping \/ jump rope sa sklad\u00e1 z 3 svetov\u00fdch \u0161ampion\u00e1tov, a\u00a0to: Majstrovstv\u00e1 sveta [&hellip;]<\/p>\n","protected":false},"author":1,"featured_media":0,"parent":0,"menu_order":0,"comment_status":"closed","ping_status":"closed","template":"","meta":{"footnotes":""},"class_list":["post-4486","page","type-page","status-publish","hentry"],"yoast_head":"<!-- This site is optimized with the Yoast SEO plugin v26.8 - https:\/\/yoast.com\/product\/yoast-seo-wordpress\/ -->\n<title>Majstrovstv\u00e1 sveta 2023 &#187; Slovensk\u00e1 rope skippingov\u00e1 asoci\u00e1cia<\/title>\n<meta name=\"description\" content=\"Majstrovstv\u00e1 sveta v \u0161porte rope skipping \/ jump rope je v\u00fdznamn\u00e9 podujatie, ktor\u00e9 sa bude kona\u0165 od 15.7 do 23.7.2023 v Colorado Springs, USA\" \/>\n<meta name=\"robots\" content=\"index, follow, max-snippet:-1, max-image-preview:large, max-video-preview:-1\" \/>\n<link rel=\"canonical\" href=\"https:\/\/www.srsa.sk\/?page_id=4486\" \/>\n<meta property=\"og:locale\" content=\"sk_SK\" \/>\n<meta property=\"og:type\" content=\"article\" \/>\n<meta property=\"og:title\" content=\"Majstrovstv\u00e1 sveta 2023 &#187; Slovensk\u00e1 rope skippingov\u00e1 asoci\u00e1cia\" \/>\n<meta property=\"og:description\" content=\"Majstrovstv\u00e1 sveta v \u0161porte rope skipping \/ jump rope je v\u00fdznamn\u00e9 podujatie, ktor\u00e9 sa bude kona\u0165 od 15.7 do 23.7.2023 v Colorado Springs, USA\" \/>\n<meta property=\"og:url\" content=\"https:\/\/www.srsa.sk\/?page_id=4486\" \/>\n<meta property=\"og:site_name\" content=\"Slovensk\u00e1 rope skippingov\u00e1 asoci\u00e1cia\" \/>\n<meta property=\"article:modified_time\" content=\"2023-03-27T14:28:28+00:00\" \/>\n<meta property=\"og:image\" content=\"http:\/\/www.srsa.sk\/wp-content\/uploads\/2023\/03\/Majstrovstva-sveta-2023-logo-2.png\" \/>\n<meta name=\"twitter:card\" content=\"summary_large_image\" \/>\n<meta name=\"twitter:label1\" content=\"Predpokladan\u00fd \u010das \u010d\u00edtania\" \/>\n\t<meta name=\"twitter:data1\" content=\"2 min\u00faty\" \/>\n<script type=\"application\/ld+json\" class=\"yoast-schema-graph\">{\"@context\":\"https:\/\/schema.org\",\"@graph\":[{\"@type\":\"WebPage\",\"@id\":\"https:\/\/www.srsa.sk\/?page_id=4486\",\"url\":\"https:\/\/www.srsa.sk\/?page_id=4486\",\"name\":\"Majstrovstv\u00e1 sveta 2023 &#187; Slovensk\u00e1 rope skippingov\u00e1 asoci\u00e1cia\",\"isPartOf\":{\"@id\":\"https:\/\/www.srsa.sk\/#website\"},\"primaryImageOfPage\":{\"@id\":\"https:\/\/www.srsa.sk\/?page_id=4486#primaryimage\"},\"image\":{\"@id\":\"https:\/\/www.srsa.sk\/?page_id=4486#primaryimage\"},\"thumbnailUrl\":\"http:\/\/www.srsa.sk\/wp-content\/uploads\/2023\/03\/Majstrovstva-sveta-2023-logo-2.png\",\"datePublished\":\"2023-03-27T14:28:27+00:00\",\"dateModified\":\"2023-03-27T14:28:28+00:00\",\"description\":\"Majstrovstv\u00e1 sveta v \u0161porte rope skipping \/ jump rope je v\u00fdznamn\u00e9 podujatie, ktor\u00e9 sa bude kona\u0165 od 15.7 do 23.7.2023 v Colorado Springs, USA\",\"breadcrumb\":{\"@id\":\"https:\/\/www.srsa.sk\/?page_id=4486#breadcrumb\"},\"inLanguage\":\"sk-SK\",\"potentialAction\":[{\"@type\":\"ReadAction\",\"target\":[\"https:\/\/www.srsa.sk\/?page_id=4486\"]}]},{\"@type\":\"ImageObject\",\"inLanguage\":\"sk-SK\",\"@id\":\"https:\/\/www.srsa.sk\/?page_id=4486#primaryimage\",\"url\":\"http:\/\/www.srsa.sk\/wp-content\/uploads\/2023\/03\/Majstrovstva-sveta-2023-logo-2.png\",\"contentUrl\":\"http:\/\/www.srsa.sk\/wp-content\/uploads\/2023\/03\/Majstrovstva-sveta-2023-logo-2.png\"},{\"@type\":\"BreadcrumbList\",\"@id\":\"https:\/\/www.srsa.sk\/?page_id=4486#breadcrumb\",\"itemListElement\":[{\"@type\":\"ListItem\",\"position\":1,\"name\":\"Home\",\"item\":\"https:\/\/www.srsa.sk\/\"},{\"@type\":\"ListItem\",\"position\":2,\"name\":\"Majstrovstv\u00e1 sveta 2023\"}]},{\"@type\":\"WebSite\",\"@id\":\"https:\/\/www.srsa.sk\/#website\",\"url\":\"https:\/\/www.srsa.sk\/\",\"name\":\"Slovensk\u00e1 rope skippingov\u00e1 asoci\u00e1cia\",\"description\":\"...tam, kde kon\u010d\u00ed sk\u00e1kanie cez \u0161vihadlo, za\u010d\u00edna rope skipping\",\"potentialAction\":[{\"@type\":\"SearchAction\",\"target\":{\"@type\":\"EntryPoint\",\"urlTemplate\":\"https:\/\/www.srsa.sk\/?s={search_term_string}\"},\"query-input\":{\"@type\":\"PropertyValueSpecification\",\"valueRequired\":true,\"valueName\":\"search_term_string\"}}],\"inLanguage\":\"sk-SK\"}]}<\/script>\n<!-- \/ Yoast SEO plugin. -->","yoast_head_json":{"title":"Majstrovstv\u00e1 sveta 2023 &#187; Slovensk\u00e1 rope skippingov\u00e1 asoci\u00e1cia","description":"Majstrovstv\u00e1 sveta v \u0161porte rope skipping \/ jump rope je v\u00fdznamn\u00e9 podujatie, ktor\u00e9 sa bude kona\u0165 od 15.7 do 23.7.2023 v Colorado Springs, USA","robots":{"index":"index","follow":"follow","max-snippet":"max-snippet:-1","max-image-preview":"max-image-preview:large","max-video-preview":"max-video-preview:-1"},"canonical":"https:\/\/www.srsa.sk\/?page_id=4486","og_locale":"sk_SK","og_type":"article","og_title":"Majstrovstv\u00e1 sveta 2023 &#187; Slovensk\u00e1 rope skippingov\u00e1 asoci\u00e1cia","og_description":"Majstrovstv\u00e1 sveta v \u0161porte rope skipping \/ jump rope je v\u00fdznamn\u00e9 podujatie, ktor\u00e9 sa bude kona\u0165 od 15.7 do 23.7.2023 v Colorado Springs, USA","og_url":"https:\/\/www.srsa.sk\/?page_id=4486","og_site_name":"Slovensk\u00e1 rope skippingov\u00e1 asoci\u00e1cia","article_modified_time":"2023-03-27T14:28:28+00:00","og_image":[{"url":"http:\/\/www.srsa.sk\/wp-content\/uploads\/2023\/03\/Majstrovstva-sveta-2023-logo-2.png","type":"","width":"","height":""}],"twitter_card":"summary_large_image","twitter_misc":{"Predpokladan\u00fd \u010das \u010d\u00edtania":"2 min\u00faty"},"schema":{"@context":"https:\/\/schema.org","@graph":[{"@type":"WebPage","@id":"https:\/\/www.srsa.sk\/?page_id=4486","url":"https:\/\/www.srsa.sk\/?page_id=4486","name":"Majstrovstv\u00e1 sveta 2023 &#187; Slovensk\u00e1 rope skippingov\u00e1 asoci\u00e1cia","isPartOf":{"@id":"https:\/\/www.srsa.sk\/#website"},"primaryImageOfPage":{"@id":"https:\/\/www.srsa.sk\/?page_id=4486#primaryimage"},"image":{"@id":"https:\/\/www.srsa.sk\/?page_id=4486#primaryimage"},"thumbnailUrl":"http:\/\/www.srsa.sk\/wp-content\/uploads\/2023\/03\/Majstrovstva-sveta-2023-logo-2.png","datePublished":"2023-03-27T14:28:27+00:00","dateModified":"2023-03-27T14:28:28+00:00","description":"Majstrovstv\u00e1 sveta v \u0161porte rope skipping \/ jump rope je v\u00fdznamn\u00e9 podujatie, ktor\u00e9 sa bude kona\u0165 od 15.7 do 23.7.2023 v Colorado Springs, USA","breadcrumb":{"@id":"https:\/\/www.srsa.sk\/?page_id=4486#breadcrumb"},"inLanguage":"sk-SK","potentialAction":[{"@type":"ReadAction","target":["https:\/\/www.srsa.sk\/?page_id=4486"]}]},{"@type":"ImageObject","inLanguage":"sk-SK","@id":"https:\/\/www.srsa.sk\/?page_id=4486#primaryimage","url":"http:\/\/www.srsa.sk\/wp-content\/uploads\/2023\/03\/Majstrovstva-sveta-2023-logo-2.png","contentUrl":"http:\/\/www.srsa.sk\/wp-content\/uploads\/2023\/03\/Majstrovstva-sveta-2023-logo-2.png"},{"@type":"BreadcrumbList","@id":"https:\/\/www.srsa.sk\/?page_id=4486#breadcrumb","itemListElement":[{"@type":"ListItem","position":1,"name":"Home","item":"https:\/\/www.srsa.sk\/"},{"@type":"ListItem","position":2,"name":"Majstrovstv\u00e1 sveta 2023"}]},{"@type":"WebSite","@id":"https:\/\/www.srsa.sk\/#website","url":"https:\/\/www.srsa.sk\/","name":"Slovensk\u00e1 rope skippingov\u00e1 asoci\u00e1cia","description":"...tam, kde kon\u010d\u00ed sk\u00e1kanie cez \u0161vihadlo, za\u010d\u00edna rope skipping","potentialAction":[{"@type":"SearchAction","target":{"@type":"EntryPoint","urlTemplate":"https:\/\/www.srsa.sk\/?s={search_term_string}"},"query-input":{"@type":"PropertyValueSpecification","valueRequired":true,"valueName":"search_term_string"}}],"inLanguage":"sk-SK"}]}},"_links":{"self":[{"href":"https:\/\/www.srsa.sk\/index.php?rest_route=\/wp\/v2\/pages\/4486","targetHints":{"allow":["GET"]}}],"collection":[{"href":"https:\/\/www.srsa.sk\/index.php?rest_route=\/wp\/v2\/pages"}],"about":[{"href":"https:\/\/www.srsa.sk\/index.php?rest_route=\/wp\/v2\/types\/page"}],"author":[{"embeddable":true,"href":"https:\/\/www.srsa.sk\/index.php?rest_route=\/wp\/v2\/users\/1"}],"replies":[{"embeddable":true,"href":"https:\/\/www.srsa.sk\/index.php?rest_route=%2Fwp%2Fv2%2Fcomments&post=4486"}],"version-history":[{"count":1,"href":"https:\/\/www.srsa.sk\/index.php?rest_route=\/wp\/v2\/pages\/4486\/revisions"}],"predecessor-version":[{"id":4489,"href":"https:\/\/www.srsa.sk\/index.php?rest_route=\/wp\/v2\/pages\/4486\/revisions\/4489"}],"wp:attachment":[{"href":"https:\/\/www.srsa.sk\/index.php?rest_route=%2Fwp%2Fv2%2Fmedia&parent=4486"}],"curies":[{"name":"wp","href":"https:\/\/api.w.org\/{rel}","templated":true}]}}