{"id":4268,"date":"2023-01-29T23:28:00","date_gmt":"2023-01-29T22:28:00","guid":{"rendered":"http:\/\/www.srsa.sk\/?page_id=4268"},"modified":"2026-01-20T02:03:41","modified_gmt":"2026-01-20T01:03:41","slug":"erso-show-contest","status":"publish","type":"page","link":"https:\/\/www.srsa.sk\/?page_id=4268","title":{"rendered":"ERSO SHOW CONTEST"},"content":{"rendered":"\n<p class=\"has-white-color has-text-color has-background\" style=\"background-color:#70b04e\">Majstrovstv\u00e1 Eur\u00f3py v show discipl\u00edne v \u0161porte rope skipping pod n\u00e1zvom ERSO SHOW CONTEST je medzin\u00e1rodn\u00e1 s\u00fa\u0165a\u017e, ktor\u00fa organizuje Eur\u00f3pska rope skippingov\u00e1 organiz\u00e1cia (ERSO) ka\u017ed\u00e9 dva roky.<\/p>\n\n\n\n<p>Ka\u017ed\u00e9 dva roky organizuje ERSO eur\u00f3psku s\u00fa\u0165a\u017e v show discipl\u00edne, \u010d\u00edm sa \u0161port rope skipping st\u00e1va zauj\u00edmavej\u0161\u00edm pre verejnos\u0165. S\u00fa\u0165a\u017e ERSO SHOW CONTEST putuje po Eur\u00f3pe a ka\u017ed\u00e9 dva roky sa ods\u00fahlasuje krajina, ktor\u00e1 bude organiz\u00e1torom.<\/p>\n\n\n\n<p>V roku 2018 sa t\u00e1to medzin\u00e1rodn\u00e1 s\u00fa\u0165a\u017e konala u n\u00e1s na Slovensku v Bratislave pod organiza\u010dnou taktovkou na\u0161ej organiz\u00e1cie. Organizovan\u00edm tohto eur\u00f3pskeho podujatia z\u00edskala pochvaly a re\u0161pekt eur\u00f3pskych kraj\u00edn. O priebehu tejto eur\u00f3pskej s\u00fa\u0165a\u017ee, ktor\u00e1 sa konala v Bratislave sa m\u00f4\u017eete do\u010d\u00edta\u0165 tu: <a href=\"https:\/\/www.srsa.sk\/?p=1628\" target=\"_blank\" rel=\"noreferrer noopener\">ERSO SHOW CONTEST 2018<\/a>.<\/p>\n\n\n\n<p>T\u00e1to eur\u00f3pska s\u00fa\u0165a\u017e je ve\u013ekolep\u00e1 a zauj\u00edmav\u00e1 a nes\u00fa\u0165a\u017e\u00ed sa v r\u00fdchlostn\u00fdch discipl\u00ednach, ale v choreografi\u00e1ch na hudbu so \u0161vihadlami.<\/p>\n\n\n\n<p>Choreografia sk\u00e1kania cez \u0161vihadlo nesmie by\u0165 dlh\u0161ia ako 4 min\u00faty a team sa m\u00f4\u017ee sklada\u0165 zo 4 a\u017e 6 s\u00fa\u0165a\u017eiacich. S\u00fa\u0165a\u017eiaci musia splni\u0165 vekov\u00fa podmienku pre dan\u00fd s\u00fa\u0165a\u017en\u00fd rok.<\/p>\n\n\n\n<p><strong>HARMONOGRAM S\u00da\u0164A\u017dE<\/strong><\/p>\n\n\n\n<p>S\u00fa\u0165a\u017e sa kon\u00e1 spravidla v novembri dan\u00e9ho roku, no nie je to podmienkou. Spravidla b\u00fdva nasledovn\u00fd pribli\u017en\u00fd harmonogram:<\/p>\n\n\n\n<p><strong>Piatok <\/strong>&#8211; pr\u00edchod (ve\u010dera) <\/p>\n\n\n\n<p><strong>Sobota <\/strong>&#8211; doobeda p\u00f3diov\u00e9 sk\u00fa\u0161ky, poobede s\u00fa\u0165a\u017e (ra\u0148ajky, obed, ve\u010dera)<\/p>\n\n\n\n<p><strong>Nede\u013ea <\/strong>&#8211; odchod<\/p>\n\n\n\n<p><\/p>\n\n\n\n<p>Viac inform\u00e1ci\u00ed o s\u00fa\u0165a\u017ei sa dozviete v propoz\u00edci\u00e1ch, ktor\u00e9 bud\u00fa vydan\u00e9 pre dan\u00fd s\u00fa\u0165a\u017en\u00fd rok, najbli\u017e\u0161ie v roku 2027. <\/p>\n\n\n\n<p>&nbsp;<\/p>\n\n\n\n<p>Pravidl\u00e1 tejto s\u00fa\u0165a\u017ee ako aj s\u00fa\u0165a\u017en\u00fd manu\u00e1l si m\u00f4\u017eete stiahnu\u0165 tu:<\/p>\n\n\n\n<div class=\"wp-block-file\"><a id=\"wp-block-file--media-bbe7cb90-f994-4646-8c5d-871de9d26095\" href=\"https:\/\/www.srsa.sk\/wp-content\/uploads\/2026\/01\/European-Show-Contest-Rules-Judging-Manual-April-2025-1.pdf\">European-Show-Contest-Rules-Judging-Manual-April-2025<\/a><a href=\"https:\/\/www.srsa.sk\/wp-content\/uploads\/2026\/01\/European-Show-Contest-Rules-Judging-Manual-April-2025-1.pdf\" class=\"wp-block-file__button wp-element-button\" download aria-describedby=\"wp-block-file--media-bbe7cb90-f994-4646-8c5d-871de9d26095\">Stiahnu\u0165<\/a><\/div>\n\n\n\n<p><\/p>\n\n\n\n<div class=\"wp-block-file\"><a id=\"wp-block-file--media-d09c7e07-8428-4b3b-9234-9794979bf931\" href=\"https:\/\/www.srsa.sk\/wp-content\/uploads\/2026\/01\/European-Show-Contest-Rules-Competition-Manual-April-2025-1.pdf\">European-Show-Contest-Rules-Competition-Manual-April-2025-1<\/a><a href=\"https:\/\/www.srsa.sk\/wp-content\/uploads\/2026\/01\/European-Show-Contest-Rules-Competition-Manual-April-2025-1.pdf\" class=\"wp-block-file__button wp-element-button\" download aria-describedby=\"wp-block-file--media-d09c7e07-8428-4b3b-9234-9794979bf931\">Stiahnu\u0165<\/a><\/div>\n\n\n\n<p><\/p>\n\n\n\n<p><\/p>\n\n\n\n<p><\/p>\n\n\n\n<p><\/p>\n\n\n\n<p><\/p>\n\n\n\n<p>Viac o jednotliv\u00fdch ro\u010dn\u00edkoch s \u00fa\u010das\u0165ou slovenskej reprezent\u00e1cie sa dozviete kliknut\u00edm na ni\u017e\u0161ie uveden\u00e9 linky:<\/p>\n\n\n\n<blockquote class=\"wp-block-quote is-style-default is-layout-flow wp-block-quote-is-layout-flow\">\n<p><a href=\"https:\/\/www.srsa.sk\/?p=1628\" target=\"_blank\" rel=\"noreferrer noopener\">ERSO SHOW CONTEST 2018  Bratislava, Slovensko<\/a><\/p>\n<\/blockquote>\n\n\n\n<blockquote class=\"wp-block-quote is-style-default is-layout-flow wp-block-quote-is-layout-flow\">\n<p><a aria-label=\"Majstrovstv\u00e1 Slovenskej republiky 2018 (opens in a new tab)\" href=\"https:\/\/www.srsa.sk\/?p=1164\" target=\"_blank\" rel=\"noreferrer noopener\">ERSO SHOW CONTEST 2016 Praha, \u010cesk\u00e1 republika<\/a><\/p>\n<\/blockquote>\n\n\n\n<blockquote class=\"wp-block-quote is-style-large is-layout-flow wp-block-quote-is-layout-flow\"><\/blockquote>\n\n\n\n<p><\/p>\n\n\n\n<p><\/p>\n\n\n\n<blockquote class=\"wp-block-quote is-style-large is-layout-flow wp-block-quote-is-layout-flow\">\n<p class=\"has-text-align-center\"><strong>Sledujte soci\u00e1lne siete:<\/strong> <\/p>\n\n\n\n<p class=\"has-text-align-center\">Instagram:  <a rel=\"noreferrer noopener\" href=\"https:\/\/www.instagram.com\/ropeskippingslovakia\/\" target=\"_blank\">Rope skipping Slovakia <\/a>  <\/p>\n\n\n\n<p class=\"has-text-align-center\">Facebook: <a rel=\"noreferrer noopener\" href=\"https:\/\/www.facebook.com\/Slovenska-rope-skippingova-asociacia-677315282404952\/\" target=\"_blank\">Slovensk\u00e1 rope skippingov\u00e1 asoci\u00e1cia<\/a><\/p>\n<\/blockquote>\n","protected":false},"excerpt":{"rendered":"<p>Majstrovstv\u00e1 Eur\u00f3py v show discipl\u00edne v \u0161porte rope skipping pod n\u00e1zvom ERSO SHOW CONTEST je medzin\u00e1rodn\u00e1 s\u00fa\u0165a\u017e, ktor\u00fa organizuje Eur\u00f3pska rope skippingov\u00e1 organiz\u00e1cia (ERSO) ka\u017ed\u00e9 dva roky. Ka\u017ed\u00e9 dva roky organizuje ERSO eur\u00f3psku s\u00fa\u0165a\u017e v show discipl\u00edne, \u010d\u00edm sa \u0161port rope skipping st\u00e1va zauj\u00edmavej\u0161\u00edm pre verejnos\u0165. S\u00fa\u0165a\u017e ERSO SHOW CONTEST putuje po Eur\u00f3pe a ka\u017ed\u00e9 [&hellip;]<\/p>\n","protected":false},"author":1,"featured_media":0,"parent":0,"menu_order":0,"comment_status":"closed","ping_status":"closed","template":"","meta":{"footnotes":""},"class_list":["post-4268","page","type-page","status-publish","hentry"],"yoast_head":"<!-- This site is optimized with the Yoast SEO plugin v26.8 - https:\/\/yoast.com\/product\/yoast-seo-wordpress\/ -->\n<title>ERSO SHOW CONTEST &#187; Slovensk\u00e1 rope skippingov\u00e1 asoci\u00e1cia<\/title>\n<meta name=\"description\" content=\"ERSO Show Contest s\u00fa majstrovstv\u00e1 Eur\u00f3py v show discipl\u00edne, ktor\u00fa organizuje Eur\u00f3pska rope skippingov\u00e1 organiz\u00e1cia (ERSO) ka\u017ed\u00e9 dva roky.\" \/>\n<meta name=\"robots\" content=\"index, follow, max-snippet:-1, max-image-preview:large, max-video-preview:-1\" \/>\n<link rel=\"canonical\" href=\"https:\/\/www.srsa.sk\/?page_id=4268\" \/>\n<meta property=\"og:locale\" content=\"sk_SK\" \/>\n<meta property=\"og:type\" content=\"article\" \/>\n<meta property=\"og:title\" content=\"ERSO SHOW CONTEST &#187; Slovensk\u00e1 rope skippingov\u00e1 asoci\u00e1cia\" \/>\n<meta property=\"og:description\" content=\"ERSO Show Contest s\u00fa majstrovstv\u00e1 Eur\u00f3py v show discipl\u00edne, ktor\u00fa organizuje Eur\u00f3pska rope skippingov\u00e1 organiz\u00e1cia (ERSO) ka\u017ed\u00e9 dva roky.\" \/>\n<meta property=\"og:url\" content=\"https:\/\/www.srsa.sk\/?page_id=4268\" \/>\n<meta property=\"og:site_name\" content=\"Slovensk\u00e1 rope skippingov\u00e1 asoci\u00e1cia\" \/>\n<meta property=\"article:modified_time\" content=\"2026-01-20T01:03:41+00:00\" \/>\n<meta name=\"twitter:card\" content=\"summary_large_image\" \/>\n<meta name=\"twitter:label1\" content=\"Predpokladan\u00fd \u010das \u010d\u00edtania\" \/>\n\t<meta name=\"twitter:data1\" content=\"2 min\u00faty\" \/>\n<script type=\"application\/ld+json\" class=\"yoast-schema-graph\">{\"@context\":\"https:\/\/schema.org\",\"@graph\":[{\"@type\":\"WebPage\",\"@id\":\"https:\/\/www.srsa.sk\/?page_id=4268\",\"url\":\"https:\/\/www.srsa.sk\/?page_id=4268\",\"name\":\"ERSO SHOW CONTEST &#187; Slovensk\u00e1 rope skippingov\u00e1 asoci\u00e1cia\",\"isPartOf\":{\"@id\":\"https:\/\/www.srsa.sk\/#website\"},\"datePublished\":\"2023-01-29T22:28:00+00:00\",\"dateModified\":\"2026-01-20T01:03:41+00:00\",\"description\":\"ERSO Show Contest s\u00fa majstrovstv\u00e1 Eur\u00f3py v show discipl\u00edne, ktor\u00fa organizuje Eur\u00f3pska rope skippingov\u00e1 organiz\u00e1cia (ERSO) ka\u017ed\u00e9 dva roky.\",\"breadcrumb\":{\"@id\":\"https:\/\/www.srsa.sk\/?page_id=4268#breadcrumb\"},\"inLanguage\":\"sk-SK\",\"potentialAction\":[{\"@type\":\"ReadAction\",\"target\":[\"https:\/\/www.srsa.sk\/?page_id=4268\"]}]},{\"@type\":\"BreadcrumbList\",\"@id\":\"https:\/\/www.srsa.sk\/?page_id=4268#breadcrumb\",\"itemListElement\":[{\"@type\":\"ListItem\",\"position\":1,\"name\":\"Home\",\"item\":\"https:\/\/www.srsa.sk\/\"},{\"@type\":\"ListItem\",\"position\":2,\"name\":\"ERSO SHOW CONTEST\"}]},{\"@type\":\"WebSite\",\"@id\":\"https:\/\/www.srsa.sk\/#website\",\"url\":\"https:\/\/www.srsa.sk\/\",\"name\":\"Slovensk\u00e1 rope skippingov\u00e1 asoci\u00e1cia\",\"description\":\"...tam, kde kon\u010d\u00ed sk\u00e1kanie cez \u0161vihadlo, za\u010d\u00edna rope skipping\",\"potentialAction\":[{\"@type\":\"SearchAction\",\"target\":{\"@type\":\"EntryPoint\",\"urlTemplate\":\"https:\/\/www.srsa.sk\/?s={search_term_string}\"},\"query-input\":{\"@type\":\"PropertyValueSpecification\",\"valueRequired\":true,\"valueName\":\"search_term_string\"}}],\"inLanguage\":\"sk-SK\"}]}<\/script>\n<!-- \/ Yoast SEO plugin. -->","yoast_head_json":{"title":"ERSO SHOW CONTEST &#187; Slovensk\u00e1 rope skippingov\u00e1 asoci\u00e1cia","description":"ERSO Show Contest s\u00fa majstrovstv\u00e1 Eur\u00f3py v show discipl\u00edne, ktor\u00fa organizuje Eur\u00f3pska rope skippingov\u00e1 organiz\u00e1cia (ERSO) ka\u017ed\u00e9 dva roky.","robots":{"index":"index","follow":"follow","max-snippet":"max-snippet:-1","max-image-preview":"max-image-preview:large","max-video-preview":"max-video-preview:-1"},"canonical":"https:\/\/www.srsa.sk\/?page_id=4268","og_locale":"sk_SK","og_type":"article","og_title":"ERSO SHOW CONTEST &#187; Slovensk\u00e1 rope skippingov\u00e1 asoci\u00e1cia","og_description":"ERSO Show Contest s\u00fa majstrovstv\u00e1 Eur\u00f3py v show discipl\u00edne, ktor\u00fa organizuje Eur\u00f3pska rope skippingov\u00e1 organiz\u00e1cia (ERSO) ka\u017ed\u00e9 dva roky.","og_url":"https:\/\/www.srsa.sk\/?page_id=4268","og_site_name":"Slovensk\u00e1 rope skippingov\u00e1 asoci\u00e1cia","article_modified_time":"2026-01-20T01:03:41+00:00","twitter_card":"summary_large_image","twitter_misc":{"Predpokladan\u00fd \u010das \u010d\u00edtania":"2 min\u00faty"},"schema":{"@context":"https:\/\/schema.org","@graph":[{"@type":"WebPage","@id":"https:\/\/www.srsa.sk\/?page_id=4268","url":"https:\/\/www.srsa.sk\/?page_id=4268","name":"ERSO SHOW CONTEST &#187; Slovensk\u00e1 rope skippingov\u00e1 asoci\u00e1cia","isPartOf":{"@id":"https:\/\/www.srsa.sk\/#website"},"datePublished":"2023-01-29T22:28:00+00:00","dateModified":"2026-01-20T01:03:41+00:00","description":"ERSO Show Contest s\u00fa majstrovstv\u00e1 Eur\u00f3py v show discipl\u00edne, ktor\u00fa organizuje Eur\u00f3pska rope skippingov\u00e1 organiz\u00e1cia (ERSO) ka\u017ed\u00e9 dva roky.","breadcrumb":{"@id":"https:\/\/www.srsa.sk\/?page_id=4268#breadcrumb"},"inLanguage":"sk-SK","potentialAction":[{"@type":"ReadAction","target":["https:\/\/www.srsa.sk\/?page_id=4268"]}]},{"@type":"BreadcrumbList","@id":"https:\/\/www.srsa.sk\/?page_id=4268#breadcrumb","itemListElement":[{"@type":"ListItem","position":1,"name":"Home","item":"https:\/\/www.srsa.sk\/"},{"@type":"ListItem","position":2,"name":"ERSO SHOW CONTEST"}]},{"@type":"WebSite","@id":"https:\/\/www.srsa.sk\/#website","url":"https:\/\/www.srsa.sk\/","name":"Slovensk\u00e1 rope skippingov\u00e1 asoci\u00e1cia","description":"...tam, kde kon\u010d\u00ed sk\u00e1kanie cez \u0161vihadlo, za\u010d\u00edna rope skipping","potentialAction":[{"@type":"SearchAction","target":{"@type":"EntryPoint","urlTemplate":"https:\/\/www.srsa.sk\/?s={search_term_string}"},"query-input":{"@type":"PropertyValueSpecification","valueRequired":true,"valueName":"search_term_string"}}],"inLanguage":"sk-SK"}]}},"_links":{"self":[{"href":"https:\/\/www.srsa.sk\/index.php?rest_route=\/wp\/v2\/pages\/4268","targetHints":{"allow":["GET"]}}],"collection":[{"href":"https:\/\/www.srsa.sk\/index.php?rest_route=\/wp\/v2\/pages"}],"about":[{"href":"https:\/\/www.srsa.sk\/index.php?rest_route=\/wp\/v2\/types\/page"}],"author":[{"embeddable":true,"href":"https:\/\/www.srsa.sk\/index.php?rest_route=\/wp\/v2\/users\/1"}],"replies":[{"embeddable":true,"href":"https:\/\/www.srsa.sk\/index.php?rest_route=%2Fwp%2Fv2%2Fcomments&post=4268"}],"version-history":[{"count":22,"href":"https:\/\/www.srsa.sk\/index.php?rest_route=\/wp\/v2\/pages\/4268\/revisions"}],"predecessor-version":[{"id":5019,"href":"https:\/\/www.srsa.sk\/index.php?rest_route=\/wp\/v2\/pages\/4268\/revisions\/5019"}],"wp:attachment":[{"href":"https:\/\/www.srsa.sk\/index.php?rest_route=%2Fwp%2Fv2%2Fmedia&parent=4268"}],"curies":[{"name":"wp","href":"https:\/\/api.w.org\/{rel}","templated":true}]}}