{"id":4226,"date":"2022-03-30T10:42:56","date_gmt":"2022-03-30T09:42:56","guid":{"rendered":"http:\/\/www.srsa.sk\/?page_id=4226"},"modified":"2026-01-20T01:47:46","modified_gmt":"2026-01-20T00:47:46","slug":"kurz-rozhodca-level-1-2-3","status":"publish","type":"page","link":"https:\/\/www.srsa.sk\/?page_id=4226","title":{"rendered":"Kurz rozhodca &#8211; Level 1, 2, 3"},"content":{"rendered":"\n<p>Kurz rozhodca je rozdelen\u00fd na jednotliv\u00e9 \u00farovne certifik\u00e1cie. Najni\u017e\u0161ia \u00farove\u0148 je level 1, najvy\u0161\u0161\u00ed je level 3. <\/p>\n\n\n\n<p>Certifik\u00e1cia je udelen\u00e1 na z\u00e1klade sk\u00fa\u0161ok a registra \u0161portov\u00e9ho odborn\u00edka SRSA. Zabezpe\u010dujeme kvalitn\u00fa v\u00fdu\u010dbu s uzn\u00e1van\u00fdmi lektormi. <\/p>\n\n\n\n<figure class=\"wp-block-image size-large\"><a href=\"https:\/\/www.srsa.sk\/wp-content\/uploads\/2022\/03\/kurz-rozhodca-1-scaled.jpg\"><img loading=\"lazy\" decoding=\"async\" width=\"1024\" height=\"470\" src=\"https:\/\/www.srsa.sk\/wp-content\/uploads\/2022\/03\/kurz-rozhodca-1-1024x470.jpg\" alt=\"\" class=\"wp-image-4281\" srcset=\"https:\/\/www.srsa.sk\/wp-content\/uploads\/2022\/03\/kurz-rozhodca-1-1024x470.jpg 1024w, https:\/\/www.srsa.sk\/wp-content\/uploads\/2022\/03\/kurz-rozhodca-1-300x138.jpg 300w, https:\/\/www.srsa.sk\/wp-content\/uploads\/2022\/03\/kurz-rozhodca-1-768x352.jpg 768w, https:\/\/www.srsa.sk\/wp-content\/uploads\/2022\/03\/kurz-rozhodca-1-1536x704.jpg 1536w, https:\/\/www.srsa.sk\/wp-content\/uploads\/2022\/03\/kurz-rozhodca-1-2048x939.jpg 2048w, https:\/\/www.srsa.sk\/wp-content\/uploads\/2022\/03\/kurz-rozhodca-1-500x229.jpg 500w\" sizes=\"auto, (max-width: 1024px) 100vw, 1024px\" \/><\/a><\/figure>\n\n\n\n<h5 class=\"wp-block-heading\"><strong>Certifik\u00e1cia rozhodcu SRSA\/IJRU<\/strong><\/h5>\n\n\n\n<p>Ka\u017ed\u00fd certifikovan\u00fd rozhodca IJRU mus\u00ed by\u0165 registrovan\u00fd ako \u0161portov\u00fd odborn\u00edk SRSA. Bez registr\u00e1cie SRSA je kurz rozhodca na Slovensku neplatn\u00fd a nie je mo\u017en\u00e9 vykon\u00e1va\u0165 pr\u00e1cu rozhodcu. <\/p>\n\n\n\n<p>Rozhodcov del\u00edme pod\u013ea veku na pomocn\u00fdch rozhodcov (16 &#8211; 18 rokov) a rozhodcov (nad 18 rokov).<\/p>\n\n\n\n<p><\/p>\n\n\n\n<p>M\u00f4\u017eete sa sta\u0165 rozhodcom v jednej alebo viacer\u00fdch z nasleduj\u00facich sekci\u00ed:<\/p>\n\n\n\n<p>\u2022 R\u00fdchlos\u0165<\/p>\n\n\n\n<p>\u2022 Prezent\u00e1cia<\/p>\n\n\n\n<p>\u2022 Povinn\u00e9 prvky<\/p>\n\n\n\n<p>\u2022 N\u00e1ro\u010dnos\u0165<\/p>\n\n\n\n<p><\/p>\n\n\n\n<p><\/p>\n\n\n\n<p><\/p>\n\n\n\n<h5 class=\"wp-block-heading\"><strong>Najbli\u017e\u0161\u00ed kurz a \u0161kolenia:<\/strong><\/h5>\n\n\n\n<p class=\"has-vivid-red-color has-text-color has-link-color wp-elements-c9365267f914bd71ea50e5e539e3962b\"><\/p>\n\n\n\n<p>marec 2026 &#8211; Speed &#8211; online<\/p>\n\n\n\n<p>apr\u00edl 2026 &#8211; Speed &#8211; online<\/p>\n\n\n\n<p>apr\u00edl 2026 &#8211; Povinn\u00e9 prvky &#8211; online<\/p>\n\n\n\n<p>apr\u00edl 2026 &#8211; Prezent\u00e1cia &#8211; online<\/p>\n\n\n\n<p>apr\u00edl 2026 &#8211; N\u00e1ro\u010dnos\u0165 &#8211; online<\/p>\n\n\n\n<p><strong>M\u00e1j 2026 &#8211; prezen\u010dne, Level 3<\/strong> + <strong>testy <\/strong>&#8211; d\u00e1tum bude upresnen\u00fd<\/p>\n\n\n\n<p><\/p>\n\n\n\n<p><\/p>\n\n\n\n<h5><strong>Kurz rozhodca &#8211; harmonogram:<\/strong><\/h5>\n<p><strong>V\u0161etky online \u0161kolenia:<\/strong><\/p>\n<p>Lektor: Mgr. Pavl\u00edna Hadov\u00e1, Rope skipping academy Slovakia (certifikovan\u00fd Clinician judge IJRU)<\/p>\n<p>Cena \u0161kolenia: rozhodca\/pomocn\u00fd rozhodca &#8211; 70 Eur (13 hod\u00edn v\u00fdu\u010dby)<\/p>\n<p>\u00a0<\/p>\n<p><strong>Level 2 &#8211; prezen\u010dne<\/strong><\/p>\n<p><strong>Sobota &#8211; JAR 2026 <br \/><\/strong><\/p>\n<p>\u010cas trvania: 9.00 &#8211; 18.00<\/p>\n<p><strong>Nede\u013ea- JAR 2026 <br \/><\/strong><\/p>\n<p>\u010cas trvania: 9.00 &#8211; 15.00<\/p>\n<p>Cena kurzu: rozhodca\/pomocn\u00fd rozhodca 105 Eur <\/p>\n<p>Cena zah\u0155\u0148a: n\u00e1klady lektora, pren\u00e1jom miestnosti, pozn\u00e1mkov\u00fd blok a p\u00edsacie potreby, v\u00fdu\u010dba<\/p>\n<p>\u00a0<\/p>\n<p>V pr\u00edpade z\u00e1ujmu n\u00e1s kontaktujte na srsa@srsa.sk, na rozhodcovsk\u00fd kurz Level 3 je potrebn\u00e9 sa prihl\u00e1si\u0165 <strong>VOPRED. <\/strong>.<\/p>\n","protected":false},"excerpt":{"rendered":"<p>Kurz rozhodca je rozdelen\u00fd na jednotliv\u00e9 \u00farovne certifik\u00e1cie. Najni\u017e\u0161ia \u00farove\u0148 je level 1, najvy\u0161\u0161\u00ed je level 3. Certifik\u00e1cia je udelen\u00e1 na z\u00e1klade sk\u00fa\u0161ok a registra \u0161portov\u00e9ho odborn\u00edka SRSA. Zabezpe\u010dujeme kvalitn\u00fa v\u00fdu\u010dbu s uzn\u00e1van\u00fdmi lektormi. Certifik\u00e1cia rozhodcu SRSA\/IJRU Ka\u017ed\u00fd certifikovan\u00fd rozhodca IJRU mus\u00ed by\u0165 registrovan\u00fd ako \u0161portov\u00fd odborn\u00edk SRSA. Bez registr\u00e1cie SRSA je kurz rozhodca na [&hellip;]<\/p>\n","protected":false},"author":1,"featured_media":4279,"parent":0,"menu_order":0,"comment_status":"closed","ping_status":"closed","template":"","meta":{"footnotes":""},"class_list":["post-4226","page","type-page","status-publish","has-post-thumbnail","hentry"],"yoast_head":"<!-- This site is optimized with the Yoast SEO plugin v26.8 - https:\/\/yoast.com\/product\/yoast-seo-wordpress\/ -->\n<title>Kurz rozhodca - Level 1, 2, 3 &#187; Slovensk\u00e1 rope skippingov\u00e1 asoci\u00e1cia<\/title>\n<meta name=\"description\" content=\"Kurz rozhodca je mo\u017eno rozdeli\u0165 na level 1,2 a 3. Rozhodcovia s\u00fa zap\u00edsan\u00ed ako \u0161portov\u00fd odborn\u00edk Slovenskej rope skippingovej asoci\u00e1cie.\" \/>\n<meta name=\"robots\" content=\"index, follow, max-snippet:-1, max-image-preview:large, max-video-preview:-1\" \/>\n<link rel=\"canonical\" href=\"https:\/\/www.srsa.sk\/?page_id=4226\" \/>\n<meta property=\"og:locale\" content=\"sk_SK\" \/>\n<meta property=\"og:type\" content=\"article\" \/>\n<meta property=\"og:title\" content=\"Kurz rozhodca - Level 1, 2, 3 &#187; Slovensk\u00e1 rope skippingov\u00e1 asoci\u00e1cia\" \/>\n<meta property=\"og:description\" content=\"Kurz rozhodca je mo\u017eno rozdeli\u0165 na level 1,2 a 3. Rozhodcovia s\u00fa zap\u00edsan\u00ed ako \u0161portov\u00fd odborn\u00edk Slovenskej rope skippingovej asoci\u00e1cie.\" \/>\n<meta property=\"og:url\" content=\"https:\/\/www.srsa.sk\/?page_id=4226\" \/>\n<meta property=\"og:site_name\" content=\"Slovensk\u00e1 rope skippingov\u00e1 asoci\u00e1cia\" \/>\n<meta property=\"article:modified_time\" content=\"2026-01-20T00:47:46+00:00\" \/>\n<meta property=\"og:image\" content=\"https:\/\/www.srsa.sk\/wp-content\/uploads\/2022\/03\/kurz-rozhodca-scaled.jpg\" \/>\n\t<meta property=\"og:image:width\" content=\"2560\" \/>\n\t<meta property=\"og:image:height\" content=\"1174\" \/>\n\t<meta property=\"og:image:type\" content=\"image\/jpeg\" \/>\n<meta name=\"twitter:card\" content=\"summary_large_image\" \/>\n<meta name=\"twitter:label1\" content=\"Predpokladan\u00fd \u010das \u010d\u00edtania\" \/>\n\t<meta name=\"twitter:data1\" content=\"2 min\u00faty\" \/>\n<script type=\"application\/ld+json\" class=\"yoast-schema-graph\">{\"@context\":\"https:\/\/schema.org\",\"@graph\":[{\"@type\":\"WebPage\",\"@id\":\"https:\/\/www.srsa.sk\/?page_id=4226\",\"url\":\"https:\/\/www.srsa.sk\/?page_id=4226\",\"name\":\"Kurz rozhodca - Level 1, 2, 3 &#187; Slovensk\u00e1 rope skippingov\u00e1 asoci\u00e1cia\",\"isPartOf\":{\"@id\":\"https:\/\/www.srsa.sk\/#website\"},\"primaryImageOfPage\":{\"@id\":\"https:\/\/www.srsa.sk\/?page_id=4226#primaryimage\"},\"image\":{\"@id\":\"https:\/\/www.srsa.sk\/?page_id=4226#primaryimage\"},\"thumbnailUrl\":\"https:\/\/www.srsa.sk\/wp-content\/uploads\/2022\/03\/kurz-rozhodca-scaled.jpg\",\"datePublished\":\"2022-03-30T09:42:56+00:00\",\"dateModified\":\"2026-01-20T00:47:46+00:00\",\"description\":\"Kurz rozhodca je mo\u017eno rozdeli\u0165 na level 1,2 a 3. Rozhodcovia s\u00fa zap\u00edsan\u00ed ako \u0161portov\u00fd odborn\u00edk Slovenskej rope skippingovej asoci\u00e1cie.\",\"breadcrumb\":{\"@id\":\"https:\/\/www.srsa.sk\/?page_id=4226#breadcrumb\"},\"inLanguage\":\"sk-SK\",\"potentialAction\":[{\"@type\":\"ReadAction\",\"target\":[\"https:\/\/www.srsa.sk\/?page_id=4226\"]}]},{\"@type\":\"ImageObject\",\"inLanguage\":\"sk-SK\",\"@id\":\"https:\/\/www.srsa.sk\/?page_id=4226#primaryimage\",\"url\":\"https:\/\/www.srsa.sk\/wp-content\/uploads\/2022\/03\/kurz-rozhodca-scaled.jpg\",\"contentUrl\":\"https:\/\/www.srsa.sk\/wp-content\/uploads\/2022\/03\/kurz-rozhodca-scaled.jpg\",\"width\":2560,\"height\":1174,\"caption\":\"kurz rozhodca\"},{\"@type\":\"BreadcrumbList\",\"@id\":\"https:\/\/www.srsa.sk\/?page_id=4226#breadcrumb\",\"itemListElement\":[{\"@type\":\"ListItem\",\"position\":1,\"name\":\"Home\",\"item\":\"https:\/\/www.srsa.sk\/\"},{\"@type\":\"ListItem\",\"position\":2,\"name\":\"Kurz rozhodca &#8211; Level 1, 2, 3\"}]},{\"@type\":\"WebSite\",\"@id\":\"https:\/\/www.srsa.sk\/#website\",\"url\":\"https:\/\/www.srsa.sk\/\",\"name\":\"Slovensk\u00e1 rope skippingov\u00e1 asoci\u00e1cia\",\"description\":\"...tam, kde kon\u010d\u00ed sk\u00e1kanie cez \u0161vihadlo, za\u010d\u00edna rope skipping\",\"potentialAction\":[{\"@type\":\"SearchAction\",\"target\":{\"@type\":\"EntryPoint\",\"urlTemplate\":\"https:\/\/www.srsa.sk\/?s={search_term_string}\"},\"query-input\":{\"@type\":\"PropertyValueSpecification\",\"valueRequired\":true,\"valueName\":\"search_term_string\"}}],\"inLanguage\":\"sk-SK\"}]}<\/script>\n<!-- \/ Yoast SEO plugin. -->","yoast_head_json":{"title":"Kurz rozhodca - Level 1, 2, 3 &#187; Slovensk\u00e1 rope skippingov\u00e1 asoci\u00e1cia","description":"Kurz rozhodca je mo\u017eno rozdeli\u0165 na level 1,2 a 3. Rozhodcovia s\u00fa zap\u00edsan\u00ed ako \u0161portov\u00fd odborn\u00edk Slovenskej rope skippingovej asoci\u00e1cie.","robots":{"index":"index","follow":"follow","max-snippet":"max-snippet:-1","max-image-preview":"max-image-preview:large","max-video-preview":"max-video-preview:-1"},"canonical":"https:\/\/www.srsa.sk\/?page_id=4226","og_locale":"sk_SK","og_type":"article","og_title":"Kurz rozhodca - Level 1, 2, 3 &#187; Slovensk\u00e1 rope skippingov\u00e1 asoci\u00e1cia","og_description":"Kurz rozhodca je mo\u017eno rozdeli\u0165 na level 1,2 a 3. Rozhodcovia s\u00fa zap\u00edsan\u00ed ako \u0161portov\u00fd odborn\u00edk Slovenskej rope skippingovej asoci\u00e1cie.","og_url":"https:\/\/www.srsa.sk\/?page_id=4226","og_site_name":"Slovensk\u00e1 rope skippingov\u00e1 asoci\u00e1cia","article_modified_time":"2026-01-20T00:47:46+00:00","og_image":[{"width":2560,"height":1174,"url":"https:\/\/www.srsa.sk\/wp-content\/uploads\/2022\/03\/kurz-rozhodca-scaled.jpg","type":"image\/jpeg"}],"twitter_card":"summary_large_image","twitter_misc":{"Predpokladan\u00fd \u010das \u010d\u00edtania":"2 min\u00faty"},"schema":{"@context":"https:\/\/schema.org","@graph":[{"@type":"WebPage","@id":"https:\/\/www.srsa.sk\/?page_id=4226","url":"https:\/\/www.srsa.sk\/?page_id=4226","name":"Kurz rozhodca - Level 1, 2, 3 &#187; Slovensk\u00e1 rope skippingov\u00e1 asoci\u00e1cia","isPartOf":{"@id":"https:\/\/www.srsa.sk\/#website"},"primaryImageOfPage":{"@id":"https:\/\/www.srsa.sk\/?page_id=4226#primaryimage"},"image":{"@id":"https:\/\/www.srsa.sk\/?page_id=4226#primaryimage"},"thumbnailUrl":"https:\/\/www.srsa.sk\/wp-content\/uploads\/2022\/03\/kurz-rozhodca-scaled.jpg","datePublished":"2022-03-30T09:42:56+00:00","dateModified":"2026-01-20T00:47:46+00:00","description":"Kurz rozhodca je mo\u017eno rozdeli\u0165 na level 1,2 a 3. Rozhodcovia s\u00fa zap\u00edsan\u00ed ako \u0161portov\u00fd odborn\u00edk Slovenskej rope skippingovej asoci\u00e1cie.","breadcrumb":{"@id":"https:\/\/www.srsa.sk\/?page_id=4226#breadcrumb"},"inLanguage":"sk-SK","potentialAction":[{"@type":"ReadAction","target":["https:\/\/www.srsa.sk\/?page_id=4226"]}]},{"@type":"ImageObject","inLanguage":"sk-SK","@id":"https:\/\/www.srsa.sk\/?page_id=4226#primaryimage","url":"https:\/\/www.srsa.sk\/wp-content\/uploads\/2022\/03\/kurz-rozhodca-scaled.jpg","contentUrl":"https:\/\/www.srsa.sk\/wp-content\/uploads\/2022\/03\/kurz-rozhodca-scaled.jpg","width":2560,"height":1174,"caption":"kurz rozhodca"},{"@type":"BreadcrumbList","@id":"https:\/\/www.srsa.sk\/?page_id=4226#breadcrumb","itemListElement":[{"@type":"ListItem","position":1,"name":"Home","item":"https:\/\/www.srsa.sk\/"},{"@type":"ListItem","position":2,"name":"Kurz rozhodca &#8211; Level 1, 2, 3"}]},{"@type":"WebSite","@id":"https:\/\/www.srsa.sk\/#website","url":"https:\/\/www.srsa.sk\/","name":"Slovensk\u00e1 rope skippingov\u00e1 asoci\u00e1cia","description":"...tam, kde kon\u010d\u00ed sk\u00e1kanie cez \u0161vihadlo, za\u010d\u00edna rope skipping","potentialAction":[{"@type":"SearchAction","target":{"@type":"EntryPoint","urlTemplate":"https:\/\/www.srsa.sk\/?s={search_term_string}"},"query-input":{"@type":"PropertyValueSpecification","valueRequired":true,"valueName":"search_term_string"}}],"inLanguage":"sk-SK"}]}},"_links":{"self":[{"href":"https:\/\/www.srsa.sk\/index.php?rest_route=\/wp\/v2\/pages\/4226","targetHints":{"allow":["GET"]}}],"collection":[{"href":"https:\/\/www.srsa.sk\/index.php?rest_route=\/wp\/v2\/pages"}],"about":[{"href":"https:\/\/www.srsa.sk\/index.php?rest_route=\/wp\/v2\/types\/page"}],"author":[{"embeddable":true,"href":"https:\/\/www.srsa.sk\/index.php?rest_route=\/wp\/v2\/users\/1"}],"replies":[{"embeddable":true,"href":"https:\/\/www.srsa.sk\/index.php?rest_route=%2Fwp%2Fv2%2Fcomments&post=4226"}],"version-history":[{"count":24,"href":"https:\/\/www.srsa.sk\/index.php?rest_route=\/wp\/v2\/pages\/4226\/revisions"}],"predecessor-version":[{"id":5002,"href":"https:\/\/www.srsa.sk\/index.php?rest_route=\/wp\/v2\/pages\/4226\/revisions\/5002"}],"wp:featuredmedia":[{"embeddable":true,"href":"https:\/\/www.srsa.sk\/index.php?rest_route=\/wp\/v2\/media\/4279"}],"wp:attachment":[{"href":"https:\/\/www.srsa.sk\/index.php?rest_route=%2Fwp%2Fv2%2Fmedia&parent=4226"}],"curies":[{"name":"wp","href":"https:\/\/api.w.org\/{rel}","templated":true}]}}