{"id":419,"date":"2015-03-18T10:25:17","date_gmt":"2015-03-18T09:25:17","guid":{"rendered":"http:\/\/www.srsa.sk\/?page_id=419"},"modified":"2026-01-19T22:34:47","modified_gmt":"2026-01-19T21:34:47","slug":"vysledky","status":"publish","type":"page","link":"https:\/\/www.srsa.sk\/?page_id=419","title":{"rendered":"V\u00fdsledky"},"content":{"rendered":"\n<figure class=\"wp-block-image size-large\"><img loading=\"lazy\" decoding=\"async\" width=\"640\" height=\"480\" src=\"https:\/\/www.srsa.sk\/wp-content\/uploads\/2020\/01\/vysledky-zo-sutazi-rope-skipping-640x480-1.jpg\" alt=\"v\u00fdsledky\" class=\"wp-image-2559\" srcset=\"https:\/\/www.srsa.sk\/wp-content\/uploads\/2020\/01\/vysledky-zo-sutazi-rope-skipping-640x480-1.jpg 640w, https:\/\/www.srsa.sk\/wp-content\/uploads\/2020\/01\/vysledky-zo-sutazi-rope-skipping-640x480-1-300x225.jpg 300w, https:\/\/www.srsa.sk\/wp-content\/uploads\/2020\/01\/vysledky-zo-sutazi-rope-skipping-640x480-1-400x300.jpg 400w\" sizes=\"auto, (max-width: 640px) 100vw, 640px\" \/><\/figure>\n\n\n\n<p>Slovensk\u00e1 rope skippingov\u00e1 asoci\u00e1cia organizuje n\u00e1rodn\u00e9 aj medzin\u00e1rodn\u00e9 s\u00fa\u0165a\u017ee a zabezpe\u010duje \u00fa\u010das\u0165 pod\u013ea z\u00e1ujmu na medzin\u00e1rodn\u00fdch s\u00fa\u0165a\u017eiach v zahrani\u010d\u00ed. <\/p>\n\n\n\n<p><strong>V\u00fdsledky z jednotliv\u00fdch s\u00fa\u0165a\u017e\u00ed, \u010di u\u017e n\u00e1rodn\u00fdch alebo medzin\u00e1rodn\u00fdch s\u00fa\u0165a\u017e\u00ed si m\u00f4\u017eete prezrie\u0165 ni\u017e\u0161ie:<\/strong><\/p>\n\n\n\n<blockquote class=\"wp-block-quote is-layout-flow wp-block-quote-is-layout-flow\">\n<p style=\"font-size:20px\"><a href=\"https:\/\/www.srsa.sk\/?page_id=2130\"><strong>2014 <\/strong><\/a>&#8211; aktivity a v\u00fdsledky zo s\u00fa\u0165a\u017e\u00ed <\/p>\n<\/blockquote>\n\n\n\n<blockquote class=\"wp-block-quote is-layout-flow wp-block-quote-is-layout-flow\">\n<p style=\"font-size:20px\"><strong><a href=\"https:\/\/www.srsa.sk\/?page_id=2123\">2015 <\/a><\/strong>&#8211; aktivity a v\u00fdsledky zo s\u00fa\u0165a\u017e\u00ed <\/p>\n<\/blockquote>\n\n\n\n<blockquote class=\"wp-block-quote is-layout-flow wp-block-quote-is-layout-flow\">\n<p style=\"font-size:20px\"><strong><a href=\"https:\/\/www.srsa.sk\/?page_id=2187\">2016 <\/a><\/strong>&#8211; aktivity a v\u00fdsledky zo s\u00fa\u0165a\u017e\u00ed <\/p>\n<\/blockquote>\n\n\n\n<blockquote class=\"wp-block-quote is-layout-flow wp-block-quote-is-layout-flow\">\n<p style=\"font-size:20px\"><strong><a href=\"https:\/\/www.srsa.sk\/?page_id=2191\">2017 <\/a><\/strong>&#8211; aktivity a v\u00fdsledky zo s\u00fa\u0165a\u017e\u00ed <\/p>\n<\/blockquote>\n\n\n\n<p><\/p>\n\n\n\n<blockquote class=\"wp-block-quote is-style-large is-layout-flow wp-block-quote-is-layout-flow\">\n<p><strong><a href=\"https:\/\/www.srsa.sk\/?page_id=2199\" target=\"_blank\" rel=\"noreferrer noopener\">ROK 2018 <\/a><\/strong> &#8211; aktivity a v\u00fdsledky zo s\u00fa\u0165a\u017e\u00ed<\/p>\n<\/blockquote>\n\n\n\n<blockquote class=\"wp-block-quote is-style-large is-layout-flow wp-block-quote-is-layout-flow\">\n<p><strong><a aria-label=\"ROK 2019  (opens in a new tab)\" rel=\"noreferrer noopener\" href=\"https:\/\/www.srsa.sk\/?page_id=2202\" target=\"_blank\">ROK 2019 <\/a><\/strong> &#8211; aktivity a v\u00fdsledky zo s\u00fa\u0165a\u017e\u00ed<\/p>\n<\/blockquote>\n\n\n\n<p><\/p>\n\n\n\n<blockquote class=\"wp-block-quote is-style-large is-layout-flow wp-block-quote-is-layout-flow\">\n<p><strong><a aria-label=\"ROK 2020 (opens in a new tab)\" href=\"https:\/\/www.srsa.sk\/?page_id=2714\" target=\"_blank\" rel=\"noreferrer noopener\">ROK 2020<\/a><\/strong> &#8211; aktivity a v\u00fdsledky zo s\u00fa\u0165a\u017e\u00ed<\/p>\n<\/blockquote>\n\n\n\n<blockquote class=\"wp-block-quote is-style-large is-layout-flow wp-block-quote-is-layout-flow\">\n<p><strong><a href=\"https:\/\/www.srsa.sk\/?page_id=4294\">ROK 2022<\/a><\/strong> &#8211; aktivity a v\u00fdsledky zo s\u00fa\u0165a\u017e\u00ed<\/p>\n\n\n\n<p><\/p>\n\n\n\n<p><strong><a href=\"https:\/\/www.srsa.sk\/?page_id=4616\" target=\"_blank\" rel=\"noreferrer noopener\">ROK 2023<\/a><\/strong> &#8211; aktivity a v\u00fdsledky zo s\u00fa\u0165a\u017e\u00ed<\/p>\n<\/blockquote>\n\n\n\n<blockquote class=\"wp-block-quote is-layout-flow wp-block-quote-is-layout-flow\">\n<p style=\"font-size:20px\"><strong><a href=\"https:\/\/www.srsa.sk\/?page_id=4736\" target=\"_blank\" rel=\"noreferrer noopener\">ROK 2024<\/a><\/strong> &#8211; aktivity a v\u00fdsledky zo s\u00fa\u0165a\u017e\u00ed<\/p>\n<\/blockquote>\n\n\n\n<p><\/p>\n\n\n\n<p><\/p>\n\n\n\n<blockquote class=\"wp-block-quote is-layout-flow wp-block-quote-is-layout-flow\">\n<p style=\"font-size:20px\"><strong><a href=\"https:\/\/www.srsa.sk\/?page_id=4956\">ROK 2025<\/a> <\/strong>&#8211; aktivity a v\u00fdsledky zo s\u00fa\u0165a\u017e\u00ed<\/p>\n<\/blockquote>\n\n\n\n<p style=\"font-size:25px\"><\/p>\n\n\n\n<p><\/p>\n\n\n\n<p><\/p>\n\n\n\n<p><\/p>\n\n\n\n<p>Sledujte Slovensk\u00fa rope skippingov\u00fa asoci\u00e1ciu aj na soci\u00e1lnych sie\u0165ach:<\/p>\n\n\n\n<p><strong>Facebook:<\/strong> <a href=\"https:\/\/www.facebook.com\/Slovenska-rope-skippingova-asociacia-677315282404952\/\" target=\"_blank\" rel=\"noreferrer noopener\" aria-label=\"Slovensk\u00e1 rope skippingov\u00e1 asoci\u00e1cia (opens in a new tab)\">Slovensk\u00e1 rope skippingov\u00e1 asoci\u00e1cia<\/a><\/p>\n\n\n\n<p><strong>Instagram:<\/strong> <a href=\"https:\/\/www.instagram.com\/ropeskippingslovakia\/\" target=\"_blank\" rel=\"noreferrer noopener\" aria-label=\" (opens in a new tab)\">Rope skipping Slovakia<\/a> <\/p>\n\n\n\n<p><\/p>\n","protected":false},"excerpt":{"rendered":"<p>Slovensk\u00e1 rope skippingov\u00e1 asoci\u00e1cia organizuje n\u00e1rodn\u00e9 aj medzin\u00e1rodn\u00e9 s\u00fa\u0165a\u017ee a zabezpe\u010duje \u00fa\u010das\u0165 pod\u013ea z\u00e1ujmu na medzin\u00e1rodn\u00fdch s\u00fa\u0165a\u017eiach v zahrani\u010d\u00ed. V\u00fdsledky z jednotliv\u00fdch s\u00fa\u0165a\u017e\u00ed, \u010di u\u017e n\u00e1rodn\u00fdch alebo medzin\u00e1rodn\u00fdch s\u00fa\u0165a\u017e\u00ed si m\u00f4\u017eete prezrie\u0165 ni\u017e\u0161ie: 2014 &#8211; aktivity a v\u00fdsledky zo s\u00fa\u0165a\u017e\u00ed 2015 &#8211; aktivity a v\u00fdsledky zo s\u00fa\u0165a\u017e\u00ed 2016 &#8211; aktivity a v\u00fdsledky zo s\u00fa\u0165a\u017e\u00ed 2017 [&hellip;]<\/p>\n","protected":false},"author":1,"featured_media":0,"parent":0,"menu_order":0,"comment_status":"closed","ping_status":"closed","template":"","meta":{"footnotes":""},"class_list":["post-419","page","type-page","status-publish","hentry"],"yoast_head":"<!-- This site is optimized with the Yoast SEO plugin v26.8 - https:\/\/yoast.com\/product\/yoast-seo-wordpress\/ -->\n<title>V\u00fdsledky &#187; Slovensk\u00e1 rope skippingov\u00e1 asoci\u00e1cia &#187;<\/title>\n<meta name=\"description\" content=\"V\u00fdsledky z jednotliv\u00fdch s\u00fa\u0165a\u017e\u00ed v sk\u00e1kan\u00ed cez \u0161vihadlo, Majstrovstv\u00e1 sveta, Majstrovstv\u00e1 Eur\u00f3py, ale aj slovensk\u00e9 a zahrani\u010dn\u00e9 priate\u013esk\u00e9 s\u00fa\u0165a\u017ee.\" \/>\n<meta name=\"robots\" content=\"index, follow, max-snippet:-1, max-image-preview:large, max-video-preview:-1\" \/>\n<link rel=\"canonical\" href=\"https:\/\/www.srsa.sk\/?page_id=419\" \/>\n<meta property=\"og:locale\" content=\"sk_SK\" \/>\n<meta property=\"og:type\" content=\"article\" \/>\n<meta property=\"og:title\" content=\"V\u00fdsledky &#187; Slovensk\u00e1 rope skippingov\u00e1 asoci\u00e1cia &#187;\" \/>\n<meta property=\"og:description\" content=\"V\u00fdsledky z jednotliv\u00fdch s\u00fa\u0165a\u017e\u00ed v sk\u00e1kan\u00ed cez \u0161vihadlo, Majstrovstv\u00e1 sveta, Majstrovstv\u00e1 Eur\u00f3py, ale aj slovensk\u00e9 a zahrani\u010dn\u00e9 priate\u013esk\u00e9 s\u00fa\u0165a\u017ee.\" \/>\n<meta property=\"og:url\" content=\"https:\/\/www.srsa.sk\/?page_id=419\" \/>\n<meta property=\"og:site_name\" content=\"Slovensk\u00e1 rope skippingov\u00e1 asoci\u00e1cia\" \/>\n<meta property=\"article:modified_time\" content=\"2026-01-19T21:34:47+00:00\" \/>\n<meta property=\"og:image\" content=\"http:\/\/www.srsa.sk\/wp-content\/uploads\/2020\/01\/vysledky-zo-sutazi-rope-skipping-640x480-1.jpg\" \/>\n<meta name=\"twitter:card\" content=\"summary_large_image\" \/>\n<meta name=\"twitter:label1\" content=\"Predpokladan\u00fd \u010das \u010d\u00edtania\" \/>\n\t<meta name=\"twitter:data1\" content=\"1 min\u00fata\" \/>\n<script type=\"application\/ld+json\" class=\"yoast-schema-graph\">{\"@context\":\"https:\/\/schema.org\",\"@graph\":[{\"@type\":\"WebPage\",\"@id\":\"https:\/\/www.srsa.sk\/?page_id=419\",\"url\":\"https:\/\/www.srsa.sk\/?page_id=419\",\"name\":\"V\u00fdsledky &#187; Slovensk\u00e1 rope skippingov\u00e1 asoci\u00e1cia &#187;\",\"isPartOf\":{\"@id\":\"https:\/\/www.srsa.sk\/#website\"},\"primaryImageOfPage\":{\"@id\":\"https:\/\/www.srsa.sk\/?page_id=419#primaryimage\"},\"image\":{\"@id\":\"https:\/\/www.srsa.sk\/?page_id=419#primaryimage\"},\"thumbnailUrl\":\"http:\/\/www.srsa.sk\/wp-content\/uploads\/2020\/01\/vysledky-zo-sutazi-rope-skipping-640x480-1.jpg\",\"datePublished\":\"2015-03-18T09:25:17+00:00\",\"dateModified\":\"2026-01-19T21:34:47+00:00\",\"description\":\"V\u00fdsledky z jednotliv\u00fdch s\u00fa\u0165a\u017e\u00ed v sk\u00e1kan\u00ed cez \u0161vihadlo, Majstrovstv\u00e1 sveta, Majstrovstv\u00e1 Eur\u00f3py, ale aj slovensk\u00e9 a zahrani\u010dn\u00e9 priate\u013esk\u00e9 s\u00fa\u0165a\u017ee.\",\"breadcrumb\":{\"@id\":\"https:\/\/www.srsa.sk\/?page_id=419#breadcrumb\"},\"inLanguage\":\"sk-SK\",\"potentialAction\":[{\"@type\":\"ReadAction\",\"target\":[\"https:\/\/www.srsa.sk\/?page_id=419\"]}]},{\"@type\":\"ImageObject\",\"inLanguage\":\"sk-SK\",\"@id\":\"https:\/\/www.srsa.sk\/?page_id=419#primaryimage\",\"url\":\"http:\/\/www.srsa.sk\/wp-content\/uploads\/2020\/01\/vysledky-zo-sutazi-rope-skipping-640x480-1.jpg\",\"contentUrl\":\"http:\/\/www.srsa.sk\/wp-content\/uploads\/2020\/01\/vysledky-zo-sutazi-rope-skipping-640x480-1.jpg\"},{\"@type\":\"BreadcrumbList\",\"@id\":\"https:\/\/www.srsa.sk\/?page_id=419#breadcrumb\",\"itemListElement\":[{\"@type\":\"ListItem\",\"position\":1,\"name\":\"Home\",\"item\":\"https:\/\/www.srsa.sk\/\"},{\"@type\":\"ListItem\",\"position\":2,\"name\":\"V\u00fdsledky\"}]},{\"@type\":\"WebSite\",\"@id\":\"https:\/\/www.srsa.sk\/#website\",\"url\":\"https:\/\/www.srsa.sk\/\",\"name\":\"Slovensk\u00e1 rope skippingov\u00e1 asoci\u00e1cia\",\"description\":\"...tam, kde kon\u010d\u00ed sk\u00e1kanie cez \u0161vihadlo, za\u010d\u00edna rope skipping\",\"potentialAction\":[{\"@type\":\"SearchAction\",\"target\":{\"@type\":\"EntryPoint\",\"urlTemplate\":\"https:\/\/www.srsa.sk\/?s={search_term_string}\"},\"query-input\":{\"@type\":\"PropertyValueSpecification\",\"valueRequired\":true,\"valueName\":\"search_term_string\"}}],\"inLanguage\":\"sk-SK\"}]}<\/script>\n<!-- \/ Yoast SEO plugin. -->","yoast_head_json":{"title":"V\u00fdsledky &#187; Slovensk\u00e1 rope skippingov\u00e1 asoci\u00e1cia &#187;","description":"V\u00fdsledky z jednotliv\u00fdch s\u00fa\u0165a\u017e\u00ed v sk\u00e1kan\u00ed cez \u0161vihadlo, Majstrovstv\u00e1 sveta, Majstrovstv\u00e1 Eur\u00f3py, ale aj slovensk\u00e9 a zahrani\u010dn\u00e9 priate\u013esk\u00e9 s\u00fa\u0165a\u017ee.","robots":{"index":"index","follow":"follow","max-snippet":"max-snippet:-1","max-image-preview":"max-image-preview:large","max-video-preview":"max-video-preview:-1"},"canonical":"https:\/\/www.srsa.sk\/?page_id=419","og_locale":"sk_SK","og_type":"article","og_title":"V\u00fdsledky &#187; Slovensk\u00e1 rope skippingov\u00e1 asoci\u00e1cia &#187;","og_description":"V\u00fdsledky z jednotliv\u00fdch s\u00fa\u0165a\u017e\u00ed v sk\u00e1kan\u00ed cez \u0161vihadlo, Majstrovstv\u00e1 sveta, Majstrovstv\u00e1 Eur\u00f3py, ale aj slovensk\u00e9 a zahrani\u010dn\u00e9 priate\u013esk\u00e9 s\u00fa\u0165a\u017ee.","og_url":"https:\/\/www.srsa.sk\/?page_id=419","og_site_name":"Slovensk\u00e1 rope skippingov\u00e1 asoci\u00e1cia","article_modified_time":"2026-01-19T21:34:47+00:00","og_image":[{"url":"http:\/\/www.srsa.sk\/wp-content\/uploads\/2020\/01\/vysledky-zo-sutazi-rope-skipping-640x480-1.jpg","type":"","width":"","height":""}],"twitter_card":"summary_large_image","twitter_misc":{"Predpokladan\u00fd \u010das \u010d\u00edtania":"1 min\u00fata"},"schema":{"@context":"https:\/\/schema.org","@graph":[{"@type":"WebPage","@id":"https:\/\/www.srsa.sk\/?page_id=419","url":"https:\/\/www.srsa.sk\/?page_id=419","name":"V\u00fdsledky &#187; Slovensk\u00e1 rope skippingov\u00e1 asoci\u00e1cia &#187;","isPartOf":{"@id":"https:\/\/www.srsa.sk\/#website"},"primaryImageOfPage":{"@id":"https:\/\/www.srsa.sk\/?page_id=419#primaryimage"},"image":{"@id":"https:\/\/www.srsa.sk\/?page_id=419#primaryimage"},"thumbnailUrl":"http:\/\/www.srsa.sk\/wp-content\/uploads\/2020\/01\/vysledky-zo-sutazi-rope-skipping-640x480-1.jpg","datePublished":"2015-03-18T09:25:17+00:00","dateModified":"2026-01-19T21:34:47+00:00","description":"V\u00fdsledky z jednotliv\u00fdch s\u00fa\u0165a\u017e\u00ed v sk\u00e1kan\u00ed cez \u0161vihadlo, Majstrovstv\u00e1 sveta, Majstrovstv\u00e1 Eur\u00f3py, ale aj slovensk\u00e9 a zahrani\u010dn\u00e9 priate\u013esk\u00e9 s\u00fa\u0165a\u017ee.","breadcrumb":{"@id":"https:\/\/www.srsa.sk\/?page_id=419#breadcrumb"},"inLanguage":"sk-SK","potentialAction":[{"@type":"ReadAction","target":["https:\/\/www.srsa.sk\/?page_id=419"]}]},{"@type":"ImageObject","inLanguage":"sk-SK","@id":"https:\/\/www.srsa.sk\/?page_id=419#primaryimage","url":"http:\/\/www.srsa.sk\/wp-content\/uploads\/2020\/01\/vysledky-zo-sutazi-rope-skipping-640x480-1.jpg","contentUrl":"http:\/\/www.srsa.sk\/wp-content\/uploads\/2020\/01\/vysledky-zo-sutazi-rope-skipping-640x480-1.jpg"},{"@type":"BreadcrumbList","@id":"https:\/\/www.srsa.sk\/?page_id=419#breadcrumb","itemListElement":[{"@type":"ListItem","position":1,"name":"Home","item":"https:\/\/www.srsa.sk\/"},{"@type":"ListItem","position":2,"name":"V\u00fdsledky"}]},{"@type":"WebSite","@id":"https:\/\/www.srsa.sk\/#website","url":"https:\/\/www.srsa.sk\/","name":"Slovensk\u00e1 rope skippingov\u00e1 asoci\u00e1cia","description":"...tam, kde kon\u010d\u00ed sk\u00e1kanie cez \u0161vihadlo, za\u010d\u00edna rope skipping","potentialAction":[{"@type":"SearchAction","target":{"@type":"EntryPoint","urlTemplate":"https:\/\/www.srsa.sk\/?s={search_term_string}"},"query-input":{"@type":"PropertyValueSpecification","valueRequired":true,"valueName":"search_term_string"}}],"inLanguage":"sk-SK"}]}},"_links":{"self":[{"href":"https:\/\/www.srsa.sk\/index.php?rest_route=\/wp\/v2\/pages\/419","targetHints":{"allow":["GET"]}}],"collection":[{"href":"https:\/\/www.srsa.sk\/index.php?rest_route=\/wp\/v2\/pages"}],"about":[{"href":"https:\/\/www.srsa.sk\/index.php?rest_route=\/wp\/v2\/types\/page"}],"author":[{"embeddable":true,"href":"https:\/\/www.srsa.sk\/index.php?rest_route=\/wp\/v2\/users\/1"}],"replies":[{"embeddable":true,"href":"https:\/\/www.srsa.sk\/index.php?rest_route=%2Fwp%2Fv2%2Fcomments&post=419"}],"version-history":[{"count":37,"href":"https:\/\/www.srsa.sk\/index.php?rest_route=\/wp\/v2\/pages\/419\/revisions"}],"predecessor-version":[{"id":4967,"href":"https:\/\/www.srsa.sk\/index.php?rest_route=\/wp\/v2\/pages\/419\/revisions\/4967"}],"wp:attachment":[{"href":"https:\/\/www.srsa.sk\/index.php?rest_route=%2Fwp%2Fv2%2Fmedia&parent=419"}],"curies":[{"name":"wp","href":"https:\/\/api.w.org\/{rel}","templated":true}]}}