{"id":3719,"date":"2019-01-10T13:19:00","date_gmt":"2019-01-10T12:19:00","guid":{"rendered":"http:\/\/www.srsa.sk\/?page_id=3719"},"modified":"2021-01-21T13:31:27","modified_gmt":"2021-01-21T12:31:27","slug":"financna-podpora","status":"publish","type":"page","link":"https:\/\/www.srsa.sk\/?page_id=3719","title":{"rendered":"Finan\u010dn\u00e1 podpora"},"content":{"rendered":"\n<p>Finan\u010dn\u00e1 podpora od \u00daradu vl\u00e1dy SR pomohla Slovenskej rope skippingovej asoci\u00e1cii rozv\u00edja\u0165 \u0161port rope skipping. <\/p>\n\n\n\n<p>Slovensk\u00e1 rope skippingov\u00e1 asoci\u00e1cia z\u00edskala finan\u010dn\u00fa podporu od \u00daradu vl\u00e1dy SR v programe Podpora rozvoja \u0161portu 2018.<\/p>\n\n\n<p><strong>N\u00e1zov projektu: <\/strong>Rope skipping \u2013 nov\u00fd \u0161port na Slovensku<\/p>\n<p><strong>Poskytnut\u00e1 dot\u00e1cia: <\/strong>3000 Eur<\/p>\n<p><strong>\u010c\u00edslo zmluvy:<\/strong> \u00a0CEZ \u00daV SR 350\/2018<\/p>\n<p><strong>Term\u00edn realiz\u00e1cie projektu:<\/strong> 1.4.2018 \u2013 31.12.2018<\/p>\n<p><strong>Miesto realiz\u00e1cie: <\/strong>Slovensko<\/p>\n\n\n<p>Dot\u00e1cia na projekt bola zameran\u00e1 a\u00a0pou\u017eit\u00e1 na n\u00e1kup \u0161portovo-technick\u00e9ho vybavenia a\u00a0\u0161portovej v\u00fdbavy za \u00fa\u010delom zlep\u0161enia stavu materi\u00e1lno-technick\u00e9ho vybavenia \u0161portovcov a\u00a0\u0161portovej organiz\u00e1cie. <\/p>\n\n\n\n<p>Z\u00e1merom bolo vytv\u00e1ra\u0165 predpoklad za\u010da\u0165 \u0161portova\u0165 a\u00a0vysk\u00fa\u0161a\u0165 si tr\u00e9ningov\u00fd proces nov\u00e9ho \u0161portu rope skipping s\u00a0cie\u013eom pril\u00e1ka\u0165 najm\u00e4 deti a\u00a0ml\u00e1de\u017e. <\/p>\n\n\n\n<p>Projekt bol zameran\u00fd na zabezpe\u010denie \u0161portov\u00fdch potrieb, podporu \u0161portovania det\u00ed a\u00a0ml\u00e1de\u017ee a\u00a0rozvoj nov\u00e9ho \u0161portu rope skipping na Slovensku. Finan\u010dn\u00e1 podpora n\u00e1m umo\u017enila \u00faspe\u0161ne tento projekt realizova\u0165.<\/p>\n\n\n\n<p>Prostredn\u00edctvom n\u00e1kupu \u0161portovej v\u00fdbavy sme zlep\u0161ili stav materi\u00e1lneho zabezpe\u010denia a\u00a0zabezpe\u010dili kvalitnej\u0161\u00ed priebeh workshopov, s\u00fa\u0165a\u017e\u00ed a tr\u00e9ningov\u00e9ho procesu najm\u00e4 pre deti a\u00a0ml\u00e1de\u017e. Zak\u00fapen\u00e1 \u0161portov\u00e1 v\u00fdbava posl\u00fa\u017eila aj ako motiv\u00e1cia pre deti a\u00a0ml\u00e1de\u017e za\u010da\u0165 so \u0161portom rope skipping. V\u0161etky poskytnut\u00e9 finan\u010dn\u00e9 prostriedky z\u00a0dot\u00e1cie boli pou\u017eit\u00e9 na n\u00e1kup \u0161portovej v\u00fdbavy. \u00a0<\/p>\n\n\n\n<p>Zmluva a \u010fal\u0161ie dokumenty s\u00fa k dispoz\u00edcii:<\/p>\n\n\n\n<div class=\"wp-block-file\"><a href=\"https:\/\/www.srsa.sk\/wp-content\/uploads\/2021\/01\/Zmluva.pdf\">Zmluva<\/a><a href=\"https:\/\/www.srsa.sk\/wp-content\/uploads\/2021\/01\/Zmluva.pdf\" class=\"wp-block-file__button\" download>Stiahnu\u0165<\/a><\/div>\n\n\n\n<div class=\"wp-block-file\"><a href=\"https:\/\/www.srsa.sk\/wp-content\/uploads\/2021\/01\/Zapisnica-z-vyhodnotenia-ponuk_SRSA.pdf\">Zapisnica-z-vyhodnotenia-ponuk_SRSA<\/a><a href=\"https:\/\/www.srsa.sk\/wp-content\/uploads\/2021\/01\/Zapisnica-z-vyhodnotenia-ponuk_SRSA.pdf\" class=\"wp-block-file__button\" download>Stiahnu\u0165<\/a><\/div>\n\n\n\n<div class=\"wp-block-file\"><a href=\"https:\/\/www.srsa.sk\/wp-content\/uploads\/2021\/01\/ANWELL_objednavka_SRSA.pdf\">ANWELL_objednavka_SRSA<\/a><a href=\"https:\/\/www.srsa.sk\/wp-content\/uploads\/2021\/01\/ANWELL_objednavka_SRSA.pdf\" class=\"wp-block-file__button\" download>Stiahnu\u0165<\/a><\/div>\n\n\n\n<div class=\"wp-block-file\"><a href=\"https:\/\/www.srsa.sk\/wp-content\/uploads\/2021\/01\/Faktura_20181065.pdf\">Faktura_20181065<\/a><a href=\"https:\/\/www.srsa.sk\/wp-content\/uploads\/2021\/01\/Faktura_20181065.pdf\" class=\"wp-block-file__button\" download>Stiahnu\u0165<\/a><\/div>\n\n\n","protected":false},"excerpt":{"rendered":"<p>Finan\u010dn\u00e1 podpora od \u00daradu vl\u00e1dy SR pomohla Slovenskej rope skippingovej asoci\u00e1cii rozv\u00edja\u0165 \u0161port rope skipping. Slovensk\u00e1 rope skippingov\u00e1 asoci\u00e1cia z\u00edskala finan\u010dn\u00fa podporu od \u00daradu vl\u00e1dy SR v programe Podpora rozvoja \u0161portu 2018. N\u00e1zov projektu: Rope skipping \u2013 nov\u00fd \u0161port na Slovensku Poskytnut\u00e1 dot\u00e1cia: 3000 Eur \u010c\u00edslo zmluvy: \u00a0CEZ \u00daV SR 350\/2018 Term\u00edn realiz\u00e1cie projektu: 1.4.2018 [&hellip;]<\/p>\n","protected":false},"author":1,"featured_media":0,"parent":0,"menu_order":0,"comment_status":"closed","ping_status":"closed","template":"","meta":{"footnotes":""},"class_list":["post-3719","page","type-page","status-publish","hentry"],"yoast_head":"<!-- This site is optimized with the Yoast SEO plugin v27.5 - https:\/\/yoast.com\/product\/yoast-seo-wordpress\/ -->\n<title>Finan\u010dn\u00e1 podpora &#187; Slovensk\u00e1 rope skippingov\u00e1 asoci\u00e1cia<\/title>\n<meta name=\"robots\" content=\"noindex, nofollow\" \/>\n<meta property=\"og:locale\" content=\"sk_SK\" \/>\n<meta property=\"og:type\" content=\"article\" \/>\n<meta property=\"og:title\" content=\"Finan\u010dn\u00e1 podpora &#187; Slovensk\u00e1 rope skippingov\u00e1 asoci\u00e1cia\" \/>\n<meta property=\"og:description\" content=\"Finan\u010dn\u00e1 podpora od \u00daradu vl\u00e1dy SR pomohla Slovenskej rope skippingovej asoci\u00e1cii rozv\u00edja\u0165 \u0161port rope skipping. Slovensk\u00e1 rope skippingov\u00e1 asoci\u00e1cia z\u00edskala finan\u010dn\u00fa podporu od \u00daradu vl\u00e1dy SR v programe Podpora rozvoja \u0161portu 2018. N\u00e1zov projektu: Rope skipping \u2013 nov\u00fd \u0161port na Slovensku Poskytnut\u00e1 dot\u00e1cia: 3000 Eur \u010c\u00edslo zmluvy: \u00a0CEZ \u00daV SR 350\/2018 Term\u00edn realiz\u00e1cie projektu: 1.4.2018 [&hellip;]\" \/>\n<meta property=\"og:url\" content=\"https:\/\/www.srsa.sk\/?page_id=3719\" \/>\n<meta property=\"og:site_name\" content=\"Slovensk\u00e1 rope skippingov\u00e1 asoci\u00e1cia\" \/>\n<meta property=\"article:modified_time\" content=\"2021-01-21T12:31:27+00:00\" \/>\n<meta name=\"twitter:card\" content=\"summary_large_image\" \/>\n<meta name=\"twitter:label1\" content=\"Predpokladan\u00fd \u010das \u010d\u00edtania\" \/>\n\t<meta name=\"twitter:data1\" content=\"1 min\u00fata\" \/>\n<script type=\"application\/ld+json\" class=\"yoast-schema-graph\">{\"@context\":\"https:\\\/\\\/schema.org\",\"@graph\":[{\"@type\":\"WebPage\",\"@id\":\"https:\\\/\\\/www.srsa.sk\\\/?page_id=3719\",\"url\":\"https:\\\/\\\/www.srsa.sk\\\/?page_id=3719\",\"name\":\"Finan\u010dn\u00e1 podpora &#187; Slovensk\u00e1 rope skippingov\u00e1 asoci\u00e1cia\",\"isPartOf\":{\"@id\":\"https:\\\/\\\/www.srsa.sk\\\/#website\"},\"datePublished\":\"2019-01-10T12:19:00+00:00\",\"dateModified\":\"2021-01-21T12:31:27+00:00\",\"breadcrumb\":{\"@id\":\"https:\\\/\\\/www.srsa.sk\\\/?page_id=3719#breadcrumb\"},\"inLanguage\":\"sk-SK\",\"potentialAction\":[{\"@type\":\"ReadAction\",\"target\":[\"https:\\\/\\\/www.srsa.sk\\\/?page_id=3719\"]}]},{\"@type\":\"BreadcrumbList\",\"@id\":\"https:\\\/\\\/www.srsa.sk\\\/?page_id=3719#breadcrumb\",\"itemListElement\":[{\"@type\":\"ListItem\",\"position\":1,\"name\":\"Home\",\"item\":\"https:\\\/\\\/www.srsa.sk\\\/\"},{\"@type\":\"ListItem\",\"position\":2,\"name\":\"Finan\u010dn\u00e1 podpora\"}]},{\"@type\":\"WebSite\",\"@id\":\"https:\\\/\\\/www.srsa.sk\\\/#website\",\"url\":\"https:\\\/\\\/www.srsa.sk\\\/\",\"name\":\"Slovensk\u00e1 rope skippingov\u00e1 asoci\u00e1cia\",\"description\":\"...tam, kde kon\u010d\u00ed sk\u00e1kanie cez \u0161vihadlo, za\u010d\u00edna rope skipping\",\"potentialAction\":[{\"@type\":\"SearchAction\",\"target\":{\"@type\":\"EntryPoint\",\"urlTemplate\":\"https:\\\/\\\/www.srsa.sk\\\/?s={search_term_string}\"},\"query-input\":{\"@type\":\"PropertyValueSpecification\",\"valueRequired\":true,\"valueName\":\"search_term_string\"}}],\"inLanguage\":\"sk-SK\"}]}<\/script>\n<!-- \/ Yoast SEO plugin. -->","yoast_head_json":{"title":"Finan\u010dn\u00e1 podpora &#187; Slovensk\u00e1 rope skippingov\u00e1 asoci\u00e1cia","robots":{"index":"noindex","follow":"nofollow"},"og_locale":"sk_SK","og_type":"article","og_title":"Finan\u010dn\u00e1 podpora &#187; Slovensk\u00e1 rope skippingov\u00e1 asoci\u00e1cia","og_description":"Finan\u010dn\u00e1 podpora od \u00daradu vl\u00e1dy SR pomohla Slovenskej rope skippingovej asoci\u00e1cii rozv\u00edja\u0165 \u0161port rope skipping. Slovensk\u00e1 rope skippingov\u00e1 asoci\u00e1cia z\u00edskala finan\u010dn\u00fa podporu od \u00daradu vl\u00e1dy SR v programe Podpora rozvoja \u0161portu 2018. N\u00e1zov projektu: Rope skipping \u2013 nov\u00fd \u0161port na Slovensku Poskytnut\u00e1 dot\u00e1cia: 3000 Eur \u010c\u00edslo zmluvy: \u00a0CEZ \u00daV SR 350\/2018 Term\u00edn realiz\u00e1cie projektu: 1.4.2018 [&hellip;]","og_url":"https:\/\/www.srsa.sk\/?page_id=3719","og_site_name":"Slovensk\u00e1 rope skippingov\u00e1 asoci\u00e1cia","article_modified_time":"2021-01-21T12:31:27+00:00","twitter_card":"summary_large_image","twitter_misc":{"Predpokladan\u00fd \u010das \u010d\u00edtania":"1 min\u00fata"},"schema":{"@context":"https:\/\/schema.org","@graph":[{"@type":"WebPage","@id":"https:\/\/www.srsa.sk\/?page_id=3719","url":"https:\/\/www.srsa.sk\/?page_id=3719","name":"Finan\u010dn\u00e1 podpora &#187; Slovensk\u00e1 rope skippingov\u00e1 asoci\u00e1cia","isPartOf":{"@id":"https:\/\/www.srsa.sk\/#website"},"datePublished":"2019-01-10T12:19:00+00:00","dateModified":"2021-01-21T12:31:27+00:00","breadcrumb":{"@id":"https:\/\/www.srsa.sk\/?page_id=3719#breadcrumb"},"inLanguage":"sk-SK","potentialAction":[{"@type":"ReadAction","target":["https:\/\/www.srsa.sk\/?page_id=3719"]}]},{"@type":"BreadcrumbList","@id":"https:\/\/www.srsa.sk\/?page_id=3719#breadcrumb","itemListElement":[{"@type":"ListItem","position":1,"name":"Home","item":"https:\/\/www.srsa.sk\/"},{"@type":"ListItem","position":2,"name":"Finan\u010dn\u00e1 podpora"}]},{"@type":"WebSite","@id":"https:\/\/www.srsa.sk\/#website","url":"https:\/\/www.srsa.sk\/","name":"Slovensk\u00e1 rope skippingov\u00e1 asoci\u00e1cia","description":"...tam, kde kon\u010d\u00ed sk\u00e1kanie cez \u0161vihadlo, za\u010d\u00edna rope skipping","potentialAction":[{"@type":"SearchAction","target":{"@type":"EntryPoint","urlTemplate":"https:\/\/www.srsa.sk\/?s={search_term_string}"},"query-input":{"@type":"PropertyValueSpecification","valueRequired":true,"valueName":"search_term_string"}}],"inLanguage":"sk-SK"}]}},"_links":{"self":[{"href":"https:\/\/www.srsa.sk\/index.php?rest_route=\/wp\/v2\/pages\/3719","targetHints":{"allow":["GET"]}}],"collection":[{"href":"https:\/\/www.srsa.sk\/index.php?rest_route=\/wp\/v2\/pages"}],"about":[{"href":"https:\/\/www.srsa.sk\/index.php?rest_route=\/wp\/v2\/types\/page"}],"author":[{"embeddable":true,"href":"https:\/\/www.srsa.sk\/index.php?rest_route=\/wp\/v2\/users\/1"}],"replies":[{"embeddable":true,"href":"https:\/\/www.srsa.sk\/index.php?rest_route=%2Fwp%2Fv2%2Fcomments&post=3719"}],"version-history":[{"count":7,"href":"https:\/\/www.srsa.sk\/index.php?rest_route=\/wp\/v2\/pages\/3719\/revisions"}],"predecessor-version":[{"id":3731,"href":"https:\/\/www.srsa.sk\/index.php?rest_route=\/wp\/v2\/pages\/3719\/revisions\/3731"}],"wp:attachment":[{"href":"https:\/\/www.srsa.sk\/index.php?rest_route=%2Fwp%2Fv2%2Fmedia&parent=3719"}],"curies":[{"name":"wp","href":"https:\/\/api.w.org\/{rel}","templated":true}]}}