{"id":3109,"date":"2022-02-08T09:57:00","date_gmt":"2022-02-08T08:57:00","guid":{"rendered":"http:\/\/www.srsa.sk\/?page_id=3109"},"modified":"2026-01-19T21:34:26","modified_gmt":"2026-01-19T20:34:26","slug":"majstrovstva-europy","status":"publish","type":"page","link":"https:\/\/www.srsa.sk\/?page_id=3109","title":{"rendered":"Majstrovstv\u00e1 Eur\u00f3py"},"content":{"rendered":"\n<figure class=\"wp-block-image\"><img loading=\"lazy\" decoding=\"async\" width=\"1024\" height=\"719\" src=\"https:\/\/www.srsa.sk\/wp-content\/uploads\/2022\/03\/oberlaender-190719434-1024x719.jpg\" alt=\"\" class=\"wp-image-4207\" srcset=\"https:\/\/www.srsa.sk\/wp-content\/uploads\/2022\/03\/oberlaender-190719434-1024x719.jpg 1024w, https:\/\/www.srsa.sk\/wp-content\/uploads\/2022\/03\/oberlaender-190719434-300x211.jpg 300w, https:\/\/www.srsa.sk\/wp-content\/uploads\/2022\/03\/oberlaender-190719434-768x540.jpg 768w, https:\/\/www.srsa.sk\/wp-content\/uploads\/2022\/03\/oberlaender-190719434-1536x1079.jpg 1536w, https:\/\/www.srsa.sk\/wp-content\/uploads\/2022\/03\/oberlaender-190719434-2048x1439.jpg 2048w, https:\/\/www.srsa.sk\/wp-content\/uploads\/2022\/03\/oberlaender-190719434-427x300.jpg 427w\" sizes=\"auto, (max-width: 1024px) 100vw, 1024px\" \/><figcaption class=\"wp-element-caption\">FOTO: GRAZ,AUSTRIA,19.Juli19 &#8211; Europameisterschaft Rope Skipping. Foto: oberlaender media e.h.<\/figcaption><\/figure>\n\n\n\n<p><\/p>\n\n\n\n<p class=\"has-white-color has-text-color has-background\" style=\"background-color:#70b04e\">Majstrovstv\u00e1 Eur\u00f3py v \u0161porte rope skipping je v\u00fdznamn\u00e9 podujatie, ktor\u00e9 sa kon\u00e1 ka\u017ed\u00e9 dva roky a hos\u0165uje ich v\u017edy in\u00e1 eur\u00f3pska krajina. Hos\u0165uj\u00faca krajina je vybran\u00e1 a ods\u00fahlasen\u00e1 ostatn\u00fdmi eur\u00f3pskymi krajinami patriacimi pod ERSO &#8211; Eur\u00f3psku rope skippingov\u00fa asoci\u00e1ciu hlasovan\u00edm.  <\/p>\n\n\n\n<p class=\"has-white-color has-vivid-red-background-color has-text-color has-background\"><strong>Pre rok 2022 bolo hos\u0165uj\u00facou krajinou Slovensko! <\/strong><\/p>\n\n\n\n<p>Toto v\u00fdznamn\u00e9 podujatie v \u0161porte rope skipping sa sklad\u00e1 zo \u0161tyroch eur\u00f3pskych \u0161ampion\u00e1tov, a&nbsp;to:<\/p>\n\n\n\n<p><strong>Majstrovstv\u00e1 Eur\u00f3py &#8211; ME <\/strong>(EC &#8211; European Championships) &#8211; medzin\u00e1rodn\u00e9 podujatie v \u0161porte rope skipping \/ jump rope, ktor\u00e9 je ur\u010den\u00e9 pre \u0161portovcov vo veku od 16 rokov<\/p>\n\n\n\n<p><strong>Majstrovstv\u00e1 Eur\u00f3py juniorov &#8211; MEJ<\/strong> (JEC \u2013 Junior European Championships) &#8211; medzin\u00e1rodn\u00e9 podujatie v \u0161porte rope skipping \/ jump rope, ktor\u00e9 je ur\u010den\u00e9 pre \u0161portovcov vo veku od 12 do 15 rokov<\/p>\n\n\n\n<p><strong>Eur\u00f3psky<\/strong> <strong>otvoren\u00fd turnaj &#8211; EOT<\/strong> (EOT \u2013 European Open Tournament) &#8211; medzin\u00e1rodn\u00e9 podujatie, ktor\u00e9 prebieha popri Majstrovstv\u00e1ch Eur\u00f3py v \u0161porte rope skipping \/ jump rope ako podpora \u00fa\u010dasti viacer\u00fdch \u0161portovcov na medzin\u00e1rodnom podujat\u00ed, nako\u013eko po\u010det miest na ME je obmedzen\u00fd<\/p>\n\n\n\n<p><strong>Double dutch contest \u2013 DDC<\/strong> \u2013 medzin\u00e1rodn\u00e9 podujatie, ktor\u00e9 prebieha popri Majstrovstv\u00e1ch Eur\u00f3py v \u0161porte rope skipping \/ jump rope vo vekov\u00fdch kateg\u00f3ri\u00e1ch 12-15 rokov a 16+ rokov. <\/p>\n\n\n\n<p><\/p>\n\n\n\n<p>V\u0161etci \u0161portovci, ktor\u00ed maj\u00fa z\u00e1ujem z\u00fa\u010dastni\u0165 sa ME, MEJ alebo EOT sa musia kvalifikova\u0165.<\/p>\n\n\n\n<p><strong>Registr\u00e1cia \u00fa\u010dastn\u00edkov <\/strong><\/p>\n\n\n\n<p>Registr\u00e1cia \u00fa\u010dastn\u00edkov sa mus\u00ed uskuto\u010d\u0148ova\u0165 prostredn\u00edctvom n\u00e1rodnej organiz\u00e1cie \u2013 Slovensk\u00e1 rope skippingov\u00e1 asoci\u00e1cia. ERSO nevybavuje registr\u00e1cie jednotliv\u00fdch \u00fa\u010dastn\u00edkov.<\/p>\n\n\n\n<p><strong>Registr\u00e1cia rozhodcov <\/strong><\/p>\n\n\n\n<p>Klub\/oddiel je pod\u013ea pravidiel povinn\u00fd zabezpe\u010di\u0165 certifikovan\u00fdch rozhodcov. Rozhodcovia musia by\u0165 certifikovan\u00ed na \u00farove\u0148 3 a z\u00e1rove\u0148 by\u0165 riadne zap\u00edsan\u00fd ako \u0161portov\u00fd odborn\u00edk Slovenskej rope skippingovej asoci\u00e1cie &#8211; rozhodca SRSA.  V pr\u00edpade nedodania certifikovan\u00fdch rozhodcov bude nutn\u00e9 uhradi\u0165 pokutu vo v\u00fd\u0161ke 400 Eur za ka\u017ed\u00e9ho ch\u00fdbaj\u00faceho rozhodcu. T\u00fato pokutu bude hradi\u0165 klub, ktor\u00fd potrebn\u00fdch rozhodcov nezabezpe\u010d\u00ed.<\/p>\n\n\n\n<figure class=\"wp-block-pullquote has-border-color\" style=\"border-color:#70b04e;border-style:solid;font-style:normal;font-weight:500\"><blockquote><p><a href=\"https:\/\/www.srsa.sk\/?page_id=4921\" target=\"_blank\" rel=\"noreferrer noopener\">Majstrovstv\u00e1 Eur\u00f3py 2026<\/a><\/p><\/blockquote><\/figure>\n\n\n\n<blockquote class=\"wp-block-quote is-layout-flow wp-block-quote-is-layout-flow\">\n<p><a href=\"https:\/\/www.srsa.sk\/?p=4636\" target=\"_blank\" rel=\"noreferrer noopener\">Majstrovstv\u00e1 Eur\u00f3py 2024<\/a><\/p>\n<\/blockquote>\n\n\n\n<blockquote class=\"wp-block-quote is-layout-flow wp-block-quote-is-layout-flow\">\n<p><a href=\"https:\/\/www.srsa.sk\/?p=4227\" target=\"_blank\" rel=\"noreferrer noopener\">Majstrovstv\u00e1 Eur\u00f3py 2022, Bratislava Slovensko<\/a><\/p>\n<\/blockquote>\n\n\n\n<blockquote class=\"wp-block-quote is-layout-flow wp-block-quote-is-layout-flow\">\n<p><a href=\"https:\/\/www.srsa.sk\/?p=1511\" target=\"_blank\" rel=\"noreferrer noopener\">Majstrovstv\u00e1 Eur\u00f3py 2019, Graz, Rak\u00fasko <\/a><\/p>\n<\/blockquote>\n\n\n\n<blockquote class=\"wp-block-quote is-layout-flow wp-block-quote-is-layout-flow\">\n<p><a href=\"https:\/\/www.srsa.sk\/?p=1536\" target=\"_blank\" rel=\"noreferrer noopener\">Majstrovstv\u00e1 Eur\u00f3py 2017, Braga, Portugalsko<\/a><\/p>\n<\/blockquote>\n\n\n\n<blockquote class=\"wp-block-quote is-layout-flow wp-block-quote-is-layout-flow\">\n<p><a href=\"https:\/\/www.srsa.sk\/?p=2185\" target=\"_blank\" rel=\"noreferrer noopener\">ME 2015, Idar-Oberstein, Nemecko<\/a><\/p>\n<\/blockquote>\n\n\n\n\n","protected":false},"excerpt":{"rendered":"<p>Majstrovstv\u00e1 Eur\u00f3py v \u0161porte rope skipping je v\u00fdznamn\u00e9 podujatie, ktor\u00e9 sa kon\u00e1 ka\u017ed\u00e9 dva roky a hos\u0165uje ich v\u017edy in\u00e1 eur\u00f3pska krajina. Hos\u0165uj\u00faca krajina je vybran\u00e1 a ods\u00fahlasen\u00e1 ostatn\u00fdmi eur\u00f3pskymi krajinami patriacimi pod ERSO &#8211; Eur\u00f3psku rope skippingov\u00fa asoci\u00e1ciu hlasovan\u00edm. Pre rok 2022 bolo hos\u0165uj\u00facou krajinou Slovensko! Toto v\u00fdznamn\u00e9 podujatie v \u0161porte rope skipping sa [&hellip;]<\/p>\n","protected":false},"author":1,"featured_media":0,"parent":0,"menu_order":0,"comment_status":"closed","ping_status":"closed","template":"","meta":{"footnotes":""},"class_list":["post-3109","page","type-page","status-publish","hentry"],"yoast_head":"<!-- This site is optimized with the Yoast SEO plugin v26.8 - https:\/\/yoast.com\/product\/yoast-seo-wordpress\/ -->\n<title>Majstrovstv\u00e1 Eur\u00f3py &#187; Slovensk\u00e1 rope skippingov\u00e1 asoci\u00e1cia<\/title>\n<meta name=\"description\" content=\"Majstrovstv\u00e1 Eur\u00f3py v \u0161porte rope skipping sa konaj\u00fa ka\u017ed\u00e9 dva roky a hos\u0165uje ich v\u017edy in\u00e1 eur\u00f3pska krajina.\" \/>\n<meta name=\"robots\" content=\"index, follow, max-snippet:-1, max-image-preview:large, max-video-preview:-1\" \/>\n<link rel=\"canonical\" href=\"https:\/\/www.srsa.sk\/?page_id=3109\" \/>\n<meta property=\"og:locale\" content=\"sk_SK\" \/>\n<meta property=\"og:type\" content=\"article\" \/>\n<meta property=\"og:title\" content=\"Majstrovstv\u00e1 Eur\u00f3py &#187; Slovensk\u00e1 rope skippingov\u00e1 asoci\u00e1cia\" \/>\n<meta property=\"og:description\" content=\"Majstrovstv\u00e1 Eur\u00f3py v \u0161porte rope skipping sa konaj\u00fa ka\u017ed\u00e9 dva roky a hos\u0165uje ich v\u017edy in\u00e1 eur\u00f3pska krajina.\" \/>\n<meta property=\"og:url\" content=\"https:\/\/www.srsa.sk\/?page_id=3109\" \/>\n<meta property=\"og:site_name\" content=\"Slovensk\u00e1 rope skippingov\u00e1 asoci\u00e1cia\" \/>\n<meta property=\"article:modified_time\" content=\"2026-01-19T20:34:26+00:00\" \/>\n<meta property=\"og:image\" content=\"http:\/\/www.srsa.sk\/wp-content\/uploads\/2022\/03\/oberlaender-190719434-1024x719.jpg\" \/>\n<meta name=\"twitter:card\" content=\"summary_large_image\" \/>\n<meta name=\"twitter:label1\" content=\"Predpokladan\u00fd \u010das \u010d\u00edtania\" \/>\n\t<meta name=\"twitter:data1\" content=\"2 min\u00faty\" \/>\n<script type=\"application\/ld+json\" class=\"yoast-schema-graph\">{\"@context\":\"https:\/\/schema.org\",\"@graph\":[{\"@type\":\"WebPage\",\"@id\":\"https:\/\/www.srsa.sk\/?page_id=3109\",\"url\":\"https:\/\/www.srsa.sk\/?page_id=3109\",\"name\":\"Majstrovstv\u00e1 Eur\u00f3py &#187; Slovensk\u00e1 rope skippingov\u00e1 asoci\u00e1cia\",\"isPartOf\":{\"@id\":\"https:\/\/www.srsa.sk\/#website\"},\"primaryImageOfPage\":{\"@id\":\"https:\/\/www.srsa.sk\/?page_id=3109#primaryimage\"},\"image\":{\"@id\":\"https:\/\/www.srsa.sk\/?page_id=3109#primaryimage\"},\"thumbnailUrl\":\"http:\/\/www.srsa.sk\/wp-content\/uploads\/2022\/03\/oberlaender-190719434-1024x719.jpg\",\"datePublished\":\"2022-02-08T08:57:00+00:00\",\"dateModified\":\"2026-01-19T20:34:26+00:00\",\"description\":\"Majstrovstv\u00e1 Eur\u00f3py v \u0161porte rope skipping sa konaj\u00fa ka\u017ed\u00e9 dva roky a hos\u0165uje ich v\u017edy in\u00e1 eur\u00f3pska krajina.\",\"breadcrumb\":{\"@id\":\"https:\/\/www.srsa.sk\/?page_id=3109#breadcrumb\"},\"inLanguage\":\"sk-SK\",\"potentialAction\":[{\"@type\":\"ReadAction\",\"target\":[\"https:\/\/www.srsa.sk\/?page_id=3109\"]}]},{\"@type\":\"ImageObject\",\"inLanguage\":\"sk-SK\",\"@id\":\"https:\/\/www.srsa.sk\/?page_id=3109#primaryimage\",\"url\":\"http:\/\/www.srsa.sk\/wp-content\/uploads\/2022\/03\/oberlaender-190719434-1024x719.jpg\",\"contentUrl\":\"http:\/\/www.srsa.sk\/wp-content\/uploads\/2022\/03\/oberlaender-190719434-1024x719.jpg\"},{\"@type\":\"BreadcrumbList\",\"@id\":\"https:\/\/www.srsa.sk\/?page_id=3109#breadcrumb\",\"itemListElement\":[{\"@type\":\"ListItem\",\"position\":1,\"name\":\"Home\",\"item\":\"https:\/\/www.srsa.sk\/\"},{\"@type\":\"ListItem\",\"position\":2,\"name\":\"Majstrovstv\u00e1 Eur\u00f3py\"}]},{\"@type\":\"WebSite\",\"@id\":\"https:\/\/www.srsa.sk\/#website\",\"url\":\"https:\/\/www.srsa.sk\/\",\"name\":\"Slovensk\u00e1 rope skippingov\u00e1 asoci\u00e1cia\",\"description\":\"...tam, kde kon\u010d\u00ed sk\u00e1kanie cez \u0161vihadlo, za\u010d\u00edna rope skipping\",\"potentialAction\":[{\"@type\":\"SearchAction\",\"target\":{\"@type\":\"EntryPoint\",\"urlTemplate\":\"https:\/\/www.srsa.sk\/?s={search_term_string}\"},\"query-input\":{\"@type\":\"PropertyValueSpecification\",\"valueRequired\":true,\"valueName\":\"search_term_string\"}}],\"inLanguage\":\"sk-SK\"}]}<\/script>\n<!-- \/ Yoast SEO plugin. -->","yoast_head_json":{"title":"Majstrovstv\u00e1 Eur\u00f3py &#187; Slovensk\u00e1 rope skippingov\u00e1 asoci\u00e1cia","description":"Majstrovstv\u00e1 Eur\u00f3py v \u0161porte rope skipping sa konaj\u00fa ka\u017ed\u00e9 dva roky a hos\u0165uje ich v\u017edy in\u00e1 eur\u00f3pska krajina.","robots":{"index":"index","follow":"follow","max-snippet":"max-snippet:-1","max-image-preview":"max-image-preview:large","max-video-preview":"max-video-preview:-1"},"canonical":"https:\/\/www.srsa.sk\/?page_id=3109","og_locale":"sk_SK","og_type":"article","og_title":"Majstrovstv\u00e1 Eur\u00f3py &#187; Slovensk\u00e1 rope skippingov\u00e1 asoci\u00e1cia","og_description":"Majstrovstv\u00e1 Eur\u00f3py v \u0161porte rope skipping sa konaj\u00fa ka\u017ed\u00e9 dva roky a hos\u0165uje ich v\u017edy in\u00e1 eur\u00f3pska krajina.","og_url":"https:\/\/www.srsa.sk\/?page_id=3109","og_site_name":"Slovensk\u00e1 rope skippingov\u00e1 asoci\u00e1cia","article_modified_time":"2026-01-19T20:34:26+00:00","og_image":[{"url":"http:\/\/www.srsa.sk\/wp-content\/uploads\/2022\/03\/oberlaender-190719434-1024x719.jpg","type":"","width":"","height":""}],"twitter_card":"summary_large_image","twitter_misc":{"Predpokladan\u00fd \u010das \u010d\u00edtania":"2 min\u00faty"},"schema":{"@context":"https:\/\/schema.org","@graph":[{"@type":"WebPage","@id":"https:\/\/www.srsa.sk\/?page_id=3109","url":"https:\/\/www.srsa.sk\/?page_id=3109","name":"Majstrovstv\u00e1 Eur\u00f3py &#187; Slovensk\u00e1 rope skippingov\u00e1 asoci\u00e1cia","isPartOf":{"@id":"https:\/\/www.srsa.sk\/#website"},"primaryImageOfPage":{"@id":"https:\/\/www.srsa.sk\/?page_id=3109#primaryimage"},"image":{"@id":"https:\/\/www.srsa.sk\/?page_id=3109#primaryimage"},"thumbnailUrl":"http:\/\/www.srsa.sk\/wp-content\/uploads\/2022\/03\/oberlaender-190719434-1024x719.jpg","datePublished":"2022-02-08T08:57:00+00:00","dateModified":"2026-01-19T20:34:26+00:00","description":"Majstrovstv\u00e1 Eur\u00f3py v \u0161porte rope skipping sa konaj\u00fa ka\u017ed\u00e9 dva roky a hos\u0165uje ich v\u017edy in\u00e1 eur\u00f3pska krajina.","breadcrumb":{"@id":"https:\/\/www.srsa.sk\/?page_id=3109#breadcrumb"},"inLanguage":"sk-SK","potentialAction":[{"@type":"ReadAction","target":["https:\/\/www.srsa.sk\/?page_id=3109"]}]},{"@type":"ImageObject","inLanguage":"sk-SK","@id":"https:\/\/www.srsa.sk\/?page_id=3109#primaryimage","url":"http:\/\/www.srsa.sk\/wp-content\/uploads\/2022\/03\/oberlaender-190719434-1024x719.jpg","contentUrl":"http:\/\/www.srsa.sk\/wp-content\/uploads\/2022\/03\/oberlaender-190719434-1024x719.jpg"},{"@type":"BreadcrumbList","@id":"https:\/\/www.srsa.sk\/?page_id=3109#breadcrumb","itemListElement":[{"@type":"ListItem","position":1,"name":"Home","item":"https:\/\/www.srsa.sk\/"},{"@type":"ListItem","position":2,"name":"Majstrovstv\u00e1 Eur\u00f3py"}]},{"@type":"WebSite","@id":"https:\/\/www.srsa.sk\/#website","url":"https:\/\/www.srsa.sk\/","name":"Slovensk\u00e1 rope skippingov\u00e1 asoci\u00e1cia","description":"...tam, kde kon\u010d\u00ed sk\u00e1kanie cez \u0161vihadlo, za\u010d\u00edna rope skipping","potentialAction":[{"@type":"SearchAction","target":{"@type":"EntryPoint","urlTemplate":"https:\/\/www.srsa.sk\/?s={search_term_string}"},"query-input":{"@type":"PropertyValueSpecification","valueRequired":true,"valueName":"search_term_string"}}],"inLanguage":"sk-SK"}]}},"_links":{"self":[{"href":"https:\/\/www.srsa.sk\/index.php?rest_route=\/wp\/v2\/pages\/3109","targetHints":{"allow":["GET"]}}],"collection":[{"href":"https:\/\/www.srsa.sk\/index.php?rest_route=\/wp\/v2\/pages"}],"about":[{"href":"https:\/\/www.srsa.sk\/index.php?rest_route=\/wp\/v2\/types\/page"}],"author":[{"embeddable":true,"href":"https:\/\/www.srsa.sk\/index.php?rest_route=\/wp\/v2\/users\/1"}],"replies":[{"embeddable":true,"href":"https:\/\/www.srsa.sk\/index.php?rest_route=%2Fwp%2Fv2%2Fcomments&post=3109"}],"version-history":[{"count":20,"href":"https:\/\/www.srsa.sk\/index.php?rest_route=\/wp\/v2\/pages\/3109\/revisions"}],"predecessor-version":[{"id":4949,"href":"https:\/\/www.srsa.sk\/index.php?rest_route=\/wp\/v2\/pages\/3109\/revisions\/4949"}],"wp:attachment":[{"href":"https:\/\/www.srsa.sk\/index.php?rest_route=%2Fwp%2Fv2%2Fmedia&parent=3109"}],"curies":[{"name":"wp","href":"https:\/\/api.w.org\/{rel}","templated":true}]}}