{"id":2857,"date":"2020-02-19T09:34:24","date_gmt":"2020-02-19T08:34:24","guid":{"rendered":"http:\/\/www.srsa.sk\/?page_id=2857"},"modified":"2026-04-27T13:37:52","modified_gmt":"2026-04-27T12:37:52","slug":"majstrovstva-slovenskej-republiky","status":"publish","type":"page","link":"https:\/\/www.srsa.sk\/?page_id=2857","title":{"rendered":"Majstrovstv\u00e1 Slovenskej republiky"},"content":{"rendered":"\n<p class=\"has-text-color has-background\" style=\"color:#f0f3f5;background-color:#70b04e\">Majstrovstv\u00e1 Slovenskej republiky v \u0161porte rope skipping \/jump rope, \u010di\u017ee v sk\u00e1kan\u00ed cez \u0161vihadlo s\u00fa otvoren\u00e9 pre v\u0161etk\u00fdch \u0161portovcov. \u0160portovci maj\u00fa mo\u017enos\u0165 z\u00edska\u0165 titul Majster Slovenskej republiky. <\/p>\n\n\n\n<p>Na Majstrovstv\u00e1ch SR s\u00fa otvoren\u00e9 s\u00fa\u0165a\u017en\u00e9 discipl\u00edny pod\u013ea svetov\u00fdch pravidiel IJRU aplikovan\u00e9 na podmienky Slovenskej republiky. V\u00fdnimkou je s\u00fa\u0165a\u017en\u00e1 discipl\u00edna SR Double Unders 30s (dvoj\u0161vihy), ktor\u00e1 nie je pod\u013ea svetov\u00fdch pravidiel zaraden\u00e1 medzi s\u00fa\u0165a\u017en\u00e9 discipl\u00edny jednotlivcov na v\u00fdznamn\u00fdch s\u00fa\u0165a\u017eiach, je v\u0161ak predpokladom na zaradenie \u0161portovcov do teamovej s\u00fa\u0165a\u017enej discipl\u00edny SR Under Relay 2x30s, ktor\u00e1 je pod\u013ea svetov\u00fdch pravidiel zaraden\u00e1 medzi s\u00fa\u0165a\u017en\u00e9 discipl\u00edny na v\u00fdznamn\u00fdch s\u00fa\u0165a\u017eiach.<\/p>\n\n\n\n<p>Svetov\u00e9 pravidl\u00e1 IJRU povo\u013euj\u00fa \u0161tart v tejto discipl\u00edne len \u0161portovcom nad 16 rokov, nako\u013eko je t\u00e1to discipl\u00edna n\u00e1ro\u010dn\u00e1 a je bez \u010dasov\u00e9ho limitu. <\/p>\n\n\n\n<h5 class=\"wp-block-heading\"><strong>S\u00fa\u0165a\u017en\u00e9 discipl\u00edny a vekov\u00e9 kateg\u00f3rie<\/strong><\/h5>\n\n\n\n<figure class=\"wp-block-image size-large\"><img loading=\"lazy\" decoding=\"async\" width=\"398\" height=\"499\" src=\"https:\/\/www.srsa.sk\/wp-content\/uploads\/2020\/02\/majstrovstva-slovenska-rope-skipping-jump-rope-.jpg\" alt=\"majstrovstva slovenskej rebubliky skakanie cez svihadlo\" class=\"wp-image-2911\" srcset=\"https:\/\/www.srsa.sk\/wp-content\/uploads\/2020\/02\/majstrovstva-slovenska-rope-skipping-jump-rope-.jpg 398w, https:\/\/www.srsa.sk\/wp-content\/uploads\/2020\/02\/majstrovstva-slovenska-rope-skipping-jump-rope--239x300.jpg 239w\" sizes=\"auto, (max-width: 398px) 100vw, 398px\" \/><\/figure>\n\n\n\n<p>Majstrovstv\u00e1 Slovenskej republiky v \u0161porte rope skipping &#8211; s\u00fa\u0165a\u017en\u00e9 discipl\u00edny:  <\/p>\n\n\n\n<p><strong>S\u00fa\u0165a\u017en\u00e9 discipl\u00edny pre jednotlivcov: <\/strong><\/p>\n\n\n\n<p>SRSS &#8211; Single rope Speed Sprint  30 s<\/p>\n\n\n\n<p>SRSE &#8211; Single rope Speed Endurance 3 min.<\/p>\n\n\n\n<p>SRDU- Single rope Double Unders  30 s<\/p>\n\n\n\n<p>SRTU &#8211; Single rope Triple Unders &#8211; iba vekov\u00e1 kateg\u00f3ria 16+<\/p>\n\n\n\n<p>SRIF &#8211; Single rope Individual Freestyle &#8211; iba vekov\u00e9 kateg\u00f3rie 12-15 a 16+<\/p>\n\n\n\n<p><\/p>\n\n\n\n<p><strong>S\u00fa\u0165a\u017en\u00e9 discipl\u00edny pre t\u00edmy: <\/strong><\/p>\n\n\n\n<p>SRSR &#8211; Single rope Speed Relay 4&#215;30 s<\/p>\n\n\n\n<p>SRTF &#8211; Single rope Team Freestyle <\/p>\n\n\n\n<p>SRDR &#8211; Single rope Double Under Relay 2&#215;30<\/p>\n\n\n\n<p>SRPF &#8211; Single rope pair Freestyle <\/p>\n\n\n\n<p>DDSS &#8211; Double Dutch Speed Sprint 1&#215;60<\/p>\n\n\n\n<p>DDSF &#8211; Double Dutch Single Freestyle <\/p>\n\n\n\n<p>DDSR &#8211; Double Dutch Speed Relay 4&#215;30<\/p>\n\n\n\n<p>DDPF &#8211; Double Dutch Pair Freestyle <\/p>\n\n\n\n<p><\/p>\n\n\n\n<p><strong>Vekov\u00e9 kateg\u00f3rie<\/strong><\/p>\n\n\n\n<p>Junior: 12-15 rokov<\/p>\n\n\n\n<p>Master: nad 16 rokov <\/p>\n\n\n\n<p>V&nbsp;jednej s\u00fa\u0165a\u017enej discipl\u00edne pod\u013ea veku a&nbsp;pohlavia musia by\u0165 aspo\u0148 4 s\u00fa\u0165a\u017eiaci\/4 t\u00edmy. V&nbsp;pr\u00edpade men\u0161ieho po\u010dtu ako s\u00fa\u0165a\u017eiacich ako 4 dan\u00e1 s\u00fa\u0165a\u017en\u00e1 discipl\u00edna m\u00f4\u017ee by\u0165 otvoren\u00e1, ale nebude vyhodnoten\u00e1. &nbsp;<\/p>\n\n\n\n<p><\/p>\n\n\n\n<p><strong>Hodnotenie s\u00fa\u0165a\u017ee<\/strong><\/p>\n\n\n\n<figure class=\"wp-block-image size-large\"><img loading=\"lazy\" decoding=\"async\" width=\"489\" height=\"240\" src=\"https:\/\/www.srsa.sk\/wp-content\/uploads\/2020\/02\/majstrovstva-slovenskej-republiky-1.jpg\" alt=\"majstrovstva slovenskej republiky\" class=\"wp-image-2909\" srcset=\"https:\/\/www.srsa.sk\/wp-content\/uploads\/2020\/02\/majstrovstva-slovenskej-republiky-1.jpg 489w, https:\/\/www.srsa.sk\/wp-content\/uploads\/2020\/02\/majstrovstva-slovenskej-republiky-1-300x147.jpg 300w\" sizes=\"auto, (max-width: 489px) 100vw, 489px\" \/><\/figure>\n\n\n\n<p><strong>Hodnotenie s\u00fa\u0165a\u017ee jednotlivcov:<\/strong><\/p>\n\n\n\n<p>Vyhr\u00e1vaj\u00fa s\u00fa\u0165a\u017eiaci s&nbsp;najvy\u0161\u0161\u00edm po\u010dtom bodov, ohodnoten\u00e9 s\u00fa prv\u00e9 tri miesta, s\u00fa\u0165a\u017eiaci, ktor\u00ed sa umiestnia na prvom, druhom a&nbsp;tre\u0165om mieste bud\u00fa odmenen\u00ed diplomom a medailou.<\/p>\n\n\n\n<p><strong>Titul MAJSTER SLOVENSKEJ REPUBLIKY <\/strong>sa ude\u013euje s\u00fa\u0165a\u017eiacemu s&nbsp;najvy\u0161\u0161\u00edm po\u010dtom bodov v&nbsp;danej vekovej kateg\u00f3rii s\u00fa\u0165a\u017enej discipl\u00edny. &nbsp;&nbsp;<\/p>\n\n\n\n<p><\/p>\n\n\n\n<p>Doporu\u010den\u00e9 v\u00fdsledky \u0161portovcov pre \u00fa\u010das\u0165 na Majstrovstv\u00e1ch Slovenskej republiky:<\/p>\n\n\n\n<figure class=\"wp-block-table\"><table><tbody><tr><td>\n  <strong>S\u00fa\u0165a\u017en\u00e1 discipl\u00edna<\/strong>\n  <\/td><td>\n  <strong>do 8 rokov<\/strong>\n  <\/td><td><strong>9-11 rokov<\/strong>   <\/td><td><strong>12-15 rokov<\/strong>   <\/td><td>   <strong>16+<\/strong>   <\/td><\/tr><tr><td><strong>Single rope SPEED<\/strong>   <\/td><td>   55 a viac   <\/td><td>   60 a viac   <\/td><td>   65 a viac   <\/td><td>70 a viac   <\/td><\/tr><tr><td><strong>Single rope Double Unders<\/strong>   <\/td><td>   50 a viac   <\/td><td>   55 a viac   <\/td><td>   60 a viac   <\/td><td>65 a viac   <\/td><\/tr><tr><td><strong>Single rope Endurance <\/strong>   <\/td><td> 200 a viac   <\/td><td> 250 a viac   <\/td><td>  300 a viac   <\/td><td>350 a viac   <\/td><\/tr><\/tbody><\/table><\/figure>\n\n\n\n<p><strong>Uveden\u00e9 v\u00fdsledky maj\u00fa doporu\u010duj\u00faci charakter, nie s\u00fa podmienkou. <\/strong>Slovensk\u00e1 rope skippingov\u00e1 asoci\u00e1cia priv\u00edta ka\u017ed\u00e9ho z\u00e1ujemcu, ktor\u00fd sa chce z\u00fa\u010dastni\u0165 Majstrovstiev SR aj bez dosiahnutia odpor\u00fa\u010dan\u00fdch v\u00fdsledkov. <\/p>\n\n\n\n<figure class=\"wp-block-image size-large\"><img loading=\"lazy\" decoding=\"async\" width=\"401\" height=\"502\" src=\"https:\/\/www.srsa.sk\/wp-content\/uploads\/2020\/02\/sutaz-v-skakani-cez-svihadlo.jpg\" alt=\"\" class=\"wp-image-2912\" srcset=\"https:\/\/www.srsa.sk\/wp-content\/uploads\/2020\/02\/sutaz-v-skakani-cez-svihadlo.jpg 401w, https:\/\/www.srsa.sk\/wp-content\/uploads\/2020\/02\/sutaz-v-skakani-cez-svihadlo-240x300.jpg 240w\" sizes=\"auto, (max-width: 401px) 100vw, 401px\" \/><\/figure>\n\n\n\n<p><\/p>\n\n\n\n<p><strong>Hodnotenie s\u00fa\u0165a\u017ee t\u00edmov:<\/strong><\/p>\n\n\n\n<p>Vyhr\u00e1va s\u00fa\u0165a\u017en\u00fd team s najvy\u0161\u0161\u00edm po\u010dtom bodov, ohodnoten\u00e9 s\u00fa prv\u00e9 tri miesta. S\u00fa\u0165a\u017eiaci, ktor\u00ed sa umiestnia na prvom, druhom a tre\u0165om mieste bud\u00fa odmenen\u00ed diplomom.<br>Titul MAJSTER SLOVENSKEJ REPUBLIKY sa v t\u00edmov\u00fdch discipl\u00ednach neude\u013euje.<\/p>\n\n\n\n<p><strong>Propoz\u00edcie n\u00e1rodnej s\u00fa\u0165a\u017ee Majstrovstv\u00e1 Slovenskej republiky 2025 si m\u00f4\u017eete stiahnu\u0165 tu:<\/strong> <\/p>\n\n\n\n<p><\/p>\n\n\n\n<div class=\"wp-block-file\"><a id=\"wp-block-file--media-758a1817-886a-45c2-af45-755919d593bf\" href=\"https:\/\/www.srsa.sk\/wp-content\/uploads\/2026\/04\/MSR-2026-propozicie.pdf\">MSR 2026 &#8211; propoz\u00edcie<\/a><a href=\"https:\/\/www.srsa.sk\/wp-content\/uploads\/2026\/04\/MSR-2026-propozicie.pdf\" class=\"wp-block-file__button wp-element-button\" download aria-describedby=\"wp-block-file--media-758a1817-886a-45c2-af45-755919d593bf\">Stiahnu\u0165<\/a><\/div>\n\n\n\n<p>Prihl\u00e1\u0161ku pre jednotlivcov si m\u00f4\u017eete stiahnu\u0165 tu: <\/p>\n\n\n\n<div class=\"wp-block-file\"><a id=\"wp-block-file--media-d2697928-33f0-4e97-8bef-cef70deb3c0b\" href=\"https:\/\/www.srsa.sk\/wp-content\/uploads\/2026\/04\/MSR-2026_prihlaska-jednotlivci.xlsx\">MSR-2026_prihlaska jednotlivci<\/a><a href=\"https:\/\/www.srsa.sk\/wp-content\/uploads\/2026\/04\/MSR-2026_prihlaska-jednotlivci.xlsx\" class=\"wp-block-file__button wp-element-button\" download aria-describedby=\"wp-block-file--media-d2697928-33f0-4e97-8bef-cef70deb3c0b\">Stiahnu\u0165<\/a><\/div>\n\n\n\n<p><\/p>\n\n\n\n<p>Prihl\u00e1\u0161ku pre t\u00edmov\u00e9 discipl\u00edny si m\u00f4\u017eete stiahnu\u0165 tu: <\/p>\n\n\n\n<div class=\"wp-block-file\"><a id=\"wp-block-file--media-ade1b756-a2d6-4aa7-b2af-8a79182d1a2a\" href=\"https:\/\/www.srsa.sk\/wp-content\/uploads\/2026\/04\/MSR-2026_prihlaska_team.xlsx\">MSR 2026_prihlaska_team<\/a><a href=\"https:\/\/www.srsa.sk\/wp-content\/uploads\/2026\/04\/MSR-2026_prihlaska_team.xlsx\" class=\"wp-block-file__button wp-element-button\" download aria-describedby=\"wp-block-file--media-ade1b756-a2d6-4aa7-b2af-8a79182d1a2a\">Stiahnu\u0165<\/a><\/div>\n\n\n\n<p><\/p>\n\n\n\n<p><strong>Predbe\u017en\u00fd harmonogram s\u00fa\u0165a\u017ee:<\/strong><\/p>\n\n\n\n<p>9.00 Otvorenie \u0161portovej haly<\/p>\n\n\n\n<p>9.00-9.30 Prezencia + kontrola veku<\/p>\n\n\n\n<p>9.45 Porada rozhodcov<\/p>\n\n\n\n<p>10.00 Otvorenie s\u00fa\u0165a\u017ee<\/p>\n\n\n\n<p>17.00 Ukon\u010denie s\u00fa\u0165a\u017ee<\/p>\n\n\n\n<p><\/p>\n\n\n\n<p><\/p>\n\n\n\n<blockquote class=\"wp-block-quote is-layout-flow wp-block-quote-is-layout-flow\">\n<p><strong>Rozdelenie \u0161portovcov do jednotliv\u00fdch s\u00fa\u0165a\u017en\u00fdch pol\u00ed na z\u00e1klade prihl\u00e1\u0161ok si m\u00f4\u017eete stiahnu\u0165 tu: <\/strong><\/p>\n<\/blockquote>\n\n\n\n<p class=\"has-white-color has-vivid-red-background-color has-text-color has-background\"><strong>Tu bud\u00fa zverejnen\u00e9 aktualizovan\u00e9 dokumenty po obdr\u017ean\u00ed prihl\u00e1\u0161ok<\/strong><\/p>\n\n\n\n<p><\/p>\n\n\n\n<p><\/p>\n\n\n\n<p><\/p>\n\n\n\n<p>O jednotliv\u00fdch ro\u010dn\u00edkoch Majstrovstiev Slovenska v \u0161porte rope skipping \/ jump rope sa m\u00f4\u017eete dozvedie\u0165 na na\u0161om webe:<\/p>\n\n\n\n<blockquote class=\"wp-block-quote is-layout-flow wp-block-quote-is-layout-flow\">\n<p><a href=\"https:\/\/www.srsa.sk\/?p=4751\" target=\"_blank\" rel=\"noreferrer noopener\">Majstrovstv\u00e1 Slovenskej republiky 2024<\/a><\/p>\n\n\n\n<p><a href=\"https:\/\/www.srsa.sk\/?p=4535\" target=\"_blank\" rel=\"noreferrer noopener\">Majstrovstv\u00e1 Slovenskej republiky 2023<\/a><\/p>\n<\/blockquote>\n\n\n\n<blockquote class=\"wp-block-quote is-layout-flow wp-block-quote-is-layout-flow\">\n<p><a href=\"https:\/\/www.srsa.sk\/?p=4056\" target=\"_blank\" rel=\"noreferrer noopener\">Majstrovstv\u00e1 Slovenskej republiky 2022<\/a><\/p>\n<\/blockquote>\n\n\n\n<blockquote class=\"wp-block-quote is-style-default is-layout-flow wp-block-quote-is-layout-flow\">\n<p><a rel=\"noreferrer noopener\" aria-label=\" (opens in a new tab)\" href=\"https:\/\/www.srsa.sk\/?p=2335\" target=\"_blank\">Majstrovstv\u00e1 Slovenskej republiky 2019<\/a><\/p>\n<\/blockquote>\n\n\n\n<blockquote class=\"wp-block-quote is-style-default is-layout-flow wp-block-quote-is-layout-flow\">\n<p><a rel=\"noreferrer noopener\" aria-label=\"Majstrovstv\u00e1 Slovenskej republiky 2018 (opens in a new tab)\" href=\"https:\/\/www.srsa.sk\/?p=1164\" target=\"_blank\">Majstrovstv\u00e1 Slovenskej republiky 2018<\/a><\/p>\n<\/blockquote>\n\n\n\n<blockquote class=\"wp-block-quote is-style-default is-layout-flow wp-block-quote-is-layout-flow\">\n<p><a href=\"https:\/\/www.srsa.sk\/?p=701\" target=\"_blank\" rel=\"noreferrer noopener\" aria-label=\" (opens in a new tab)\">Majstrovstv\u00e1 Slovenskej republiky 2017<\/a><\/p>\n<\/blockquote>\n\n\n\n<blockquote class=\"wp-block-quote is-style-large is-layout-flow wp-block-quote-is-layout-flow\">\n<p><strong>Sledujte Majstrovstv\u00e1 Slovenskej republiky v \u0161porte rope skipping na soci\u00e1lnych sie\u0165ach:<\/strong> <\/p>\n\n\n\n<p>Instagram:  <a rel=\"noreferrer noopener\" href=\"https:\/\/www.instagram.com\/ropeskippingslovakia\/\" target=\"_blank\">Rope skipping Slovakia <\/a>  <\/p>\n\n\n\n<p>Facebook: <a rel=\"noreferrer noopener\" href=\"https:\/\/www.facebook.com\/Slovenska-rope-skippingova-asociacia-677315282404952\/\" target=\"_blank\">Slovensk\u00e1 rope skippingov\u00e1 asoci\u00e1cia<\/a><\/p>\n<\/blockquote>\n\n\n","protected":false},"excerpt":{"rendered":"<p>Majstrovstv\u00e1 Slovenskej republiky v \u0161porte rope skipping \/jump rope, \u010di\u017ee v sk\u00e1kan\u00ed cez \u0161vihadlo s\u00fa otvoren\u00e9 pre v\u0161etk\u00fdch \u0161portovcov. \u0160portovci maj\u00fa mo\u017enos\u0165 z\u00edska\u0165 titul Majster Slovenskej republiky. Na Majstrovstv\u00e1ch SR s\u00fa otvoren\u00e9 s\u00fa\u0165a\u017en\u00e9 discipl\u00edny pod\u013ea svetov\u00fdch pravidiel IJRU aplikovan\u00e9 na podmienky Slovenskej republiky. V\u00fdnimkou je s\u00fa\u0165a\u017en\u00e1 discipl\u00edna SR Double Unders 30s (dvoj\u0161vihy), ktor\u00e1 nie je [&hellip;]<\/p>\n","protected":false},"author":1,"featured_media":2903,"parent":0,"menu_order":0,"comment_status":"closed","ping_status":"closed","template":"","meta":{"footnotes":""},"class_list":["post-2857","page","type-page","status-publish","has-post-thumbnail","hentry"],"yoast_head":"<!-- This site is optimized with the Yoast SEO plugin v26.8 - https:\/\/yoast.com\/product\/yoast-seo-wordpress\/ -->\n<title>Majstrovstv\u00e1 Slovenskej republiky &#187; Slovensk\u00e1 rope skippingov\u00e1 asoci\u00e1cia<\/title>\n<meta name=\"description\" content=\"Majstrovstv\u00e1 Slovenskej republiky v \u0161porte rope skipping sa konaj\u00fa ka\u017edoro\u010dne v r\u00fdchlostn\u00fdch, ale aj freestyle s\u00fa\u0165a\u017en\u00fdch discipl\u00ednach.\" \/>\n<meta name=\"robots\" content=\"index, follow, max-snippet:-1, max-image-preview:large, max-video-preview:-1\" \/>\n<link rel=\"canonical\" href=\"https:\/\/www.srsa.sk\/?page_id=2857\" \/>\n<meta property=\"og:locale\" content=\"sk_SK\" \/>\n<meta property=\"og:type\" content=\"article\" \/>\n<meta property=\"og:title\" content=\"Majstrovstv\u00e1 Slovenskej republiky &#187; Slovensk\u00e1 rope skippingov\u00e1 asoci\u00e1cia\" \/>\n<meta property=\"og:description\" content=\"Majstrovstv\u00e1 Slovenskej republiky v \u0161porte rope skipping sa konaj\u00fa ka\u017edoro\u010dne v r\u00fdchlostn\u00fdch, ale aj freestyle s\u00fa\u0165a\u017en\u00fdch discipl\u00ednach.\" \/>\n<meta property=\"og:url\" content=\"https:\/\/www.srsa.sk\/?page_id=2857\" \/>\n<meta property=\"og:site_name\" content=\"Slovensk\u00e1 rope skippingov\u00e1 asoci\u00e1cia\" \/>\n<meta property=\"article:modified_time\" content=\"2026-04-27T12:37:52+00:00\" \/>\n<meta property=\"og:image\" content=\"https:\/\/www.srsa.sk\/wp-content\/uploads\/2020\/02\/majstrovstva-slovenskej-republiky.png\" \/>\n\t<meta property=\"og:image:width\" content=\"606\" \/>\n\t<meta property=\"og:image:height\" content=\"531\" \/>\n\t<meta property=\"og:image:type\" content=\"image\/png\" \/>\n<meta name=\"twitter:card\" content=\"summary_large_image\" \/>\n<meta name=\"twitter:label1\" content=\"Predpokladan\u00fd \u010das \u010d\u00edtania\" \/>\n\t<meta name=\"twitter:data1\" content=\"4 min\u00faty\" \/>\n<script type=\"application\/ld+json\" class=\"yoast-schema-graph\">{\"@context\":\"https:\/\/schema.org\",\"@graph\":[{\"@type\":\"WebPage\",\"@id\":\"https:\/\/www.srsa.sk\/?page_id=2857\",\"url\":\"https:\/\/www.srsa.sk\/?page_id=2857\",\"name\":\"Majstrovstv\u00e1 Slovenskej republiky &#187; Slovensk\u00e1 rope skippingov\u00e1 asoci\u00e1cia\",\"isPartOf\":{\"@id\":\"https:\/\/www.srsa.sk\/#website\"},\"primaryImageOfPage\":{\"@id\":\"https:\/\/www.srsa.sk\/?page_id=2857#primaryimage\"},\"image\":{\"@id\":\"https:\/\/www.srsa.sk\/?page_id=2857#primaryimage\"},\"thumbnailUrl\":\"https:\/\/www.srsa.sk\/wp-content\/uploads\/2020\/02\/majstrovstva-slovenskej-republiky.png\",\"datePublished\":\"2020-02-19T08:34:24+00:00\",\"dateModified\":\"2026-04-27T12:37:52+00:00\",\"description\":\"Majstrovstv\u00e1 Slovenskej republiky v \u0161porte rope skipping sa konaj\u00fa ka\u017edoro\u010dne v r\u00fdchlostn\u00fdch, ale aj freestyle s\u00fa\u0165a\u017en\u00fdch discipl\u00ednach.\",\"breadcrumb\":{\"@id\":\"https:\/\/www.srsa.sk\/?page_id=2857#breadcrumb\"},\"inLanguage\":\"sk-SK\",\"potentialAction\":[{\"@type\":\"ReadAction\",\"target\":[\"https:\/\/www.srsa.sk\/?page_id=2857\"]}]},{\"@type\":\"ImageObject\",\"inLanguage\":\"sk-SK\",\"@id\":\"https:\/\/www.srsa.sk\/?page_id=2857#primaryimage\",\"url\":\"https:\/\/www.srsa.sk\/wp-content\/uploads\/2020\/02\/majstrovstva-slovenskej-republiky.png\",\"contentUrl\":\"https:\/\/www.srsa.sk\/wp-content\/uploads\/2020\/02\/majstrovstva-slovenskej-republiky.png\",\"width\":606,\"height\":531,\"caption\":\"masjtrovstva slovenskej republiky\"},{\"@type\":\"BreadcrumbList\",\"@id\":\"https:\/\/www.srsa.sk\/?page_id=2857#breadcrumb\",\"itemListElement\":[{\"@type\":\"ListItem\",\"position\":1,\"name\":\"Home\",\"item\":\"https:\/\/www.srsa.sk\/\"},{\"@type\":\"ListItem\",\"position\":2,\"name\":\"Majstrovstv\u00e1 Slovenskej republiky\"}]},{\"@type\":\"WebSite\",\"@id\":\"https:\/\/www.srsa.sk\/#website\",\"url\":\"https:\/\/www.srsa.sk\/\",\"name\":\"Slovensk\u00e1 rope skippingov\u00e1 asoci\u00e1cia\",\"description\":\"...tam, kde kon\u010d\u00ed sk\u00e1kanie cez \u0161vihadlo, za\u010d\u00edna rope skipping\",\"potentialAction\":[{\"@type\":\"SearchAction\",\"target\":{\"@type\":\"EntryPoint\",\"urlTemplate\":\"https:\/\/www.srsa.sk\/?s={search_term_string}\"},\"query-input\":{\"@type\":\"PropertyValueSpecification\",\"valueRequired\":true,\"valueName\":\"search_term_string\"}}],\"inLanguage\":\"sk-SK\"}]}<\/script>\n<!-- \/ Yoast SEO plugin. -->","yoast_head_json":{"title":"Majstrovstv\u00e1 Slovenskej republiky &#187; Slovensk\u00e1 rope skippingov\u00e1 asoci\u00e1cia","description":"Majstrovstv\u00e1 Slovenskej republiky v \u0161porte rope skipping sa konaj\u00fa ka\u017edoro\u010dne v r\u00fdchlostn\u00fdch, ale aj freestyle s\u00fa\u0165a\u017en\u00fdch discipl\u00ednach.","robots":{"index":"index","follow":"follow","max-snippet":"max-snippet:-1","max-image-preview":"max-image-preview:large","max-video-preview":"max-video-preview:-1"},"canonical":"https:\/\/www.srsa.sk\/?page_id=2857","og_locale":"sk_SK","og_type":"article","og_title":"Majstrovstv\u00e1 Slovenskej republiky &#187; Slovensk\u00e1 rope skippingov\u00e1 asoci\u00e1cia","og_description":"Majstrovstv\u00e1 Slovenskej republiky v \u0161porte rope skipping sa konaj\u00fa ka\u017edoro\u010dne v r\u00fdchlostn\u00fdch, ale aj freestyle s\u00fa\u0165a\u017en\u00fdch discipl\u00ednach.","og_url":"https:\/\/www.srsa.sk\/?page_id=2857","og_site_name":"Slovensk\u00e1 rope skippingov\u00e1 asoci\u00e1cia","article_modified_time":"2026-04-27T12:37:52+00:00","og_image":[{"width":606,"height":531,"url":"https:\/\/www.srsa.sk\/wp-content\/uploads\/2020\/02\/majstrovstva-slovenskej-republiky.png","type":"image\/png"}],"twitter_card":"summary_large_image","twitter_misc":{"Predpokladan\u00fd \u010das \u010d\u00edtania":"4 min\u00faty"},"schema":{"@context":"https:\/\/schema.org","@graph":[{"@type":"WebPage","@id":"https:\/\/www.srsa.sk\/?page_id=2857","url":"https:\/\/www.srsa.sk\/?page_id=2857","name":"Majstrovstv\u00e1 Slovenskej republiky &#187; Slovensk\u00e1 rope skippingov\u00e1 asoci\u00e1cia","isPartOf":{"@id":"https:\/\/www.srsa.sk\/#website"},"primaryImageOfPage":{"@id":"https:\/\/www.srsa.sk\/?page_id=2857#primaryimage"},"image":{"@id":"https:\/\/www.srsa.sk\/?page_id=2857#primaryimage"},"thumbnailUrl":"https:\/\/www.srsa.sk\/wp-content\/uploads\/2020\/02\/majstrovstva-slovenskej-republiky.png","datePublished":"2020-02-19T08:34:24+00:00","dateModified":"2026-04-27T12:37:52+00:00","description":"Majstrovstv\u00e1 Slovenskej republiky v \u0161porte rope skipping sa konaj\u00fa ka\u017edoro\u010dne v r\u00fdchlostn\u00fdch, ale aj freestyle s\u00fa\u0165a\u017en\u00fdch discipl\u00ednach.","breadcrumb":{"@id":"https:\/\/www.srsa.sk\/?page_id=2857#breadcrumb"},"inLanguage":"sk-SK","potentialAction":[{"@type":"ReadAction","target":["https:\/\/www.srsa.sk\/?page_id=2857"]}]},{"@type":"ImageObject","inLanguage":"sk-SK","@id":"https:\/\/www.srsa.sk\/?page_id=2857#primaryimage","url":"https:\/\/www.srsa.sk\/wp-content\/uploads\/2020\/02\/majstrovstva-slovenskej-republiky.png","contentUrl":"https:\/\/www.srsa.sk\/wp-content\/uploads\/2020\/02\/majstrovstva-slovenskej-republiky.png","width":606,"height":531,"caption":"masjtrovstva slovenskej republiky"},{"@type":"BreadcrumbList","@id":"https:\/\/www.srsa.sk\/?page_id=2857#breadcrumb","itemListElement":[{"@type":"ListItem","position":1,"name":"Home","item":"https:\/\/www.srsa.sk\/"},{"@type":"ListItem","position":2,"name":"Majstrovstv\u00e1 Slovenskej republiky"}]},{"@type":"WebSite","@id":"https:\/\/www.srsa.sk\/#website","url":"https:\/\/www.srsa.sk\/","name":"Slovensk\u00e1 rope skippingov\u00e1 asoci\u00e1cia","description":"...tam, kde kon\u010d\u00ed sk\u00e1kanie cez \u0161vihadlo, za\u010d\u00edna rope skipping","potentialAction":[{"@type":"SearchAction","target":{"@type":"EntryPoint","urlTemplate":"https:\/\/www.srsa.sk\/?s={search_term_string}"},"query-input":{"@type":"PropertyValueSpecification","valueRequired":true,"valueName":"search_term_string"}}],"inLanguage":"sk-SK"}]}},"_links":{"self":[{"href":"https:\/\/www.srsa.sk\/index.php?rest_route=\/wp\/v2\/pages\/2857","targetHints":{"allow":["GET"]}}],"collection":[{"href":"https:\/\/www.srsa.sk\/index.php?rest_route=\/wp\/v2\/pages"}],"about":[{"href":"https:\/\/www.srsa.sk\/index.php?rest_route=\/wp\/v2\/types\/page"}],"author":[{"embeddable":true,"href":"https:\/\/www.srsa.sk\/index.php?rest_route=\/wp\/v2\/users\/1"}],"replies":[{"embeddable":true,"href":"https:\/\/www.srsa.sk\/index.php?rest_route=%2Fwp%2Fv2%2Fcomments&post=2857"}],"version-history":[{"count":62,"href":"https:\/\/www.srsa.sk\/index.php?rest_route=\/wp\/v2\/pages\/2857\/revisions"}],"predecessor-version":[{"id":5052,"href":"https:\/\/www.srsa.sk\/index.php?rest_route=\/wp\/v2\/pages\/2857\/revisions\/5052"}],"wp:featuredmedia":[{"embeddable":true,"href":"https:\/\/www.srsa.sk\/index.php?rest_route=\/wp\/v2\/media\/2903"}],"wp:attachment":[{"href":"https:\/\/www.srsa.sk\/index.php?rest_route=%2Fwp%2Fv2%2Fmedia&parent=2857"}],"curies":[{"name":"wp","href":"https:\/\/api.w.org\/{rel}","templated":true}]}}