{"id":2714,"date":"2020-02-16T15:09:00","date_gmt":"2020-02-16T14:09:00","guid":{"rendered":"http:\/\/www.srsa.sk\/?page_id=2714"},"modified":"2021-08-14T13:39:08","modified_gmt":"2021-08-14T12:39:08","slug":"vysledky-zo-sutazi-v-roku-2020","status":"publish","type":"page","link":"https:\/\/www.srsa.sk\/?page_id=2714","title":{"rendered":"V\u00fdsledky zo s\u00fa\u0165a\u017e\u00ed v roku 2020"},"content":{"rendered":"\n<figure class=\"wp-block-image size-large\"><img loading=\"lazy\" decoding=\"async\" width=\"597\" height=\"591\" src=\"https:\/\/www.srsa.sk\/wp-content\/uploads\/2020\/02\/vysledky-zo-sutazi-v-roku-2020.jpg\" alt=\"vysledky zo sutazi v roku 2020\" class=\"wp-image-2718\" srcset=\"https:\/\/www.srsa.sk\/wp-content\/uploads\/2020\/02\/vysledky-zo-sutazi-v-roku-2020.jpg 597w, https:\/\/www.srsa.sk\/wp-content\/uploads\/2020\/02\/vysledky-zo-sutazi-v-roku-2020-300x297.jpg 300w, https:\/\/www.srsa.sk\/wp-content\/uploads\/2020\/02\/vysledky-zo-sutazi-v-roku-2020-303x300.jpg 303w\" sizes=\"auto, (max-width: 597px) 100vw, 597px\" \/><\/figure>\n\n\n\n<p>V\u00fdsledky zo s\u00fa\u0165a\u017e\u00ed v roku 2020 si m\u00f4\u017eete pozrie\u0165 priamo na tejto str\u00e1nke n\u00e1\u0161ho webu.  Priebe\u017ene ich budeme dop\u013a\u0148a\u0165. <\/p>\n\n\n\n<p>Pod\u013ea z\u00e1ujmu jednotliv\u00fdch klubov zabezpe\u010dujeme \u00fa\u010das\u0165 slovensk\u00fdch skipperov na medzin\u00e1rodn\u00fdch rope skipping\/jump rope s\u00fa\u0165a\u017eiach v zahrani\u010d\u00ed. Koncom janu\u00e1ra 2020 sa skipperi zo Slovenska z\u00fa\u010dastnili s\u00fa\u0165a\u017ee <strong>BLECHA CUP 2020<\/strong> v Novom Ji\u010d\u00edne, v \u010ceskej republike. <\/p>\n\n\n\n<p><\/p>\n\n\n\n<p>V roku 2020 okrem v\u00fdsledkov zo spom\u00ednanej s\u00fa\u0165a\u017ee Blecha cup 2020 nie s\u00fa doplnen\u00e9 \u017eiadne in\u00e9 v\u00fdsledky zo s\u00fa\u0165a\u017e\u00ed v roku 2020. <\/p>\n\n\n\n<p>Od marca 2020 sa vzh\u013eadom na pandemick\u00fa situ\u00e1ciu na Slovensku, ale aj vo svete zru\u0161ili v\u0161etky pl\u00e1novan\u00e9 podujatia. V roku 2020 pre nepriaznivu\u00fa situ\u00e1ciu sa nekonali ani Majstrovstv\u00e1 sveta ani  Majstrovstv\u00e1 Slovenska a boli presunut\u00e9 do roku 2021. <\/p>\n\n\n\n<p><\/p>\n\n\n\n<blockquote class=\"wp-block-quote is-style-large is-layout-flow wp-block-quote-is-layout-flow\"><p><strong><a href=\"https:\/\/www.srsa.sk\/?p=2605\" target=\"_blank\" rel=\"noreferrer noopener\" aria-label=\"BLECHA CUP 2020 (opens in a new tab)\">BLECHA CUP 2020<\/a><\/strong><\/p><\/blockquote>\n\n\n\n<p>Sledujte n\u00e1s aj na soci\u00e1lnych sie\u0165ach a bu\u010fte informovan\u00ed!<\/p>\n<p>Facebook: <a href=\"https:\/\/www.facebook.com\/Slovenska-rope-skippingova-asociacia-677315282404952\/\" target=\"_blank\" rel=\"noopener noreferrer\">Slovensk\u00e1 rope skippingov\u00e1 asoci\u00e1cia<\/a><\/p>\n<p>Instagram: <a href=\"https:\/\/www.instagram.com\/ropeskippingslovakia\/\" target=\"_blank\" rel=\"noopener noreferrer\">Rope skipping Slovakia<\/a><\/p>\n","protected":false},"excerpt":{"rendered":"<p>V\u00fdsledky zo s\u00fa\u0165a\u017e\u00ed v roku 2020 si m\u00f4\u017eete pozrie\u0165 priamo na tejto str\u00e1nke n\u00e1\u0161ho webu. Priebe\u017ene ich budeme dop\u013a\u0148a\u0165. Pod\u013ea z\u00e1ujmu jednotliv\u00fdch klubov zabezpe\u010dujeme \u00fa\u010das\u0165 slovensk\u00fdch skipperov na medzin\u00e1rodn\u00fdch rope skipping\/jump rope s\u00fa\u0165a\u017eiach v zahrani\u010d\u00ed. Koncom janu\u00e1ra 2020 sa skipperi zo Slovenska z\u00fa\u010dastnili s\u00fa\u0165a\u017ee BLECHA CUP 2020 v Novom Ji\u010d\u00edne, v \u010ceskej republike. V roku [&hellip;]<\/p>\n","protected":false},"author":1,"featured_media":0,"parent":0,"menu_order":0,"comment_status":"closed","ping_status":"closed","template":"","meta":{"footnotes":""},"class_list":["post-2714","page","type-page","status-publish","hentry"],"yoast_head":"<!-- This site is optimized with the Yoast SEO plugin v26.8 - https:\/\/yoast.com\/product\/yoast-seo-wordpress\/ -->\n<title>V\u00fdsledky zo s\u00fa\u0165a\u017e\u00ed v roku 2020 &#187; Slovensk\u00e1 rope skippingov\u00e1 asoci\u00e1cia<\/title>\n<meta name=\"description\" content=\"V\u00fdsledky zo s\u00fa\u0165a\u017e\u00ed v \u0161porte rope skipping \/ jump rope, ktor\u00e9 boli usporiadan\u00e9 v roku 2020. V\u00fdsledky z n\u00e1rodn\u00fdch aj medzin\u00e1rodn\u00fdch s\u00fa\u0165a\u017e\u00ed.\" \/>\n<meta name=\"robots\" content=\"index, follow, max-snippet:-1, max-image-preview:large, max-video-preview:-1\" \/>\n<link rel=\"canonical\" href=\"https:\/\/www.srsa.sk\/?page_id=2714\" \/>\n<meta property=\"og:locale\" content=\"sk_SK\" \/>\n<meta property=\"og:type\" content=\"article\" \/>\n<meta property=\"og:title\" content=\"V\u00fdsledky zo s\u00fa\u0165a\u017e\u00ed v roku 2020 &#187; Slovensk\u00e1 rope skippingov\u00e1 asoci\u00e1cia\" \/>\n<meta property=\"og:description\" content=\"V\u00fdsledky zo s\u00fa\u0165a\u017e\u00ed v \u0161porte rope skipping \/ jump rope, ktor\u00e9 boli usporiadan\u00e9 v roku 2020. V\u00fdsledky z n\u00e1rodn\u00fdch aj medzin\u00e1rodn\u00fdch s\u00fa\u0165a\u017e\u00ed.\" \/>\n<meta property=\"og:url\" content=\"https:\/\/www.srsa.sk\/?page_id=2714\" \/>\n<meta property=\"og:site_name\" content=\"Slovensk\u00e1 rope skippingov\u00e1 asoci\u00e1cia\" \/>\n<meta property=\"article:modified_time\" content=\"2021-08-14T12:39:08+00:00\" \/>\n<meta property=\"og:image\" content=\"http:\/\/www.srsa.sk\/wp-content\/uploads\/2020\/02\/vysledky-zo-sutazi-v-roku-2020.jpg\" \/>\n<meta name=\"twitter:card\" content=\"summary_large_image\" \/>\n<meta name=\"twitter:label1\" content=\"Predpokladan\u00fd \u010das \u010d\u00edtania\" \/>\n\t<meta name=\"twitter:data1\" content=\"1 min\u00fata\" \/>\n<script type=\"application\/ld+json\" class=\"yoast-schema-graph\">{\"@context\":\"https:\/\/schema.org\",\"@graph\":[{\"@type\":\"WebPage\",\"@id\":\"https:\/\/www.srsa.sk\/?page_id=2714\",\"url\":\"https:\/\/www.srsa.sk\/?page_id=2714\",\"name\":\"V\u00fdsledky zo s\u00fa\u0165a\u017e\u00ed v roku 2020 &#187; Slovensk\u00e1 rope skippingov\u00e1 asoci\u00e1cia\",\"isPartOf\":{\"@id\":\"https:\/\/www.srsa.sk\/#website\"},\"primaryImageOfPage\":{\"@id\":\"https:\/\/www.srsa.sk\/?page_id=2714#primaryimage\"},\"image\":{\"@id\":\"https:\/\/www.srsa.sk\/?page_id=2714#primaryimage\"},\"thumbnailUrl\":\"http:\/\/www.srsa.sk\/wp-content\/uploads\/2020\/02\/vysledky-zo-sutazi-v-roku-2020.jpg\",\"datePublished\":\"2020-02-16T14:09:00+00:00\",\"dateModified\":\"2021-08-14T12:39:08+00:00\",\"description\":\"V\u00fdsledky zo s\u00fa\u0165a\u017e\u00ed v \u0161porte rope skipping \/ jump rope, ktor\u00e9 boli usporiadan\u00e9 v roku 2020. V\u00fdsledky z n\u00e1rodn\u00fdch aj medzin\u00e1rodn\u00fdch s\u00fa\u0165a\u017e\u00ed.\",\"breadcrumb\":{\"@id\":\"https:\/\/www.srsa.sk\/?page_id=2714#breadcrumb\"},\"inLanguage\":\"sk-SK\",\"potentialAction\":[{\"@type\":\"ReadAction\",\"target\":[\"https:\/\/www.srsa.sk\/?page_id=2714\"]}]},{\"@type\":\"ImageObject\",\"inLanguage\":\"sk-SK\",\"@id\":\"https:\/\/www.srsa.sk\/?page_id=2714#primaryimage\",\"url\":\"https:\/\/www.srsa.sk\/wp-content\/uploads\/2020\/02\/vysledky-zo-sutazi-v-roku-2020.jpg\",\"contentUrl\":\"https:\/\/www.srsa.sk\/wp-content\/uploads\/2020\/02\/vysledky-zo-sutazi-v-roku-2020.jpg\",\"width\":597,\"height\":591,\"caption\":\"vysledky zo sutazi v roku 2020\"},{\"@type\":\"BreadcrumbList\",\"@id\":\"https:\/\/www.srsa.sk\/?page_id=2714#breadcrumb\",\"itemListElement\":[{\"@type\":\"ListItem\",\"position\":1,\"name\":\"Home\",\"item\":\"https:\/\/www.srsa.sk\/\"},{\"@type\":\"ListItem\",\"position\":2,\"name\":\"V\u00fdsledky zo s\u00fa\u0165a\u017e\u00ed v roku 2020\"}]},{\"@type\":\"WebSite\",\"@id\":\"https:\/\/www.srsa.sk\/#website\",\"url\":\"https:\/\/www.srsa.sk\/\",\"name\":\"Slovensk\u00e1 rope skippingov\u00e1 asoci\u00e1cia\",\"description\":\"...tam, kde kon\u010d\u00ed sk\u00e1kanie cez \u0161vihadlo, za\u010d\u00edna rope skipping\",\"potentialAction\":[{\"@type\":\"SearchAction\",\"target\":{\"@type\":\"EntryPoint\",\"urlTemplate\":\"https:\/\/www.srsa.sk\/?s={search_term_string}\"},\"query-input\":{\"@type\":\"PropertyValueSpecification\",\"valueRequired\":true,\"valueName\":\"search_term_string\"}}],\"inLanguage\":\"sk-SK\"}]}<\/script>\n<!-- \/ Yoast SEO plugin. -->","yoast_head_json":{"title":"V\u00fdsledky zo s\u00fa\u0165a\u017e\u00ed v roku 2020 &#187; Slovensk\u00e1 rope skippingov\u00e1 asoci\u00e1cia","description":"V\u00fdsledky zo s\u00fa\u0165a\u017e\u00ed v \u0161porte rope skipping \/ jump rope, ktor\u00e9 boli usporiadan\u00e9 v roku 2020. V\u00fdsledky z n\u00e1rodn\u00fdch aj medzin\u00e1rodn\u00fdch s\u00fa\u0165a\u017e\u00ed.","robots":{"index":"index","follow":"follow","max-snippet":"max-snippet:-1","max-image-preview":"max-image-preview:large","max-video-preview":"max-video-preview:-1"},"canonical":"https:\/\/www.srsa.sk\/?page_id=2714","og_locale":"sk_SK","og_type":"article","og_title":"V\u00fdsledky zo s\u00fa\u0165a\u017e\u00ed v roku 2020 &#187; Slovensk\u00e1 rope skippingov\u00e1 asoci\u00e1cia","og_description":"V\u00fdsledky zo s\u00fa\u0165a\u017e\u00ed v \u0161porte rope skipping \/ jump rope, ktor\u00e9 boli usporiadan\u00e9 v roku 2020. V\u00fdsledky z n\u00e1rodn\u00fdch aj medzin\u00e1rodn\u00fdch s\u00fa\u0165a\u017e\u00ed.","og_url":"https:\/\/www.srsa.sk\/?page_id=2714","og_site_name":"Slovensk\u00e1 rope skippingov\u00e1 asoci\u00e1cia","article_modified_time":"2021-08-14T12:39:08+00:00","og_image":[{"url":"http:\/\/www.srsa.sk\/wp-content\/uploads\/2020\/02\/vysledky-zo-sutazi-v-roku-2020.jpg","type":"","width":"","height":""}],"twitter_card":"summary_large_image","twitter_misc":{"Predpokladan\u00fd \u010das \u010d\u00edtania":"1 min\u00fata"},"schema":{"@context":"https:\/\/schema.org","@graph":[{"@type":"WebPage","@id":"https:\/\/www.srsa.sk\/?page_id=2714","url":"https:\/\/www.srsa.sk\/?page_id=2714","name":"V\u00fdsledky zo s\u00fa\u0165a\u017e\u00ed v roku 2020 &#187; Slovensk\u00e1 rope skippingov\u00e1 asoci\u00e1cia","isPartOf":{"@id":"https:\/\/www.srsa.sk\/#website"},"primaryImageOfPage":{"@id":"https:\/\/www.srsa.sk\/?page_id=2714#primaryimage"},"image":{"@id":"https:\/\/www.srsa.sk\/?page_id=2714#primaryimage"},"thumbnailUrl":"http:\/\/www.srsa.sk\/wp-content\/uploads\/2020\/02\/vysledky-zo-sutazi-v-roku-2020.jpg","datePublished":"2020-02-16T14:09:00+00:00","dateModified":"2021-08-14T12:39:08+00:00","description":"V\u00fdsledky zo s\u00fa\u0165a\u017e\u00ed v \u0161porte rope skipping \/ jump rope, ktor\u00e9 boli usporiadan\u00e9 v roku 2020. V\u00fdsledky z n\u00e1rodn\u00fdch aj medzin\u00e1rodn\u00fdch s\u00fa\u0165a\u017e\u00ed.","breadcrumb":{"@id":"https:\/\/www.srsa.sk\/?page_id=2714#breadcrumb"},"inLanguage":"sk-SK","potentialAction":[{"@type":"ReadAction","target":["https:\/\/www.srsa.sk\/?page_id=2714"]}]},{"@type":"ImageObject","inLanguage":"sk-SK","@id":"https:\/\/www.srsa.sk\/?page_id=2714#primaryimage","url":"https:\/\/www.srsa.sk\/wp-content\/uploads\/2020\/02\/vysledky-zo-sutazi-v-roku-2020.jpg","contentUrl":"https:\/\/www.srsa.sk\/wp-content\/uploads\/2020\/02\/vysledky-zo-sutazi-v-roku-2020.jpg","width":597,"height":591,"caption":"vysledky zo sutazi v roku 2020"},{"@type":"BreadcrumbList","@id":"https:\/\/www.srsa.sk\/?page_id=2714#breadcrumb","itemListElement":[{"@type":"ListItem","position":1,"name":"Home","item":"https:\/\/www.srsa.sk\/"},{"@type":"ListItem","position":2,"name":"V\u00fdsledky zo s\u00fa\u0165a\u017e\u00ed v roku 2020"}]},{"@type":"WebSite","@id":"https:\/\/www.srsa.sk\/#website","url":"https:\/\/www.srsa.sk\/","name":"Slovensk\u00e1 rope skippingov\u00e1 asoci\u00e1cia","description":"...tam, kde kon\u010d\u00ed sk\u00e1kanie cez \u0161vihadlo, za\u010d\u00edna rope skipping","potentialAction":[{"@type":"SearchAction","target":{"@type":"EntryPoint","urlTemplate":"https:\/\/www.srsa.sk\/?s={search_term_string}"},"query-input":{"@type":"PropertyValueSpecification","valueRequired":true,"valueName":"search_term_string"}}],"inLanguage":"sk-SK"}]}},"_links":{"self":[{"href":"https:\/\/www.srsa.sk\/index.php?rest_route=\/wp\/v2\/pages\/2714","targetHints":{"allow":["GET"]}}],"collection":[{"href":"https:\/\/www.srsa.sk\/index.php?rest_route=\/wp\/v2\/pages"}],"about":[{"href":"https:\/\/www.srsa.sk\/index.php?rest_route=\/wp\/v2\/types\/page"}],"author":[{"embeddable":true,"href":"https:\/\/www.srsa.sk\/index.php?rest_route=\/wp\/v2\/users\/1"}],"replies":[{"embeddable":true,"href":"https:\/\/www.srsa.sk\/index.php?rest_route=%2Fwp%2Fv2%2Fcomments&post=2714"}],"version-history":[{"count":5,"href":"https:\/\/www.srsa.sk\/index.php?rest_route=\/wp\/v2\/pages\/2714\/revisions"}],"predecessor-version":[{"id":3983,"href":"https:\/\/www.srsa.sk\/index.php?rest_route=\/wp\/v2\/pages\/2714\/revisions\/3983"}],"wp:attachment":[{"href":"https:\/\/www.srsa.sk\/index.php?rest_route=%2Fwp%2Fv2%2Fmedia&parent=2714"}],"curies":[{"name":"wp","href":"https:\/\/api.w.org\/{rel}","templated":true}]}}