{"id":2202,"date":"2020-01-21T14:36:00","date_gmt":"2020-01-21T13:36:00","guid":{"rendered":"http:\/\/www.srsa.sk\/?page_id=2202"},"modified":"2020-01-23T23:57:24","modified_gmt":"2020-01-23T22:57:24","slug":"vysledky-zo-sutazi-v-roku-2019","status":"publish","type":"page","link":"https:\/\/www.srsa.sk\/?page_id=2202","title":{"rendered":"V\u00fdsledky zo s\u00fa\u0165a\u017e\u00ed v roku 2019"},"content":{"rendered":"\n<figure class=\"wp-block-image size-large\"><img loading=\"lazy\" decoding=\"async\" width=\"800\" height=\"389\" src=\"https:\/\/www.srsa.sk\/wp-content\/uploads\/2020\/01\/vysledky-zo-sutazi-2019.jpg\" alt=\"vysledky zo sutazi v roku 2019\" class=\"wp-image-2567\" srcset=\"https:\/\/www.srsa.sk\/wp-content\/uploads\/2020\/01\/vysledky-zo-sutazi-2019.jpg 800w, https:\/\/www.srsa.sk\/wp-content\/uploads\/2020\/01\/vysledky-zo-sutazi-2019-300x146.jpg 300w, https:\/\/www.srsa.sk\/wp-content\/uploads\/2020\/01\/vysledky-zo-sutazi-2019-768x373.jpg 768w, https:\/\/www.srsa.sk\/wp-content\/uploads\/2020\/01\/vysledky-zo-sutazi-2019-500x243.jpg 500w\" sizes=\"auto, (max-width: 800px) 100vw, 800px\" \/><\/figure>\n\n\n<p><!--StartFragment--><\/p>\n\n\n<p>V\u00fdsledky zo s\u00fa\u0165a\u017e\u00ed v roku 2019 si m\u00f4\u017eete pozrie\u0165 priamo na tejto str\u00e1nke n\u00e1\u0161ho webu.  <\/p>\n\n\n\n<p>V roku 2019 Slovensk\u00e1 rope skippingov\u00e1 asoci\u00e1cia okrem vzdel\u00e1vac\u00edch aktiv\u00edt, workshopov a in\u00fdch prezenta\u010dn\u00fdch podujat\u00ed zorganizovala 3 s\u00fa\u0165a\u017ee v \u0161porte rope skipping &#8211; sk\u00e1kanie cez \u0161vihadlo (z toho dve medzin\u00e1rodn\u00e9), vyslala svojich \u010dlenov na Majstrovstv\u00e1 Eur\u00f3py 2019 v \u0161porte rope skipping a in\u00e9 zahrani\u010dn\u00e9 s\u00fa\u0165a\u017ee. <\/p>\n\n\n\n<h5 class=\"wp-block-heading\"><strong>S\u00fa\u0165a\u017ee v roku 2019<\/strong><\/h5>\n\n\n\n<p>Pod\u013ea z\u00e1ujmu jednotliv\u00fdch klubov sme zabezpe\u010dili \u00fa\u010das\u0165 na\u0161ich \u010dlenov na rope skipping s\u00fa\u0165a\u017eiach v \u010ceskej republike. Na konci janu\u00e1ra 2019 sme sa z\u00fa\u010dastnili s\u00fa\u0165a\u017ee <strong>BLECHA CUP 2019<\/strong> v Novom Ji\u010d\u00edne a v marci 2019 na <strong>MAMUT CUP 2019<\/strong> v meste P\u0159erov. <\/p>\n\n\n\n<p>Tradi\u010dn\u00e1 medzin\u00e1rodn\u00e1 s\u00fa\u0165a\u017e <strong>BRATISLAVA ROPE SKIPPING CUP 2019 <\/strong>oslavovala svoje 5. v\u00fdro\u010die tradi\u010dne v apr\u00edli 2019.  T\u00e1to s\u00fa\u0165a\u017e bola prvou ofici\u00e1lnou s\u00fa\u0165a\u017eou v rope skippingu, ktorou sa  od\u0161tartovalo s\u00fa\u0165a\u017en\u00e9 rope skipping hnutie na Slovensku v roku 2015. I\u0161lo o prv\u00fa  s\u00fa\u0165a\u017e pod\u013ea ofici\u00e1lnych platn\u00fdch svetov\u00fdch pravidiel svetovej  organiz\u00e1cie <a rel=\"noreferrer noopener\" href=\"http:\/\/www.fisac-irsf.org\" target=\"_blank\">IRSF-FISAC <\/a>aplikovan\u00fdmi do podmienok Slovenskej republiky.  <\/p>\n\n\n\n<p>V lete sme sa z\u00fa\u010dastnili na <strong>Majstrovstv\u00e1ch Eur\u00f3py 2019 <\/strong>v rak\u00faskom meste GRAZ.  Aj ke\u010f Slovensko neobsadilo prv\u00e9 prie\u010dky a nez\u00edskalo medajlu, m\u00f4\u017eeme by\u0165  na na\u0161ich reprezentantov v \u0161porte rope skipping pr\u00e1vom hrd\u00ed.  Reprezentovali na\u0161u krajinu a odviedli fantastick\u00fd v\u00fdkon, \u010d\u00edm sa v  r\u00fdchlostnej discipl\u00edne umiestnili v prvej desiatke.   Svojou zanietenos\u0165ou a odhodlan\u00edm <strong>obsadili 7. miesto v teamovej r\u00fdchlostnej discipl\u00edne Double dutch speed<\/strong>,  \u010do je sk\u00e1kanie cez dve dlh\u00e9 \u0161vihadl\u00e1. Zaost\u00e1vali len za siln\u00fdmi  krajinami ako je \u0160v\u00e9dsko, Belgicko a Ma\u010farsko! S\u00fa\u0165a\u017eiacim S\u00e1ra Tich\u00e1,  Martina Lov\u00e1sov\u00e1, Alexandra Sedla\u010dkov\u00e1 a Lucia Mi\u0161kolci. Za tento v\u00fdkon  srde\u010dne gratulujeme a \u010fakujeme! <\/p>\n\n\n\n<p>Rope skipping na \u0160portfestivale 2019 v Tren\u010d\u00edne nesmel ch\u00fdba\u0165 a tak ako v predch\u00e1dzaj\u00facich rokoch, aj tento rok na podujat\u00ed  <strong>\u0160portfestival 2019 <\/strong>prebiehala teamov\u00e1 s\u00fa\u0165a\u017e, ktor\u00fa sme spoluorganizovali. Novinkou  tohto roku boli s\u00fa\u0165a\u017en\u00e9 discipl\u00edny pre jednotlivcov a vyhl\u00e1senie titulu  SKIPPER  \u0160PORTFESTIVALU 2019!  <\/p>\n\n\n\n<p>Za\u010diatkom decembra 2019 sa konala s\u00fa\u0165a\u017e <strong>SLOVAKIA CUP 2019<\/strong>. Tret\u00ed ro\u010dn\u00edk <strong>Majstrovstiev Slovenskej republiky 2019<\/strong> tento rok boli organizovan\u00e9 so zahrani\u010dnou \u00fa\u010das\u0165ou. <\/p>\n\n\n\n<p>Pred vianocami organizoval ma\u010farsk\u00fd klub zo Szombathely s\u00fa\u0165a\u017e pod n\u00e1zvom Christmas cup 2019, kde sa  Slovensko sa umiestnilo na stupni v\u00ed\u0165azov hne\u010f nieko\u013ekokr\u00e1t a deti z klubu Bratislava Jumpers si odn\u00e1\u0161ali medaile, ceny a mno\u017estvo spomienok. <\/p>\n\n\n\n<p>V\u00fdsledky zo s\u00fa\u0165a\u017e\u00ed v roku 2019 si m\u00f4\u017eete prehliada\u0165 kliknut\u00edm na  jednotliv\u00e9 linky danej s\u00fa\u0165a\u017ee:  <\/p>\n\n\n\n<blockquote class=\"wp-block-quote is-style-large is-layout-flow wp-block-quote-is-layout-flow\"><p><strong><a href=\"https:\/\/www.srsa.sk\/?p=1975\" target=\"_blank\" rel=\"noreferrer noopener\" aria-label=\"BLECHA CUP 2019 (opens in a new tab)\">BLECHA CUP 2019<\/a><\/strong><\/p><\/blockquote>\n\n\n\n<blockquote class=\"wp-block-quote is-style-large is-layout-flow wp-block-quote-is-layout-flow\"><p><strong><a rel=\"noreferrer noopener\" aria-label=\"MAMUT CUP 2019 P\u0158EROV (opens in a new tab)\" href=\"https:\/\/www.srsa.sk\/?p=1686\" target=\"_blank\">MAMUT CUP 2019 <\/a><\/strong><\/p><\/blockquote>\n\n\n\n<blockquote class=\"wp-block-quote is-style-large is-layout-flow wp-block-quote-is-layout-flow\"><p><strong><a href=\"https:\/\/www.srsa.sk\/?p=1684\" target=\"_blank\" rel=\"noreferrer noopener\" aria-label=\" BRATISLAVA ROPE SKIPPING CUP 2019  (opens in a new tab)\"> BRATISLAVA ROPE SKIPPING CUP 2019 <\/a><\/strong><\/p><\/blockquote>\n\n\n\n<blockquote class=\"wp-block-quote is-style-large is-layout-flow wp-block-quote-is-layout-flow\"><p><strong><a rel=\"noreferrer noopener\" aria-label=\"MAJSTROVSTV\u00c1 EUR\u00d3PY 2019 (opens in a new tab)\" href=\"https:\/\/www.srsa.sk\/?p=1511\" target=\"_blank\">MAJSTROVSTV\u00c1 EUR\u00d3PY 2019<\/a><\/strong><\/p><\/blockquote>\n\n\n\n<blockquote class=\"wp-block-quote is-style-large is-layout-flow wp-block-quote-is-layout-flow\"><p><strong><a href=\"https:\/\/www.srsa.sk\/?p=2251\" target=\"_blank\" rel=\"noreferrer noopener\" aria-label=\"\u0160PORTFESTIVAL 2019 \/ SKIPPER \u0160PORTFESTIVALU (opens in a new tab)\">\u0160PORTFESTIVAL 2019 \/ SKIPPER \u0160PORTFESTIVALU<\/a><\/strong><\/p><\/blockquote>\n\n\n\n<blockquote class=\"wp-block-quote is-style-large is-layout-flow wp-block-quote-is-layout-flow\"><p><strong><a href=\"https:\/\/www.srsa.sk\/?p=2335\" target=\"_blank\" rel=\"noreferrer noopener\" aria-label=\"SLOVAKIA CUP 2019 \/ 3. Majstrovstv\u00e1 SR 2019 (opens in a new tab)\">SLOVAKIA CUP 2019 \/ 3. Majstrovstv\u00e1 SR 2019<\/a><\/strong><\/p><\/blockquote>\n\n\n\n<blockquote class=\"wp-block-quote is-style-large is-layout-flow wp-block-quote-is-layout-flow\"><p><strong><a href=\"https:\/\/www.srsa.sk\/?p=2353\" target=\"_blank\" rel=\"noreferrer noopener\" aria-label=\"CHRISTMAS CUP 2019 Szombathely Ma\u010farsko (opens in a new tab)\">CHRISTMAS CUP 2019 Szombathely Ma\u010farsko<\/a><\/strong><\/p><\/blockquote>\n\n\n<p><!--EndFragment--><\/p>\n\n","protected":false},"excerpt":{"rendered":"<p>V\u00fdsledky zo s\u00fa\u0165a\u017e\u00ed v roku 2019 si m\u00f4\u017eete pozrie\u0165 priamo na tejto str\u00e1nke n\u00e1\u0161ho webu. V roku 2019 Slovensk\u00e1 rope skippingov\u00e1 asoci\u00e1cia okrem vzdel\u00e1vac\u00edch aktiv\u00edt, workshopov a in\u00fdch prezenta\u010dn\u00fdch podujat\u00ed zorganizovala 3 s\u00fa\u0165a\u017ee v \u0161porte rope skipping &#8211; sk\u00e1kanie cez \u0161vihadlo (z toho dve medzin\u00e1rodn\u00e9), vyslala svojich \u010dlenov na Majstrovstv\u00e1 Eur\u00f3py 2019 v \u0161porte rope [&hellip;]<\/p>\n","protected":false},"author":1,"featured_media":0,"parent":0,"menu_order":0,"comment_status":"closed","ping_status":"closed","template":"","meta":{"footnotes":""},"class_list":["post-2202","page","type-page","status-publish","hentry"],"yoast_head":"<!-- This site is optimized with the Yoast SEO plugin v26.8 - https:\/\/yoast.com\/product\/yoast-seo-wordpress\/ -->\n<title>V\u00fdsledky zo s\u00fa\u0165a\u017e\u00ed v roku 2019 &#187; Slovensk\u00e1 rope skippingov\u00e1 asoci\u00e1cia<\/title>\n<meta name=\"description\" content=\"V\u00fdsledky zo s\u00fa\u0165a\u017e\u00ed v roku 2019 v \u0161porte rope skipping \/ jump rope - sk\u00e1kanie cez \u0161vihadlo, ktor\u00e9 sa konali na Slovensku, ale aj v zahrani\u010d\u00ed.\" \/>\n<meta name=\"robots\" content=\"index, follow, max-snippet:-1, max-image-preview:large, max-video-preview:-1\" \/>\n<link rel=\"canonical\" href=\"https:\/\/www.srsa.sk\/?page_id=2202\" \/>\n<meta property=\"og:locale\" content=\"sk_SK\" \/>\n<meta property=\"og:type\" content=\"article\" \/>\n<meta property=\"og:title\" content=\"V\u00fdsledky zo s\u00fa\u0165a\u017e\u00ed v roku 2019 &#187; Slovensk\u00e1 rope skippingov\u00e1 asoci\u00e1cia\" \/>\n<meta property=\"og:description\" content=\"V\u00fdsledky zo s\u00fa\u0165a\u017e\u00ed v roku 2019 v \u0161porte rope skipping \/ jump rope - sk\u00e1kanie cez \u0161vihadlo, ktor\u00e9 sa konali na Slovensku, ale aj v zahrani\u010d\u00ed.\" \/>\n<meta property=\"og:url\" content=\"https:\/\/www.srsa.sk\/?page_id=2202\" \/>\n<meta property=\"og:site_name\" content=\"Slovensk\u00e1 rope skippingov\u00e1 asoci\u00e1cia\" \/>\n<meta property=\"article:modified_time\" content=\"2020-01-23T22:57:24+00:00\" \/>\n<meta property=\"og:image\" content=\"http:\/\/www.srsa.sk\/wp-content\/uploads\/2020\/01\/vysledky-zo-sutazi-2019.jpg\" \/>\n<meta name=\"twitter:card\" content=\"summary_large_image\" \/>\n<meta name=\"twitter:label1\" content=\"Predpokladan\u00fd \u010das \u010d\u00edtania\" \/>\n\t<meta name=\"twitter:data1\" content=\"2 min\u00faty\" \/>\n<script type=\"application\/ld+json\" class=\"yoast-schema-graph\">{\"@context\":\"https:\/\/schema.org\",\"@graph\":[{\"@type\":\"WebPage\",\"@id\":\"https:\/\/www.srsa.sk\/?page_id=2202\",\"url\":\"https:\/\/www.srsa.sk\/?page_id=2202\",\"name\":\"V\u00fdsledky zo s\u00fa\u0165a\u017e\u00ed v roku 2019 &#187; Slovensk\u00e1 rope skippingov\u00e1 asoci\u00e1cia\",\"isPartOf\":{\"@id\":\"https:\/\/www.srsa.sk\/#website\"},\"primaryImageOfPage\":{\"@id\":\"https:\/\/www.srsa.sk\/?page_id=2202#primaryimage\"},\"image\":{\"@id\":\"https:\/\/www.srsa.sk\/?page_id=2202#primaryimage\"},\"thumbnailUrl\":\"http:\/\/www.srsa.sk\/wp-content\/uploads\/2020\/01\/vysledky-zo-sutazi-2019.jpg\",\"datePublished\":\"2020-01-21T13:36:00+00:00\",\"dateModified\":\"2020-01-23T22:57:24+00:00\",\"description\":\"V\u00fdsledky zo s\u00fa\u0165a\u017e\u00ed v roku 2019 v \u0161porte rope skipping \/ jump rope - sk\u00e1kanie cez \u0161vihadlo, ktor\u00e9 sa konali na Slovensku, ale aj v zahrani\u010d\u00ed.\",\"breadcrumb\":{\"@id\":\"https:\/\/www.srsa.sk\/?page_id=2202#breadcrumb\"},\"inLanguage\":\"sk-SK\",\"potentialAction\":[{\"@type\":\"ReadAction\",\"target\":[\"https:\/\/www.srsa.sk\/?page_id=2202\"]}]},{\"@type\":\"ImageObject\",\"inLanguage\":\"sk-SK\",\"@id\":\"https:\/\/www.srsa.sk\/?page_id=2202#primaryimage\",\"url\":\"http:\/\/www.srsa.sk\/wp-content\/uploads\/2020\/01\/vysledky-zo-sutazi-2019.jpg\",\"contentUrl\":\"http:\/\/www.srsa.sk\/wp-content\/uploads\/2020\/01\/vysledky-zo-sutazi-2019.jpg\"},{\"@type\":\"BreadcrumbList\",\"@id\":\"https:\/\/www.srsa.sk\/?page_id=2202#breadcrumb\",\"itemListElement\":[{\"@type\":\"ListItem\",\"position\":1,\"name\":\"Home\",\"item\":\"https:\/\/www.srsa.sk\/\"},{\"@type\":\"ListItem\",\"position\":2,\"name\":\"V\u00fdsledky zo s\u00fa\u0165a\u017e\u00ed v roku 2019\"}]},{\"@type\":\"WebSite\",\"@id\":\"https:\/\/www.srsa.sk\/#website\",\"url\":\"https:\/\/www.srsa.sk\/\",\"name\":\"Slovensk\u00e1 rope skippingov\u00e1 asoci\u00e1cia\",\"description\":\"...tam, kde kon\u010d\u00ed sk\u00e1kanie cez \u0161vihadlo, za\u010d\u00edna rope skipping\",\"potentialAction\":[{\"@type\":\"SearchAction\",\"target\":{\"@type\":\"EntryPoint\",\"urlTemplate\":\"https:\/\/www.srsa.sk\/?s={search_term_string}\"},\"query-input\":{\"@type\":\"PropertyValueSpecification\",\"valueRequired\":true,\"valueName\":\"search_term_string\"}}],\"inLanguage\":\"sk-SK\"}]}<\/script>\n<!-- \/ Yoast SEO plugin. -->","yoast_head_json":{"title":"V\u00fdsledky zo s\u00fa\u0165a\u017e\u00ed v roku 2019 &#187; Slovensk\u00e1 rope skippingov\u00e1 asoci\u00e1cia","description":"V\u00fdsledky zo s\u00fa\u0165a\u017e\u00ed v roku 2019 v \u0161porte rope skipping \/ jump rope - sk\u00e1kanie cez \u0161vihadlo, ktor\u00e9 sa konali na Slovensku, ale aj v zahrani\u010d\u00ed.","robots":{"index":"index","follow":"follow","max-snippet":"max-snippet:-1","max-image-preview":"max-image-preview:large","max-video-preview":"max-video-preview:-1"},"canonical":"https:\/\/www.srsa.sk\/?page_id=2202","og_locale":"sk_SK","og_type":"article","og_title":"V\u00fdsledky zo s\u00fa\u0165a\u017e\u00ed v roku 2019 &#187; Slovensk\u00e1 rope skippingov\u00e1 asoci\u00e1cia","og_description":"V\u00fdsledky zo s\u00fa\u0165a\u017e\u00ed v roku 2019 v \u0161porte rope skipping \/ jump rope - sk\u00e1kanie cez \u0161vihadlo, ktor\u00e9 sa konali na Slovensku, ale aj v zahrani\u010d\u00ed.","og_url":"https:\/\/www.srsa.sk\/?page_id=2202","og_site_name":"Slovensk\u00e1 rope skippingov\u00e1 asoci\u00e1cia","article_modified_time":"2020-01-23T22:57:24+00:00","og_image":[{"url":"http:\/\/www.srsa.sk\/wp-content\/uploads\/2020\/01\/vysledky-zo-sutazi-2019.jpg","type":"","width":"","height":""}],"twitter_card":"summary_large_image","twitter_misc":{"Predpokladan\u00fd \u010das \u010d\u00edtania":"2 min\u00faty"},"schema":{"@context":"https:\/\/schema.org","@graph":[{"@type":"WebPage","@id":"https:\/\/www.srsa.sk\/?page_id=2202","url":"https:\/\/www.srsa.sk\/?page_id=2202","name":"V\u00fdsledky zo s\u00fa\u0165a\u017e\u00ed v roku 2019 &#187; Slovensk\u00e1 rope skippingov\u00e1 asoci\u00e1cia","isPartOf":{"@id":"https:\/\/www.srsa.sk\/#website"},"primaryImageOfPage":{"@id":"https:\/\/www.srsa.sk\/?page_id=2202#primaryimage"},"image":{"@id":"https:\/\/www.srsa.sk\/?page_id=2202#primaryimage"},"thumbnailUrl":"http:\/\/www.srsa.sk\/wp-content\/uploads\/2020\/01\/vysledky-zo-sutazi-2019.jpg","datePublished":"2020-01-21T13:36:00+00:00","dateModified":"2020-01-23T22:57:24+00:00","description":"V\u00fdsledky zo s\u00fa\u0165a\u017e\u00ed v roku 2019 v \u0161porte rope skipping \/ jump rope - sk\u00e1kanie cez \u0161vihadlo, ktor\u00e9 sa konali na Slovensku, ale aj v zahrani\u010d\u00ed.","breadcrumb":{"@id":"https:\/\/www.srsa.sk\/?page_id=2202#breadcrumb"},"inLanguage":"sk-SK","potentialAction":[{"@type":"ReadAction","target":["https:\/\/www.srsa.sk\/?page_id=2202"]}]},{"@type":"ImageObject","inLanguage":"sk-SK","@id":"https:\/\/www.srsa.sk\/?page_id=2202#primaryimage","url":"http:\/\/www.srsa.sk\/wp-content\/uploads\/2020\/01\/vysledky-zo-sutazi-2019.jpg","contentUrl":"http:\/\/www.srsa.sk\/wp-content\/uploads\/2020\/01\/vysledky-zo-sutazi-2019.jpg"},{"@type":"BreadcrumbList","@id":"https:\/\/www.srsa.sk\/?page_id=2202#breadcrumb","itemListElement":[{"@type":"ListItem","position":1,"name":"Home","item":"https:\/\/www.srsa.sk\/"},{"@type":"ListItem","position":2,"name":"V\u00fdsledky zo s\u00fa\u0165a\u017e\u00ed v roku 2019"}]},{"@type":"WebSite","@id":"https:\/\/www.srsa.sk\/#website","url":"https:\/\/www.srsa.sk\/","name":"Slovensk\u00e1 rope skippingov\u00e1 asoci\u00e1cia","description":"...tam, kde kon\u010d\u00ed sk\u00e1kanie cez \u0161vihadlo, za\u010d\u00edna rope skipping","potentialAction":[{"@type":"SearchAction","target":{"@type":"EntryPoint","urlTemplate":"https:\/\/www.srsa.sk\/?s={search_term_string}"},"query-input":{"@type":"PropertyValueSpecification","valueRequired":true,"valueName":"search_term_string"}}],"inLanguage":"sk-SK"}]}},"_links":{"self":[{"href":"https:\/\/www.srsa.sk\/index.php?rest_route=\/wp\/v2\/pages\/2202","targetHints":{"allow":["GET"]}}],"collection":[{"href":"https:\/\/www.srsa.sk\/index.php?rest_route=\/wp\/v2\/pages"}],"about":[{"href":"https:\/\/www.srsa.sk\/index.php?rest_route=\/wp\/v2\/types\/page"}],"author":[{"embeddable":true,"href":"https:\/\/www.srsa.sk\/index.php?rest_route=\/wp\/v2\/users\/1"}],"replies":[{"embeddable":true,"href":"https:\/\/www.srsa.sk\/index.php?rest_route=%2Fwp%2Fv2%2Fcomments&post=2202"}],"version-history":[{"count":13,"href":"https:\/\/www.srsa.sk\/index.php?rest_route=\/wp\/v2\/pages\/2202\/revisions"}],"predecessor-version":[{"id":2715,"href":"https:\/\/www.srsa.sk\/index.php?rest_route=\/wp\/v2\/pages\/2202\/revisions\/2715"}],"wp:attachment":[{"href":"https:\/\/www.srsa.sk\/index.php?rest_route=%2Fwp%2Fv2%2Fmedia&parent=2202"}],"curies":[{"name":"wp","href":"https:\/\/api.w.org\/{rel}","templated":true}]}}