{"id":2199,"date":"2019-01-10T09:50:00","date_gmt":"2019-01-10T08:50:00","guid":{"rendered":"http:\/\/www.srsa.sk\/?page_id=2199"},"modified":"2021-01-21T13:54:57","modified_gmt":"2021-01-21T12:54:57","slug":"rok-2018","status":"publish","type":"page","link":"https:\/\/www.srsa.sk\/?page_id=2199","title":{"rendered":"Rok 2018 &#8211; rope skipping"},"content":{"rendered":"\n<p>Rok 2018 znamenal pre \u0161port rope skipping mno\u017estvo podujat\u00ed a pr\u00edle\u017eitost\u00ed. V tomto roku sa organizovali na SR aj Majstrovstv\u00e1 Eur\u00f3py v show.<\/p>\n\n\n\n<p>Za\u010diatok roka sme \u00faspe\u0161ne a tradi\u010dne od\u0161tartovali \u00fa\u010das\u0165ou na zahrani\u010dnej s\u00fa\u0165a\u017ei Blecha cup 2018 v Novom Ji\u010d\u00edne, v \u010ceskej republike.<\/p>\n\n\n\n<p>Vo febru\u00e1ri sa konali\u00a0 Valent\u00ednske workshopy pre deti a ml\u00e1de\u017e na r\u00f4znych miestach Slovenska. <\/p>\n\n\n\n<p>V m\u00e1ji sme prezentovali \u0161port rope skipping na podujat\u00ed pod n\u00e1zvom M\u00ed\u013ea pre mamu 2018 v Z\u00e1mockom parku v Pezinku ako najv\u00e4\u010d\u0161ia oslava D\u0148a matiek pod z\u00e1\u0161titou prezidenta Slovenskej republiky. V tomto mesiaci sa konali aj Majstrovstv\u00e1 SR v \u0161porte rope skipping v Bratislave. <\/p>\n\n\n\n<figure class=\"wp-block-image size-large is-resized\"><a href=\"https:\/\/www.srsa.sk\/wp-content\/uploads\/2018\/06\/rope-skipping-slovakia-competition.jpg\"><img loading=\"lazy\" decoding=\"async\" src=\"https:\/\/www.srsa.sk\/wp-content\/uploads\/2018\/06\/rope-skipping-slovakia-competition.jpg\" alt=\"\" class=\"wp-image-1169\" width=\"580\" height=\"431\" srcset=\"https:\/\/www.srsa.sk\/wp-content\/uploads\/2018\/06\/rope-skipping-slovakia-competition.jpg 448w, https:\/\/www.srsa.sk\/wp-content\/uploads\/2018\/06\/rope-skipping-slovakia-competition-300x223.jpg 300w, https:\/\/www.srsa.sk\/wp-content\/uploads\/2018\/06\/rope-skipping-slovakia-competition-404x300.jpg 404w\" sizes=\"auto, (max-width: 580px) 100vw, 580px\" \/><\/a><figcaption><strong><em>Majstrovstv\u00e1 Slovenskej republiky 2018<\/em><\/strong>, Bratislava<\/figcaption><\/figure>\n\n\n\n<p>V lete sa zab\u00e1vali a u\u010dili sa sk\u00e1ka\u0165 cez \u0161vihadlo deti a ml\u00e1de\u017e t\u00e1boroch v Bratislave, Zlat\u00fdch Klasoch a Pie\u0161\u0165anoch. Deti sa nau\u010dili sa mno\u017estvo trikov a zru\u010dnost\u00ed so \u0161vihadlom.<\/p>\n\n\n\n<p>V r\u00e1mci MEGA \u0161vihadlovej jesene mali najm\u00e4 deti a ml\u00e1de\u017e mo\u017enos\u0165 sa z\u00fa\u010dastni\u0165 workshopov, s\u00fa\u0165a\u017e\u00ed, prezent\u00e1ci\u00ed, dokonca aj Majstrovstiev Eur\u00f3py v show discipl\u00ednach.<\/p>\n\n\n\n<p>V september bol zameran\u00fd najm\u00e4 na oslovenie det\u00ed a ml\u00e1de\u017ee za\u010da\u0165 \u0161portova\u0165 so \u0161vihadlom fromou prezent\u00e1cie \u0161portu rope skipping a n\u00e1sledn\u00e9ho workshopu najm\u00e4 pre deti a ml\u00e1de\u017e na podujatiach: <strong>Kr\u00fa\u017ekobranie 2018<\/strong> (Avion Bratislava) a <strong>Bratislava \u0161portuj\u00face mesto 2018 <\/strong>(Aupark\/Sad J. Kr\u00e1\u013ea Bratislava).<\/p>\n\n\n\n<p>Majstrov sveta zo zoskupenia <strong>Jumpplus world <\/strong>sme si pozvali ako motiv\u00e1ciu pre deti a ml\u00e1de\u017e za\u010da\u0165 s t\u00fdmto \u0161portom. Pripravili sme pre nich prezent\u00e1cie a workshopy v Bratislave a v meste Pezinok. Taktie\u017e sme nav\u0161t\u00edvili ob\u013e\u00faben\u00fa rann\u00fa show TV Mark\u00edza &#8211; Teler\u00e1no.<\/p>\n\n\n\n<figure class=\"wp-block-image size-large is-resized\"><a href=\"https:\/\/www.srsa.sk\/wp-content\/uploads\/2018\/10\/Rope-skipping-a-skakanie-na-svihadle-v-TV-Markiza.jpg\"><img loading=\"lazy\" decoding=\"async\" src=\"https:\/\/www.srsa.sk\/wp-content\/uploads\/2018\/10\/Rope-skipping-a-skakanie-na-svihadle-v-TV-Markiza.jpg\" alt=\"Rope skipping v TV Markiza\" class=\"wp-image-1025\" width=\"576\" height=\"547\" srcset=\"https:\/\/www.srsa.sk\/wp-content\/uploads\/2018\/10\/Rope-skipping-a-skakanie-na-svihadle-v-TV-Markiza.jpg 505w, https:\/\/www.srsa.sk\/wp-content\/uploads\/2018\/10\/Rope-skipping-a-skakanie-na-svihadle-v-TV-Markiza-300x285.jpg 300w, https:\/\/www.srsa.sk\/wp-content\/uploads\/2018\/10\/Rope-skipping-a-skakanie-na-svihadle-v-TV-Markiza-316x300.jpg 316w\" sizes=\"auto, (max-width: 576px) 100vw, 576px\" \/><\/a><figcaption><strong><em>SRSA, Bratislava Jumpers a Jumpplus World prezentuj\u00fa rope skipping v TV Mark\u00edza     <\/em><\/strong><\/figcaption><\/figure>\n\n\n\n<p><\/p>\n\n\n\n<p><strong>500.00 skokov pre zdravie <\/strong>je kampa\u0148 v sk\u00e1kan\u00ed cez \u0161vihadlo, po\u010das ktorej sa zbieraj\u00fa skoky pre zdravie po celom Slovensku. Po\u010das kampane prezentujeme sk\u00e1kanie cez \u0161vihadlo ako v\u00fdborn\u00fa kardiovaskul\u00e1rnu aktivitu a z\u00e1rove\u0148 rope skipping ako \u0161port.<\/p>\n\n\n\n<p><strong>\u0160portfestival 2018<\/strong> (Tren\u010d\u00edn) \u2013 OPEN ROPE SKIPPING TEAM CUP 2018 &#8211; s\u00fa\u0165a\u017e pre za\u010diato\u010dn\u00edkov, workshop a prezent\u00e1cia \u0161portu rope skipping na festivale neolympijsk\u00fdch \u0161portov pod n\u00e1zvom \u0160portfestival v Tren\u010d\u00edne.<\/p>\n\n\n\n<p><strong>ERSO CONTEST SHOW 2018 \u2013 Majstrovstv\u00e1 Eur\u00f3py v show discipl\u00edne<\/strong> a&nbsp; <strong>Wheel contest 2018<\/strong> \u2013 medzin\u00e1rodn\u00e1 s\u00fa\u0165a\u017e v sk\u00e1kan\u00ed cez \u0161vihadlo vo dvojiciach , ktor\u00e1 sa tento rok konala na Slovensku v Bratislave.<\/p>\n\n\n\n<figure class=\"wp-block-image size-large is-resized\"><a href=\"https:\/\/www.srsa.sk\/wp-content\/uploads\/2019\/09\/erso-show-contest-bratislava.png\"><img loading=\"lazy\" decoding=\"async\" src=\"https:\/\/www.srsa.sk\/wp-content\/uploads\/2019\/09\/erso-show-contest-bratislava.png\" alt=\"eur\u00f3pska sutaz skakanie cez svihadlo\" class=\"wp-image-1644\" width=\"585\" height=\"390\" srcset=\"https:\/\/www.srsa.sk\/wp-content\/uploads\/2019\/09\/erso-show-contest-bratislava.png 448w, https:\/\/www.srsa.sk\/wp-content\/uploads\/2019\/09\/erso-show-contest-bratislava-300x200.png 300w\" sizes=\"auto, (max-width: 585px) 100vw, 585px\" \/><\/a><figcaption>Majstrovstv\u00e1 Eur\u00f3py v show discipl\u00edne &#8211; SHOW CONTEST 2018, Bratislava<\/figcaption><\/figure>\n\n\n\n<p>Rok 2018 sme ukon\u010dili organiz\u00e1ciou 4. ro\u010dn\u00edka s\u00fa\u0165a\u017ee<strong> BRATISLAVA ROPE SKIPPING CUP 2018<\/strong>, ktor\u00e1 bola rozdelen\u00e1 na s\u00fa\u0165a\u017en\u00e9 discipl\u00edny pre&nbsp; za\u010diato\u010dn\u00edkov a pokro\u010dil\u00fdch. Taktie\u017e sme sa z\u00fa\u010dastnili medzin\u00e1rodnej s\u00fa\u0165a\u017ee Christmas Cup 2018 v ma\u010farskom meste\u010dku Szombathely.<\/p>\n\n\n\n<figure class=\"wp-block-image size-large\"><a href=\"https:\/\/www.srsa.sk\/wp-content\/uploads\/2019\/02\/e8319c3b.png\"><img loading=\"lazy\" decoding=\"async\" width=\"1024\" height=\"680\" src=\"https:\/\/www.srsa.sk\/wp-content\/uploads\/2019\/02\/e8319c3b-1024x680.png\" alt=\"christmas cup 2018 szombathely\" class=\"wp-image-1283\" srcset=\"https:\/\/www.srsa.sk\/wp-content\/uploads\/2019\/02\/e8319c3b-1024x680.png 1024w, https:\/\/www.srsa.sk\/wp-content\/uploads\/2019\/02\/e8319c3b-300x199.png 300w, https:\/\/www.srsa.sk\/wp-content\/uploads\/2019\/02\/e8319c3b-768x510.png 768w, https:\/\/www.srsa.sk\/wp-content\/uploads\/2019\/02\/e8319c3b-452x300.png 452w, https:\/\/www.srsa.sk\/wp-content\/uploads\/2019\/02\/e8319c3b.png 1200w\" sizes=\"auto, (max-width: 1024px) 100vw, 1024px\" \/><\/a><\/figure>\n\n\n\n<p>V\u010faka v\u0161etk\u00fdm t\u00fdmto aktivit\u00e1m a podpore sme v kontakte s \u010fal\u0161\u00edmi z\u00e1ujemcami o rope skipping v jednotliv\u00fdch mest\u00e1ch Slovenska a u\u017e \u010doskoro sa za\u010dne sk\u00e1ka\u0165 aj v Tatr\u00e1ch, Pova\u017eskej Teplej alebo aj na v\u00fdchode Slovenska.<\/p>\n\n\n\n<p><a href=\"https:\/\/www.srsa.sk\/?page_id=3719\" target=\"_blank\" rel=\"noreferrer noopener\">Workshopy, prezent\u00e1cie a s\u00fa\u0165a\u017ee boli realizovan\u00e9 s finan\u010dnou podporou \u00daradu vl\u00e1dy Slovenskej republiky &#8211; program &#8222;Podpora rozvoja \u0161portu na rok 2018&#8220;.&nbsp;<\/a> \u010eakujeme za podporu!<\/p>\n\n\n\n<p>V\u00fdsledky zo s\u00fa\u0165a\u017e\u00ed: <\/p>\n\n\n\n<blockquote class=\"wp-block-quote is-style-large is-layout-flow wp-block-quote-is-layout-flow\"><p><strong><a href=\"https:\/\/www.srsa.sk\/?p=913\" target=\"_blank\" rel=\"noreferrer noopener\">BLECHA CUP 2018 NOV\u00dd JI\u010c\u00cdN<\/a><\/strong><\/p><\/blockquote>\n\n\n\n<blockquote class=\"wp-block-quote is-style-large is-layout-flow wp-block-quote-is-layout-flow\"><p><strong><a aria-label=\"MAJSTROVSTV\u00c1 SLOVENSKEJ REPUBLIKY 2018 (opens in a new tab)\" href=\"https:\/\/www.srsa.sk\/?p=1164\" target=\"_blank\" rel=\"noreferrer noopener\">MAJSTROVSTV\u00c1 SLOVENSKEJ REPUBLIKY 2018<\/a><\/strong><\/p><\/blockquote>\n\n\n\n<blockquote class=\"wp-block-quote is-style-large is-layout-flow wp-block-quote-is-layout-flow\"><p><strong><a href=\"https:\/\/www.srsa.sk\/?p=1628\" target=\"_blank\" rel=\"noreferrer noopener\" aria-label=\"ERSO SHOW CONTEST 2018  (opens in a new tab)\">ERSO SHOW CONTEST 2018 <\/a><\/strong><\/p><\/blockquote>\n\n\n\n<blockquote class=\"wp-block-quote is-style-large is-layout-flow wp-block-quote-is-layout-flow\"><p><strong><a aria-label=\"CHRISTMAS CUP 2018 SZOMBATHELY (opens in a new tab)\" href=\"https:\/\/www.srsa.sk\/?p=1246\" target=\"_blank\" rel=\"noreferrer noopener\">CHRISTMAS CUP 2018 SZOMBATHELY<\/a><\/strong><\/p><\/blockquote>\n\n\n\n\n\n<p><\/p>\n","protected":false},"excerpt":{"rendered":"<p>Rok 2018 znamenal pre \u0161port rope skipping mno\u017estvo podujat\u00ed a pr\u00edle\u017eitost\u00ed. V tomto roku sa organizovali na SR aj Majstrovstv\u00e1 Eur\u00f3py v show. Za\u010diatok roka sme \u00faspe\u0161ne a tradi\u010dne od\u0161tartovali \u00fa\u010das\u0165ou na zahrani\u010dnej s\u00fa\u0165a\u017ei Blecha cup 2018 v Novom Ji\u010d\u00edne, v \u010ceskej republike. Vo febru\u00e1ri sa konali\u00a0 Valent\u00ednske workshopy pre deti a ml\u00e1de\u017e na r\u00f4znych [&hellip;]<\/p>\n","protected":false},"author":1,"featured_media":0,"parent":0,"menu_order":0,"comment_status":"closed","ping_status":"closed","template":"","meta":{"footnotes":""},"class_list":["post-2199","page","type-page","status-publish","hentry"],"yoast_head":"<!-- This site is optimized with the Yoast SEO plugin v27.5 - https:\/\/yoast.com\/product\/yoast-seo-wordpress\/ -->\n<title>Rok 2018 - rope skipping &#187; Slovensk\u00e1 rope skippingov\u00e1 asoci\u00e1cia<\/title>\n<meta name=\"description\" content=\"Rok 2018 znamenal pre \u0161port rope skipping mno\u017estvo podujat\u00ed a pr\u00edle\u017eitost\u00ed. V tomto roku sa organizovali na SR aj Majstrovstv\u00e1 Eur\u00f3py v show.\" \/>\n<meta name=\"robots\" content=\"index, follow, max-snippet:-1, max-image-preview:large, max-video-preview:-1\" \/>\n<link rel=\"canonical\" href=\"https:\/\/www.srsa.sk\/?page_id=2199\" \/>\n<meta property=\"og:locale\" content=\"sk_SK\" \/>\n<meta property=\"og:type\" content=\"article\" \/>\n<meta property=\"og:title\" content=\"Rok 2018 - rope skipping &#187; Slovensk\u00e1 rope skippingov\u00e1 asoci\u00e1cia\" \/>\n<meta property=\"og:description\" content=\"Rok 2018 znamenal pre \u0161port rope skipping mno\u017estvo podujat\u00ed a pr\u00edle\u017eitost\u00ed. V tomto roku sa organizovali na SR aj Majstrovstv\u00e1 Eur\u00f3py v show.\" \/>\n<meta property=\"og:url\" content=\"https:\/\/www.srsa.sk\/?page_id=2199\" \/>\n<meta property=\"og:site_name\" content=\"Slovensk\u00e1 rope skippingov\u00e1 asoci\u00e1cia\" \/>\n<meta property=\"article:modified_time\" content=\"2021-01-21T12:54:57+00:00\" \/>\n<meta property=\"og:image\" content=\"http:\/\/www.srsa.sk\/wp-content\/uploads\/2018\/06\/rope-skipping-slovakia-competition.jpg\" \/>\n<meta name=\"twitter:card\" content=\"summary_large_image\" \/>\n<meta name=\"twitter:label1\" content=\"Predpokladan\u00fd \u010das \u010d\u00edtania\" \/>\n\t<meta name=\"twitter:data1\" content=\"3 min\u00faty\" \/>\n<script type=\"application\/ld+json\" class=\"yoast-schema-graph\">{\"@context\":\"https:\\\/\\\/schema.org\",\"@graph\":[{\"@type\":\"WebPage\",\"@id\":\"https:\\\/\\\/www.srsa.sk\\\/?page_id=2199\",\"url\":\"https:\\\/\\\/www.srsa.sk\\\/?page_id=2199\",\"name\":\"Rok 2018 - rope skipping &#187; Slovensk\u00e1 rope skippingov\u00e1 asoci\u00e1cia\",\"isPartOf\":{\"@id\":\"https:\\\/\\\/www.srsa.sk\\\/#website\"},\"primaryImageOfPage\":{\"@id\":\"https:\\\/\\\/www.srsa.sk\\\/?page_id=2199#primaryimage\"},\"image\":{\"@id\":\"https:\\\/\\\/www.srsa.sk\\\/?page_id=2199#primaryimage\"},\"thumbnailUrl\":\"http:\\\/\\\/www.srsa.sk\\\/wp-content\\\/uploads\\\/2018\\\/06\\\/rope-skipping-slovakia-competition.jpg\",\"datePublished\":\"2019-01-10T08:50:00+00:00\",\"dateModified\":\"2021-01-21T12:54:57+00:00\",\"description\":\"Rok 2018 znamenal pre \u0161port rope skipping mno\u017estvo podujat\u00ed a pr\u00edle\u017eitost\u00ed. V tomto roku sa organizovali na SR aj Majstrovstv\u00e1 Eur\u00f3py v show.\",\"breadcrumb\":{\"@id\":\"https:\\\/\\\/www.srsa.sk\\\/?page_id=2199#breadcrumb\"},\"inLanguage\":\"sk-SK\",\"potentialAction\":[{\"@type\":\"ReadAction\",\"target\":[\"https:\\\/\\\/www.srsa.sk\\\/?page_id=2199\"]}]},{\"@type\":\"ImageObject\",\"inLanguage\":\"sk-SK\",\"@id\":\"https:\\\/\\\/www.srsa.sk\\\/?page_id=2199#primaryimage\",\"url\":\"https:\\\/\\\/www.srsa.sk\\\/wp-content\\\/uploads\\\/2018\\\/06\\\/rope-skipping-slovakia-competition.jpg\",\"contentUrl\":\"https:\\\/\\\/www.srsa.sk\\\/wp-content\\\/uploads\\\/2018\\\/06\\\/rope-skipping-slovakia-competition.jpg\",\"width\":448,\"height\":333},{\"@type\":\"BreadcrumbList\",\"@id\":\"https:\\\/\\\/www.srsa.sk\\\/?page_id=2199#breadcrumb\",\"itemListElement\":[{\"@type\":\"ListItem\",\"position\":1,\"name\":\"Home\",\"item\":\"https:\\\/\\\/www.srsa.sk\\\/\"},{\"@type\":\"ListItem\",\"position\":2,\"name\":\"Rok 2018 &#8211; rope skipping\"}]},{\"@type\":\"WebSite\",\"@id\":\"https:\\\/\\\/www.srsa.sk\\\/#website\",\"url\":\"https:\\\/\\\/www.srsa.sk\\\/\",\"name\":\"Slovensk\u00e1 rope skippingov\u00e1 asoci\u00e1cia\",\"description\":\"...tam, kde kon\u010d\u00ed sk\u00e1kanie cez \u0161vihadlo, za\u010d\u00edna rope skipping\",\"potentialAction\":[{\"@type\":\"SearchAction\",\"target\":{\"@type\":\"EntryPoint\",\"urlTemplate\":\"https:\\\/\\\/www.srsa.sk\\\/?s={search_term_string}\"},\"query-input\":{\"@type\":\"PropertyValueSpecification\",\"valueRequired\":true,\"valueName\":\"search_term_string\"}}],\"inLanguage\":\"sk-SK\"}]}<\/script>\n<!-- \/ Yoast SEO plugin. -->","yoast_head_json":{"title":"Rok 2018 - rope skipping &#187; Slovensk\u00e1 rope skippingov\u00e1 asoci\u00e1cia","description":"Rok 2018 znamenal pre \u0161port rope skipping mno\u017estvo podujat\u00ed a pr\u00edle\u017eitost\u00ed. V tomto roku sa organizovali na SR aj Majstrovstv\u00e1 Eur\u00f3py v show.","robots":{"index":"index","follow":"follow","max-snippet":"max-snippet:-1","max-image-preview":"max-image-preview:large","max-video-preview":"max-video-preview:-1"},"canonical":"https:\/\/www.srsa.sk\/?page_id=2199","og_locale":"sk_SK","og_type":"article","og_title":"Rok 2018 - rope skipping &#187; Slovensk\u00e1 rope skippingov\u00e1 asoci\u00e1cia","og_description":"Rok 2018 znamenal pre \u0161port rope skipping mno\u017estvo podujat\u00ed a pr\u00edle\u017eitost\u00ed. V tomto roku sa organizovali na SR aj Majstrovstv\u00e1 Eur\u00f3py v show.","og_url":"https:\/\/www.srsa.sk\/?page_id=2199","og_site_name":"Slovensk\u00e1 rope skippingov\u00e1 asoci\u00e1cia","article_modified_time":"2021-01-21T12:54:57+00:00","og_image":[{"url":"http:\/\/www.srsa.sk\/wp-content\/uploads\/2018\/06\/rope-skipping-slovakia-competition.jpg","type":"","width":"","height":""}],"twitter_card":"summary_large_image","twitter_misc":{"Predpokladan\u00fd \u010das \u010d\u00edtania":"3 min\u00faty"},"schema":{"@context":"https:\/\/schema.org","@graph":[{"@type":"WebPage","@id":"https:\/\/www.srsa.sk\/?page_id=2199","url":"https:\/\/www.srsa.sk\/?page_id=2199","name":"Rok 2018 - rope skipping &#187; Slovensk\u00e1 rope skippingov\u00e1 asoci\u00e1cia","isPartOf":{"@id":"https:\/\/www.srsa.sk\/#website"},"primaryImageOfPage":{"@id":"https:\/\/www.srsa.sk\/?page_id=2199#primaryimage"},"image":{"@id":"https:\/\/www.srsa.sk\/?page_id=2199#primaryimage"},"thumbnailUrl":"http:\/\/www.srsa.sk\/wp-content\/uploads\/2018\/06\/rope-skipping-slovakia-competition.jpg","datePublished":"2019-01-10T08:50:00+00:00","dateModified":"2021-01-21T12:54:57+00:00","description":"Rok 2018 znamenal pre \u0161port rope skipping mno\u017estvo podujat\u00ed a pr\u00edle\u017eitost\u00ed. V tomto roku sa organizovali na SR aj Majstrovstv\u00e1 Eur\u00f3py v show.","breadcrumb":{"@id":"https:\/\/www.srsa.sk\/?page_id=2199#breadcrumb"},"inLanguage":"sk-SK","potentialAction":[{"@type":"ReadAction","target":["https:\/\/www.srsa.sk\/?page_id=2199"]}]},{"@type":"ImageObject","inLanguage":"sk-SK","@id":"https:\/\/www.srsa.sk\/?page_id=2199#primaryimage","url":"https:\/\/www.srsa.sk\/wp-content\/uploads\/2018\/06\/rope-skipping-slovakia-competition.jpg","contentUrl":"https:\/\/www.srsa.sk\/wp-content\/uploads\/2018\/06\/rope-skipping-slovakia-competition.jpg","width":448,"height":333},{"@type":"BreadcrumbList","@id":"https:\/\/www.srsa.sk\/?page_id=2199#breadcrumb","itemListElement":[{"@type":"ListItem","position":1,"name":"Home","item":"https:\/\/www.srsa.sk\/"},{"@type":"ListItem","position":2,"name":"Rok 2018 &#8211; rope skipping"}]},{"@type":"WebSite","@id":"https:\/\/www.srsa.sk\/#website","url":"https:\/\/www.srsa.sk\/","name":"Slovensk\u00e1 rope skippingov\u00e1 asoci\u00e1cia","description":"...tam, kde kon\u010d\u00ed sk\u00e1kanie cez \u0161vihadlo, za\u010d\u00edna rope skipping","potentialAction":[{"@type":"SearchAction","target":{"@type":"EntryPoint","urlTemplate":"https:\/\/www.srsa.sk\/?s={search_term_string}"},"query-input":{"@type":"PropertyValueSpecification","valueRequired":true,"valueName":"search_term_string"}}],"inLanguage":"sk-SK"}]}},"_links":{"self":[{"href":"https:\/\/www.srsa.sk\/index.php?rest_route=\/wp\/v2\/pages\/2199","targetHints":{"allow":["GET"]}}],"collection":[{"href":"https:\/\/www.srsa.sk\/index.php?rest_route=\/wp\/v2\/pages"}],"about":[{"href":"https:\/\/www.srsa.sk\/index.php?rest_route=\/wp\/v2\/types\/page"}],"author":[{"embeddable":true,"href":"https:\/\/www.srsa.sk\/index.php?rest_route=\/wp\/v2\/users\/1"}],"replies":[{"embeddable":true,"href":"https:\/\/www.srsa.sk\/index.php?rest_route=%2Fwp%2Fv2%2Fcomments&post=2199"}],"version-history":[{"count":9,"href":"https:\/\/www.srsa.sk\/index.php?rest_route=\/wp\/v2\/pages\/2199\/revisions"}],"predecessor-version":[{"id":3735,"href":"https:\/\/www.srsa.sk\/index.php?rest_route=\/wp\/v2\/pages\/2199\/revisions\/3735"}],"wp:attachment":[{"href":"https:\/\/www.srsa.sk\/index.php?rest_route=%2Fwp%2Fv2%2Fmedia&parent=2199"}],"curies":[{"name":"wp","href":"https:\/\/api.w.org\/{rel}","templated":true}]}}