{"id":2191,"date":"2026-01-19T22:09:21","date_gmt":"2026-01-19T21:09:21","guid":{"rendered":"http:\/\/www.srsa.sk\/?page_id=2191"},"modified":"2026-01-19T22:09:21","modified_gmt":"2026-01-19T21:09:21","slug":"vysledky-zo-sutazi-2017","status":"publish","type":"page","link":"https:\/\/www.srsa.sk\/?page_id=2191","title":{"rendered":"V\u00fdsledky zo s\u00fa\u0165a\u017e\u00ed v roku 2017"},"content":{"rendered":"\n<p><\/p>\n\n\n\n<blockquote class=\"wp-block-quote is-style-large is-layout-flow wp-block-quote-is-layout-flow\"><p><a href=\"https:\/\/www.srsa.sk\/?p=535\" target=\"_blank\" rel=\"noreferrer noopener\"><strong>BLECHA CUP 2017<\/strong> <strong>NOV\u00dd JI\u010c\u00cdN<\/strong><\/a><\/p><\/blockquote>\n\n\n\n<blockquote class=\"wp-block-quote is-style-large is-layout-flow wp-block-quote-is-layout-flow\"><p><strong><a href=\"https:\/\/www.srsa.sk\/?p=613\" target=\"_blank\" rel=\"noreferrer noopener\">SZASZA MEMORIAL 2017 SZOMBATHELY<\/a><\/strong><\/p><\/blockquote>\n\n\n\n<blockquote class=\"wp-block-quote is-style-large is-layout-flow wp-block-quote-is-layout-flow\"><p><strong><a href=\"https:\/\/www.srsa.sk\/?p=650\" target=\"_blank\" rel=\"noreferrer noopener\">BRATISLAVA ROPE SKIPPING CUP 2017<\/a><\/strong><\/p><\/blockquote>\n\n\n\n<blockquote class=\"wp-block-quote is-style-large is-layout-flow wp-block-quote-is-layout-flow\"><p><a href=\"https:\/\/www.srsa.sk\/?p=1536\" target=\"_blank\" rel=\"noreferrer noopener\"><strong>MAJSTROVSTV\u00c1 EUR\u00d3PY 2017<\/strong> <strong>PORTUGALSKO<\/strong><\/a><\/p><\/blockquote>\n\n\n\n<blockquote class=\"wp-block-quote is-style-large is-layout-flow wp-block-quote-is-layout-flow\"><p><strong><a href=\"https:\/\/www.srsa.sk\/?p=701\" target=\"_blank\" rel=\"noreferrer noopener\" aria-label=\"MAJSTROVSTV\u00c1 SLOVENSKEJ REPUBLIKY 2017 (opens in a new tab)\">MAJSTROVSTV\u00c1 SLOVENSKEJ REPUBLIKY 2017<\/a><\/strong><\/p><\/blockquote>\n\n\n\n<blockquote class=\"wp-block-quote is-style-large is-layout-flow wp-block-quote-is-layout-flow\"><p><strong>OPEN ROPE SKIPPING TEAM CUP 2017<\/strong><\/p><\/blockquote>\n\n\n\n<blockquote class=\"wp-block-quote is-style-large is-layout-flow wp-block-quote-is-layout-flow\"><p><strong>CHRISTMAS CUP 2017 SZOMBATHELY<\/strong><\/p><\/blockquote>\n\n\n","protected":false},"excerpt":{"rendered":"<p>BLECHA CUP 2017 NOV\u00dd JI\u010c\u00cdN SZASZA MEMORIAL 2017 SZOMBATHELY BRATISLAVA ROPE SKIPPING CUP 2017 MAJSTROVSTV\u00c1 EUR\u00d3PY 2017 PORTUGALSKO MAJSTROVSTV\u00c1 SLOVENSKEJ REPUBLIKY 2017 OPEN ROPE SKIPPING TEAM CUP 2017 CHRISTMAS CUP 2017 SZOMBATHELY<\/p>\n","protected":false},"author":1,"featured_media":0,"parent":0,"menu_order":0,"comment_status":"closed","ping_status":"closed","template":"","meta":{"footnotes":""},"class_list":["post-2191","page","type-page","status-publish","hentry"],"yoast_head":"<!-- This site is optimized with the Yoast SEO plugin v26.8 - https:\/\/yoast.com\/product\/yoast-seo-wordpress\/ -->\n<title>V\u00fdsledky zo s\u00fa\u0165a\u017e\u00ed v roku 2017 &#187; Slovensk\u00e1 rope skippingov\u00e1 asoci\u00e1cia<\/title>\n<meta name=\"description\" content=\"V\u00fdsledky zo s\u00fa\u0165a\u017e\u00ed v roku 2017 v \u0161porte rope skipping - sk\u00e1kanie cez \u0161vihadlo, ktor\u00e9 sa konali na Slovensku, ale aj v zahrani\u010d\u00ed.\" \/>\n<meta name=\"robots\" content=\"index, follow, max-snippet:-1, max-image-preview:large, max-video-preview:-1\" \/>\n<link rel=\"canonical\" href=\"https:\/\/www.srsa.sk\/?page_id=2191\" \/>\n<meta property=\"og:locale\" content=\"sk_SK\" \/>\n<meta property=\"og:type\" content=\"article\" \/>\n<meta property=\"og:title\" content=\"V\u00fdsledky zo s\u00fa\u0165a\u017e\u00ed v roku 2017 &#187; Slovensk\u00e1 rope skippingov\u00e1 asoci\u00e1cia\" \/>\n<meta property=\"og:description\" content=\"V\u00fdsledky zo s\u00fa\u0165a\u017e\u00ed v roku 2017 v \u0161porte rope skipping - sk\u00e1kanie cez \u0161vihadlo, ktor\u00e9 sa konali na Slovensku, ale aj v zahrani\u010d\u00ed.\" \/>\n<meta property=\"og:url\" content=\"https:\/\/www.srsa.sk\/?page_id=2191\" \/>\n<meta property=\"og:site_name\" content=\"Slovensk\u00e1 rope skippingov\u00e1 asoci\u00e1cia\" \/>\n<meta name=\"twitter:card\" content=\"summary_large_image\" \/>\n<script type=\"application\/ld+json\" class=\"yoast-schema-graph\">{\"@context\":\"https:\/\/schema.org\",\"@graph\":[{\"@type\":\"WebPage\",\"@id\":\"https:\/\/www.srsa.sk\/?page_id=2191\",\"url\":\"https:\/\/www.srsa.sk\/?page_id=2191\",\"name\":\"V\u00fdsledky zo s\u00fa\u0165a\u017e\u00ed v roku 2017 &#187; Slovensk\u00e1 rope skippingov\u00e1 asoci\u00e1cia\",\"isPartOf\":{\"@id\":\"https:\/\/www.srsa.sk\/#website\"},\"datePublished\":\"2026-01-19T21:09:21+00:00\",\"description\":\"V\u00fdsledky zo s\u00fa\u0165a\u017e\u00ed v roku 2017 v \u0161porte rope skipping - sk\u00e1kanie cez \u0161vihadlo, ktor\u00e9 sa konali na Slovensku, ale aj v zahrani\u010d\u00ed.\",\"breadcrumb\":{\"@id\":\"https:\/\/www.srsa.sk\/?page_id=2191#breadcrumb\"},\"inLanguage\":\"sk-SK\",\"potentialAction\":[{\"@type\":\"ReadAction\",\"target\":[\"https:\/\/www.srsa.sk\/?page_id=2191\"]}]},{\"@type\":\"BreadcrumbList\",\"@id\":\"https:\/\/www.srsa.sk\/?page_id=2191#breadcrumb\",\"itemListElement\":[{\"@type\":\"ListItem\",\"position\":1,\"name\":\"Home\",\"item\":\"https:\/\/www.srsa.sk\/\"},{\"@type\":\"ListItem\",\"position\":2,\"name\":\"V\u00fdsledky zo s\u00fa\u0165a\u017e\u00ed v roku 2017\"}]},{\"@type\":\"WebSite\",\"@id\":\"https:\/\/www.srsa.sk\/#website\",\"url\":\"https:\/\/www.srsa.sk\/\",\"name\":\"Slovensk\u00e1 rope skippingov\u00e1 asoci\u00e1cia\",\"description\":\"...tam, kde kon\u010d\u00ed sk\u00e1kanie cez \u0161vihadlo, za\u010d\u00edna rope skipping\",\"potentialAction\":[{\"@type\":\"SearchAction\",\"target\":{\"@type\":\"EntryPoint\",\"urlTemplate\":\"https:\/\/www.srsa.sk\/?s={search_term_string}\"},\"query-input\":{\"@type\":\"PropertyValueSpecification\",\"valueRequired\":true,\"valueName\":\"search_term_string\"}}],\"inLanguage\":\"sk-SK\"}]}<\/script>\n<!-- \/ Yoast SEO plugin. -->","yoast_head_json":{"title":"V\u00fdsledky zo s\u00fa\u0165a\u017e\u00ed v roku 2017 &#187; Slovensk\u00e1 rope skippingov\u00e1 asoci\u00e1cia","description":"V\u00fdsledky zo s\u00fa\u0165a\u017e\u00ed v roku 2017 v \u0161porte rope skipping - sk\u00e1kanie cez \u0161vihadlo, ktor\u00e9 sa konali na Slovensku, ale aj v zahrani\u010d\u00ed.","robots":{"index":"index","follow":"follow","max-snippet":"max-snippet:-1","max-image-preview":"max-image-preview:large","max-video-preview":"max-video-preview:-1"},"canonical":"https:\/\/www.srsa.sk\/?page_id=2191","og_locale":"sk_SK","og_type":"article","og_title":"V\u00fdsledky zo s\u00fa\u0165a\u017e\u00ed v roku 2017 &#187; Slovensk\u00e1 rope skippingov\u00e1 asoci\u00e1cia","og_description":"V\u00fdsledky zo s\u00fa\u0165a\u017e\u00ed v roku 2017 v \u0161porte rope skipping - sk\u00e1kanie cez \u0161vihadlo, ktor\u00e9 sa konali na Slovensku, ale aj v zahrani\u010d\u00ed.","og_url":"https:\/\/www.srsa.sk\/?page_id=2191","og_site_name":"Slovensk\u00e1 rope skippingov\u00e1 asoci\u00e1cia","twitter_card":"summary_large_image","schema":{"@context":"https:\/\/schema.org","@graph":[{"@type":"WebPage","@id":"https:\/\/www.srsa.sk\/?page_id=2191","url":"https:\/\/www.srsa.sk\/?page_id=2191","name":"V\u00fdsledky zo s\u00fa\u0165a\u017e\u00ed v roku 2017 &#187; Slovensk\u00e1 rope skippingov\u00e1 asoci\u00e1cia","isPartOf":{"@id":"https:\/\/www.srsa.sk\/#website"},"datePublished":"2026-01-19T21:09:21+00:00","description":"V\u00fdsledky zo s\u00fa\u0165a\u017e\u00ed v roku 2017 v \u0161porte rope skipping - sk\u00e1kanie cez \u0161vihadlo, ktor\u00e9 sa konali na Slovensku, ale aj v zahrani\u010d\u00ed.","breadcrumb":{"@id":"https:\/\/www.srsa.sk\/?page_id=2191#breadcrumb"},"inLanguage":"sk-SK","potentialAction":[{"@type":"ReadAction","target":["https:\/\/www.srsa.sk\/?page_id=2191"]}]},{"@type":"BreadcrumbList","@id":"https:\/\/www.srsa.sk\/?page_id=2191#breadcrumb","itemListElement":[{"@type":"ListItem","position":1,"name":"Home","item":"https:\/\/www.srsa.sk\/"},{"@type":"ListItem","position":2,"name":"V\u00fdsledky zo s\u00fa\u0165a\u017e\u00ed v roku 2017"}]},{"@type":"WebSite","@id":"https:\/\/www.srsa.sk\/#website","url":"https:\/\/www.srsa.sk\/","name":"Slovensk\u00e1 rope skippingov\u00e1 asoci\u00e1cia","description":"...tam, kde kon\u010d\u00ed sk\u00e1kanie cez \u0161vihadlo, za\u010d\u00edna rope skipping","potentialAction":[{"@type":"SearchAction","target":{"@type":"EntryPoint","urlTemplate":"https:\/\/www.srsa.sk\/?s={search_term_string}"},"query-input":{"@type":"PropertyValueSpecification","valueRequired":true,"valueName":"search_term_string"}}],"inLanguage":"sk-SK"}]}},"_links":{"self":[{"href":"https:\/\/www.srsa.sk\/index.php?rest_route=\/wp\/v2\/pages\/2191","targetHints":{"allow":["GET"]}}],"collection":[{"href":"https:\/\/www.srsa.sk\/index.php?rest_route=\/wp\/v2\/pages"}],"about":[{"href":"https:\/\/www.srsa.sk\/index.php?rest_route=\/wp\/v2\/types\/page"}],"author":[{"embeddable":true,"href":"https:\/\/www.srsa.sk\/index.php?rest_route=\/wp\/v2\/users\/1"}],"replies":[{"embeddable":true,"href":"https:\/\/www.srsa.sk\/index.php?rest_route=%2Fwp%2Fv2%2Fcomments&post=2191"}],"version-history":[{"count":11,"href":"https:\/\/www.srsa.sk\/index.php?rest_route=\/wp\/v2\/pages\/2191\/revisions"}],"predecessor-version":[{"id":3170,"href":"https:\/\/www.srsa.sk\/index.php?rest_route=\/wp\/v2\/pages\/2191\/revisions\/3170"}],"wp:attachment":[{"href":"https:\/\/www.srsa.sk\/index.php?rest_route=%2Fwp%2Fv2%2Fmedia&parent=2191"}],"curies":[{"name":"wp","href":"https:\/\/api.w.org\/{rel}","templated":true}]}}