{"id":2,"date":"2015-01-16T11:04:16","date_gmt":"2015-01-16T10:04:16","guid":{"rendered":"http:\/\/www.srsa.sk\/?page_id=2"},"modified":"2026-03-10T11:09:54","modified_gmt":"2026-03-10T10:09:54","slug":"o-nas-slovenska-rope-skippingova-asociacia","status":"publish","type":"page","link":"https:\/\/www.srsa.sk\/?page_id=2","title":{"rendered":"o n\u00e1s"},"content":{"rendered":"<p><strong>Slovensk\u00e1 rope skippingov\u00e1 asoci\u00e1cia (\u010falej len SRSA) <\/strong>je \u0161portovou organiz\u00e1ciou, ktor\u00e1 m\u00e1 pr\u00e1vnu formu ob\u010dianskeho zdru\u017eenia zalo\u017een\u00e9ho pod\u013ea z\u00e1kona \u010d. 83\/1990 Zb. o zdru\u017eovan\u00ed ob\u010danov v znen\u00ed neskor\u0161\u00edch predpisov (\u010falej len \u201eSRSA\u201c), ktor\u00e1 na \u00fazem\u00ed Slovenskej republiky pln\u00ed \u00falohy n\u00e1rodn\u00e9ho \u0161portov\u00e9ho zv\u00e4zu s cie\u013eom rozv\u00edja\u0165 a podporova\u0165 rope skipping na \u00fazem\u00ed celej Slovenskej republiky, uspokojova\u0165 potreby a z\u00e1ujmy v oblasti pohybovej \u010dinnosti det\u00ed a ml\u00e1de\u017ee, ale aj zamestnancov v \u0161kolstve a rodi\u010dov det\u00ed, predov\u0161etk\u00fdm na z\u00e1kladn\u00fdch a stredn\u00fdch \u0161kol\u00e1ch v Slovenskej republike spolupracuj\u00fac pri tom s vyhlasovate\u013emi a organiz\u00e1tormi podujat\u00ed, pohybov\u00fdch aktiv\u00edt a \u0161portovej \u010dinnosti pre deti a ml\u00e1de\u017e na \u00fazem\u00ed Slovenska i v zahrani\u010d\u00ed.<\/p>\n<p>SRSA bola zap\u00edsan\u00e1 do <a href=\"https:\/\/sport.iedu.sk\/Company\/Company\/17722\" target=\"_blank\" rel=\"noopener\">registra pr\u00e1vnick\u00fdch os\u00f4b<\/a> v \u0161porte Ministerstva cestovn\u00e9ho ruchu a \u0161portu Slovenskej republiky<strong>.<br \/><\/strong><\/p>\n\n\n<p class=\"has-text-color has-background\" style=\"color:#f8fafb;background-color:#70b04e\">V decembri 2019 n\u00e1s svetov\u00e1 organiz\u00e1cia IJRU \u2013 International Jump rope Union akceptovala za \u010dlena IJRU a na\u0161a organiz\u00e1cia z\u00edskala od IJRU \u0161tat\u00fat <strong>n\u00e1rodnej rope skippingovej organiz\u00e1cie pre Slovensk\u00fa republiku<\/strong>. <\/p>\n\n\n\n<figure class=\"wp-block-image\"><img loading=\"lazy\" decoding=\"async\" width=\"573\" height=\"265\" src=\"https:\/\/www.srsa.sk\/wp-content\/uploads\/2019\/02\/logo_SRSA_Sk.png\" alt=\"slovensk\u00e1 rope skippingova asociacia\" class=\"wp-image-1247\" srcset=\"https:\/\/www.srsa.sk\/wp-content\/uploads\/2019\/02\/logo_SRSA_Sk.png 573w, https:\/\/www.srsa.sk\/wp-content\/uploads\/2019\/02\/logo_SRSA_Sk-300x139.png 300w, https:\/\/www.srsa.sk\/wp-content\/uploads\/2019\/02\/logo_SRSA_Sk-500x231.png 500w\" sizes=\"auto, (max-width: 573px) 100vw, 573px\" \/><\/figure>\n\n\n\n<h5 class=\"wp-block-heading\"><strong>\u010cinnosti SRSA<\/strong> <\/h5>\n\n\n\n<p> Medzi hlavn\u00e9 \u010dinnosti Slovenskej rope skippingovej asoci\u00e1cie patr\u00ed organiz\u00e1cia a riadenie \u010dinnost\u00ed v oblasti \u0161portu rope skipping na \u00fazem\u00ed Slovenskej republiky, organizova\u0165 a zabezpe\u010dova\u0165 vzdel\u00e1vanie v oblasti \u0161portu rope skipping na \u00fazem\u00ed Slovenskej republiky. <\/p>\n\n\n\n<p> SRSA zameriava svoju \u010dinnos\u0165 na populariz\u00e1ciu, rozvoj a podporu rope skippingu na \u00fazem\u00ed celej Slovenskej republiky. S oh\u013eadom na odborn\u00e9 zameranie vych\u00e1dza z noriem eur\u00f3pskych a svetov\u00fdch organiz\u00e1ci\u00ed.&nbsp; <\/p>\n\n\n\n<p>SRSA organizuje celoslovensk\u00e9 a medzin\u00e1rodn\u00e9 s\u00fa\u0165a\u017ee, vzdel\u00e1vacie akcie, workshopy, campy, kampane pre rozvoj a podporu \u0161portu, zdravia a du\u0161evnej rovnov\u00e1hy. <\/p>\n\n\n\n<p>Preh\u013ead o podujatiach organizovan\u00fdch SRSA si m\u00f4\u017eete pozrie\u0165 priamo na <a href=\"https:\/\/www.srsa.sk\" target=\"_blank\" rel=\"noreferrer noopener\">domovskej str\u00e1nke n\u00e1\u0161ho webu<\/a> .<\/p>\n\n\n\n<figure class=\"wp-block-image\"><img loading=\"lazy\" decoding=\"async\" width=\"415\" height=\"416\" src=\"https:\/\/www.srsa.sk\/wp-content\/uploads\/2019\/03\/reprezentacia-SR-v-rope-skippingu.png\" alt=\"\" class=\"wp-image-1439\" srcset=\"https:\/\/www.srsa.sk\/wp-content\/uploads\/2019\/03\/reprezentacia-SR-v-rope-skippingu.png 415w, https:\/\/www.srsa.sk\/wp-content\/uploads\/2019\/03\/reprezentacia-SR-v-rope-skippingu-150x150.png 150w, https:\/\/www.srsa.sk\/wp-content\/uploads\/2019\/03\/reprezentacia-SR-v-rope-skippingu-300x300.png 300w, https:\/\/www.srsa.sk\/wp-content\/uploads\/2019\/03\/reprezentacia-SR-v-rope-skippingu-299x300.png 299w\" sizes=\"auto, (max-width: 415px) 100vw, 415px\" \/><\/figure>\n\n\n\n<h5 class=\"wp-block-heading\"><strong>Slovensk\u00e1 rope skippingov\u00e1 asoci\u00e1cia je \u010dlenom organiz\u00e1ci\u00ed:<\/strong><\/h5>\n\n\n\n<p><a href=\"http:\/\/erso.info\" target=\"_blank\" rel=\"noreferrer noopener\" aria-label=\"ERSO - European rope skipping organisation (opens in a new tab)\">ERSO &#8211; European rope skipping organisation<\/a> &#8211; eur\u00f3pska organiz\u00e1cia<\/p>\n\n\n\n<p><a rel=\"noreferrer noopener\" aria-label=\"IJRU - International jump rope union (opens in a new tab)\" href=\"http:\/\/ijru.sport\" target=\"_blank\">IJRU &#8211; International jump rope union<\/a> &#8211; svetov\u00e1 organiz\u00e1cia<\/p>\n\n\n\n<p><a href=\"http:\/\/www.aspv.sk\">A\u0160PV SR<\/a> &#8211; Asoci\u00e1cia \u0161portu pre v\u0161etk\u00fdch Slovenskej republiky<\/p>\n\n\n\n<p>2016 &#8211; 2019 &#8211; <a href=\"http:\/\/www.fisac-irsf.org\">IRSF-FISAC<\/a> &#8211; Svetov\u00e1 rope skippingov\u00e1 feder\u00e1cia<\/p>\n\n\n\n<h5 class=\"wp-block-heading\"><strong>\u010clenstvo SRSA<\/strong><\/h5>\n\n\n\n<p>\u010clenstvo v SRSA je dobrovo\u013en\u00e9. Na \u010dlenstvo v SRSA nie je pr\u00e1vny n\u00e1rok. Ka\u017ed\u00fd \u010dlen SRSA m\u00f4\u017ee kedyko\u013evek zo zdru\u017eenia vyst\u00fapi\u0165.<\/p>\n\n\n\n<p>Druhy \u010dlenstva SRSA:<br>a) kolekt\u00edvne \u2013 pre pr\u00e1vnick\u00e9 osoby<br>b) individu\u00e1lne &#8211; pre fyzick\u00e9 osoby<br>c) \u010destn\u00e9.<\/p>\n\n\n\n<p>Pr\u00e1va a povinnosti \u010dlenov SRSA s\u00fa okrem Stanov upraven\u00e9 aj \u010fal\u0161\u00edmi predpismi SRSA.<\/p>\n\n\n\n<p><strong>\u010clenstvo kolekt\u00edvneho \u010dlena SRSA<\/strong><\/p>\n\n\n\n<ol class=\"wp-block-list\">\n<li>\u017diadate\u013e o \u010dlenstvo mus\u00ed sp\u013a\u0148a\u0165 nasleduj\u00face podmienky:<br>a) je pr\u00e1vnick\u00e1 osoba, ktorej predmetom \u010dinnosti alebo cie\u013eom je \u010dinnos\u0165 v \u0161porte rope skipping,<br>b) jeho \u010dlenmi s\u00fa najmenej 3 fyzick\u00e9 osoby, z toho 2 \u0161portovci.<\/li>\n\n\n\n<li>Ka\u017ed\u00e1 pr\u00e1vnick\u00e1 osoba, ktor\u00e1 sa chce sta\u0165 riadnym \u010dlenom SRSA mus\u00ed poda\u0165 p\u00edsomn\u00fa \u017eiados\u0165 o \u010dlenstvo adresovan\u00fa SRSA v\u00fdlu\u010dne elektronicky.<\/li>\n\n\n\n<li>\u017diados\u0165 o prijatie pos\u00fadi Predsedn\u00edctvo SRSA do 21 dn\u00ed od jej doru\u010denia.<\/li>\n\n\n\n<li>Pr\u00e1va kolekt\u00edvneho \u010dlena SRSA:<br>a) navrhova\u0165 kandid\u00e1ta Z\u00e1stupcu \u0161portovcov SRSA v Predsedn\u00edctve SRSA,<br>b) ma\u0165 pr\u00edstup k inform\u00e1ci\u00e1m o konan\u00ed podujat\u00ed SRSA,<br>c) vyjadrova\u0165 n\u00e1zory a \u017eiada\u0165 odpovede na ot\u00e1zky individu\u00e1lnych \u010dlenov,<br>d) upozor\u0148ova\u0165 na nedostatky a navrhova\u0165 konkr\u00e9tne rie\u0161enia ich odstr\u00e1nenia.<br><\/li>\n\n\n\n<li>Povinnosti kolekt\u00edvneho \u010dlena SRSA:<br>a) dodr\u017eiava\u0165 Stanovy SRSA a in\u00e9 platn\u00e9 dokumenty SRSA,<br>b) re\u0161pektova\u0165 rozhodnutia org\u00e1nov SRSA,<br>c) plati\u0165 \u010dlensk\u00e9 pr\u00edspevky za svojich \u010dlenov, ktor\u00ed s\u00fa \u010dlenmi SRSA,<br>d) zdr\u017ea\u0165 sa konania, ktor\u00e9 by po\u0161kodzovalo dobr\u00e9 meno a z\u00e1ujmy SRSA.<\/li>\n<\/ol>\n\n\n\n<p><\/p>\n\n\n\n<figure class=\"wp-block-image\"><img loading=\"lazy\" decoding=\"async\" width=\"1024\" height=\"607\" src=\"https:\/\/www.srsa.sk\/wp-content\/uploads\/2015\/04\/SRSA-Slovakia-1024x607.jpg\" alt=\"federacia skakania cez svihadlo\" class=\"wp-image-86\" srcset=\"https:\/\/www.srsa.sk\/wp-content\/uploads\/2015\/04\/SRSA-Slovakia-1024x607.jpg 1024w, https:\/\/www.srsa.sk\/wp-content\/uploads\/2015\/04\/SRSA-Slovakia-300x178.jpg 300w, https:\/\/www.srsa.sk\/wp-content\/uploads\/2015\/04\/SRSA-Slovakia-500x297.jpg 500w, https:\/\/www.srsa.sk\/wp-content\/uploads\/2015\/04\/SRSA-Slovakia.jpg 1799w\" sizes=\"auto, (max-width: 1024px) 100vw, 1024px\" \/><\/figure>\n\n\n\n<p><strong>\u010clenstvo individu\u00e1lneho \u010dlena SRSA<\/strong><\/p>\n\n\n\n<ol class=\"wp-block-list\">\n<li>Individu\u00e1lnym \u010dlenom SRSA je bez\u00fahonn\u00e1 fyzick\u00e1 osoba sp\u013a\u0148aj\u00faca podmienky \u010dlenstva podie\u013eaj\u00faca sa na \u0161portovej \u010dinnosti v org\u00e1noch, \u0161trukt\u00farach alebo s\u00fa\u0165a\u017eiach SRSA, najm\u00e4 ako \u0161portovec, \u0161portov\u00fd odborn\u00edk alebo funkcion\u00e1r SRSA.<\/li>\n\n\n\n<li>\u017diados\u0165 v jeho mene predklad\u00e1 kolekt\u00edvny \u010dlen SRSA, ktor\u00e9ho je \u010dlenom.<\/li>\n\n\n\n<li>Za akt\u00edvneho individu\u00e1lneho \u010dlena SRSA sa pova\u017euje tak\u00fd \u010dlen, ktor\u00fd v roku, ktor\u00fd bezprostredne predch\u00e1dzal:<br>a) ako \u0161portovec \u0161tartoval aspo\u0148 jedenkr\u00e1t na s\u00fa\u0165a\u017ei zap\u00edsanej v kalend\u00e1ri SRSA,<br>b) ako rozhodca aspo\u0148 jedenkr\u00e1t rozhodoval s\u00fa\u0165a\u017e zap\u00edsanej v kalend\u00e1ri SRSA<br>c) ako \u0161portov\u00fd odborn\u00edk vykon\u00e1val svoju pr\u00e1cu aspo\u0148 jedenkr\u00e1t na podujat\u00ed zap\u00edsan\u00e9ho v kalend\u00e1ri SRSA.<\/li>\n\n\n\n<li>Pr\u00e1va individu\u00e1lneho \u010dlena SRSA:<br>a) navrhova\u0165 kandid\u00e1ta na Z\u00e1stupcu \u0161portovcov SRSA v Predsedn\u00edctve SRSA,<br>b) by\u0165 volen\u00fd na post Z\u00e1stupcu \u0161portovcov SRSA v Predsedn\u00edctve SRSA,<br>c) vyjadrova\u0165 n\u00e1zory a \u017eiada\u0165 odpovede na ot\u00e1zky prostredn\u00edctvom kolekt\u00edvneho \u010dlena,<br>d) upozor\u0148ova\u0165 na zisten\u00e9 nedostatky a z\u00e1rove\u0148 pod\u00e1va\u0165 konkr\u00e9tne n\u00e1vrhy na ich odstr\u00e1nenie.<\/li>\n\n\n\n<li>Povinnosti individu\u00e1lneho \u010dlena SRSA:<br>a) dodr\u017eiava\u0165 Stanovy SRSA a in\u00e9 platn\u00e9 dokumenty SRSA,<br>b) re\u0161pektova\u0165 a plni\u0165 rozhodnutia org\u00e1nov SRSA,<br>c) zdr\u017ea\u0165 sa konania, ktor\u00e9 by po\u0161kodzovalo dobr\u00e9 meno a z\u00e1ujmy SRSA.<\/li>\n<\/ol>\n\n\n\n<p><\/p>\n\n\n\n<p><\/p>\n\n\n\n<div class=\"wp-block-file\"><a id=\"wp-block-file--media-a1c83e0d-f602-4e94-b289-08a7251176e1\" href=\"https:\/\/www.srsa.sk\/wp-content\/uploads\/2025\/04\/Stanovy-SRSA-final.pdf\">Stanovy SRSA &#8211; final<\/a><a href=\"https:\/\/www.srsa.sk\/wp-content\/uploads\/2025\/04\/Stanovy-SRSA-final.pdf\" class=\"wp-block-file__button wp-element-button\" download aria-describedby=\"wp-block-file--media-a1c83e0d-f602-4e94-b289-08a7251176e1\">Stiahnu\u0165<\/a><\/div>\n\n\n\n<p><\/p>\n\n\n\n<p><\/p>\n\n\n\n<div class=\"wp-block-file\"><a id=\"wp-block-file--media-6bbad314-3012-4d97-8937-e5371c759747\" href=\"https:\/\/www.srsa.sk\/wp-content\/uploads\/2026\/01\/registracny_poriadok_SRSA.pdf\">registracny_poriadok_SRSA<\/a><a href=\"https:\/\/www.srsa.sk\/wp-content\/uploads\/2026\/01\/registracny_poriadok_SRSA.pdf\" class=\"wp-block-file__button wp-element-button\" download aria-describedby=\"wp-block-file--media-6bbad314-3012-4d97-8937-e5371c759747\">Stiahnu\u0165<\/a><\/div>\n\n\n\n<p><\/p>\n\n\n\n<p><\/p>\n\n\n\n<p><strong>\u017diadosti o \u010dlenstvo si m\u00f4\u017eete stiahnu\u0165 tu: <\/strong><\/p>\n\n\n\n<div class=\"wp-block-file\"><a id=\"wp-block-file--media-44d4902e-8396-4593-8089-49fa0f4c61c4\" href=\"https:\/\/www.srsa.sk\/wp-content\/uploads\/2026\/01\/Kolektivny-clen_PO.xlsx\">Kolektivny \u010dlen_PO<\/a><a href=\"https:\/\/www.srsa.sk\/wp-content\/uploads\/2026\/01\/Kolektivny-clen_PO.xlsx\" class=\"wp-block-file__button wp-element-button\" download aria-describedby=\"wp-block-file--media-44d4902e-8396-4593-8089-49fa0f4c61c4\">Stiahnu\u0165<\/a><\/div>\n\n\n\n<p><\/p>\n\n\n\n<div class=\"wp-block-file\"><a id=\"wp-block-file--media-0746abc6-57c5-42e4-956b-a882bb79595b\" href=\"https:\/\/www.srsa.sk\/wp-content\/uploads\/2026\/01\/Zoznam-FO.xlsx\">Zoznam FO<\/a><a href=\"https:\/\/www.srsa.sk\/wp-content\/uploads\/2026\/01\/Zoznam-FO.xlsx\" class=\"wp-block-file__button wp-element-button\" download aria-describedby=\"wp-block-file--media-0746abc6-57c5-42e4-956b-a882bb79595b\">Stiahnu\u0165<\/a><\/div>\n\n\n\n<p><\/p>\n\n\n\n<div class=\"wp-block-file\"><a id=\"wp-block-file--media-d517339a-503f-4789-b0c1-d0683a9ffd3f\" href=\"https:\/\/www.srsa.sk\/wp-content\/uploads\/2026\/03\/Individualny-clen_FO_final.docx\">Individualny clen_FO_final<\/a><a href=\"https:\/\/www.srsa.sk\/wp-content\/uploads\/2026\/03\/Individualny-clen_FO_final.docx\" class=\"wp-block-file__button wp-element-button\" download aria-describedby=\"wp-block-file--media-d517339a-503f-4789-b0c1-d0683a9ffd3f\">Stiahnu\u0165<\/a><\/div>\n\n\n\n<p><\/p>\n\n\n\n<h4 class=\"wp-block-heading\">Spolupr\u00e1ca s organiz\u00e1ciami a \u0161portovcami<\/h4>\n\n\n\n<p>Slovensk\u00e1 rope skippingov\u00e1 asoci\u00e1cia (SRSA) vydala dokument pre organiz\u00e1cie a&nbsp;\u0161portovcov, ktor\u00ed nie s\u00fa \u010dlenmi na\u0161ej organiz\u00e1cie pre jasn\u00e9 vyjadrenie otvorenosti a&nbsp;pr\u00edstupu v&nbsp;r\u00e1mci podpory \u0161portu rope skipping \/ jump rope na Slovensku. Podujat\u00ed SRSA sa m\u00f4\u017ee a&nbsp;bude m\u00f4c\u0165 z\u00fa\u010dastni\u0165 ka\u017ed\u00fd z\u00e1ujemca, ktor\u00fd chce sk\u00e1ka\u0165 cez \u0161vihadlo.<\/p>\n\n\n\n<p><\/p>\n\n\n\n<div class=\"wp-block-file\"><a href=\"https:\/\/www.srsa.sk\/wp-content\/uploads\/2020\/07\/SRSA-document.pdf\">SRSA dokument<\/a><a href=\"https:\/\/www.srsa.sk\/wp-content\/uploads\/2020\/07\/SRSA-document.pdf\" class=\"wp-block-file__button wp-element-button\" download>Stiahnu\u0165<\/a><\/div>\n\n\n\n<p><\/p>\n\n\n\n<p><\/p>\n\n\n\n<blockquote class=\"wp-block-quote is-style-default is-layout-flow wp-block-quote-is-layout-flow\">\n<p><strong> Kontakty:<\/strong><br> &nbsp;<br> <strong>Predseda: Martin Kol\u010d\u00e1k &#8211; <\/strong>srsa@srsa.sk <br> <strong>Head of delegation, National Coach for Slovakia:<\/strong> Mgr. Pavl\u00edna Hadov\u00e1<br> <strong>Kontakt &#8211; administrat\u00edva:<\/strong> Katar\u00edna Bo\u0161kov\u00e1 \/ Anton Koz\u00e1k &#8211; srsa.slovakia@gmail.com<\/p>\n\n\n\n<p>FACEBOOK: <a href=\"https:\/\/www.facebook.com\/Slovenska-rope-skippingova-asociacia-677315282404952\/\">Slovensk\u00e1 rope skippingov\u00e1 asoci\u00e1cia<\/a> <\/p>\n\n\n\n<p>INSTAGRAM: <a href=\"https:\/\/www.instagram.com\/ropeskippingslovakia\/\">https:\/\/www.instagram.com\/ropeskippingslovakia\/<\/a> <\/p>\n<\/blockquote>\n\n\n","protected":false},"excerpt":{"rendered":"<p>Slovensk\u00e1 rope skippingov\u00e1 asoci\u00e1cia (\u010falej len SRSA) je \u0161portovou organiz\u00e1ciou, ktor\u00e1 m\u00e1 pr\u00e1vnu formu ob\u010dianskeho zdru\u017eenia zalo\u017een\u00e9ho pod\u013ea z\u00e1kona \u010d. 83\/1990 Zb. o zdru\u017eovan\u00ed ob\u010danov v znen\u00ed neskor\u0161\u00edch predpisov (\u010falej len \u201eSRSA\u201c), ktor\u00e1 na \u00fazem\u00ed Slovenskej republiky pln\u00ed \u00falohy n\u00e1rodn\u00e9ho \u0161portov\u00e9ho zv\u00e4zu s cie\u013eom rozv\u00edja\u0165 a podporova\u0165 rope skipping na \u00fazem\u00ed celej Slovenskej republiky, uspokojova\u0165 [&hellip;]<\/p>\n","protected":false},"author":1,"featured_media":1247,"parent":0,"menu_order":0,"comment_status":"closed","ping_status":"closed","template":"","meta":{"footnotes":""},"class_list":["post-2","page","type-page","status-publish","has-post-thumbnail","hentry"],"yoast_head":"<!-- This site is optimized with the Yoast SEO plugin v26.8 - https:\/\/yoast.com\/product\/yoast-seo-wordpress\/ -->\n<title>o n\u00e1s &#187; Slovensk\u00e1 rope skippingov\u00e1 asoci\u00e1cia &#187; o n\u00e1s<\/title>\n<meta name=\"description\" content=\"Slovensk\u00e1 rope skippingov\u00e1 asoci\u00e1cia je \u0161portovou organiz\u00e1ciou, ktor\u00e1 pln\u00ed \u00falohy n\u00e1rodn\u00e9ho \u0161portov\u00e9ho zv\u00e4zu v \u0161porte rope skipping.\" \/>\n<meta name=\"robots\" content=\"index, follow, max-snippet:-1, max-image-preview:large, max-video-preview:-1\" \/>\n<link rel=\"canonical\" href=\"https:\/\/www.srsa.sk\/?page_id=2\" \/>\n<meta property=\"og:locale\" content=\"sk_SK\" \/>\n<meta property=\"og:type\" content=\"article\" \/>\n<meta property=\"og:title\" content=\"o n\u00e1s &#187; Slovensk\u00e1 rope skippingov\u00e1 asoci\u00e1cia &#187; o n\u00e1s\" \/>\n<meta property=\"og:description\" content=\"Slovensk\u00e1 rope skippingov\u00e1 asoci\u00e1cia je \u0161portovou organiz\u00e1ciou, ktor\u00e1 pln\u00ed \u00falohy n\u00e1rodn\u00e9ho \u0161portov\u00e9ho zv\u00e4zu v \u0161porte rope skipping.\" \/>\n<meta property=\"og:url\" content=\"https:\/\/www.srsa.sk\/?page_id=2\" \/>\n<meta property=\"og:site_name\" content=\"Slovensk\u00e1 rope skippingov\u00e1 asoci\u00e1cia\" \/>\n<meta property=\"article:modified_time\" content=\"2026-03-10T10:09:54+00:00\" \/>\n<meta property=\"og:image\" content=\"https:\/\/www.srsa.sk\/wp-content\/uploads\/2019\/02\/logo_SRSA_Sk.png\" \/>\n\t<meta property=\"og:image:width\" content=\"573\" \/>\n\t<meta property=\"og:image:height\" content=\"265\" \/>\n\t<meta property=\"og:image:type\" content=\"image\/png\" \/>\n<meta name=\"twitter:card\" content=\"summary_large_image\" \/>\n<meta name=\"twitter:label1\" content=\"Predpokladan\u00fd \u010das \u010d\u00edtania\" \/>\n\t<meta name=\"twitter:data1\" content=\"5 min\u00fat\" \/>\n<script type=\"application\/ld+json\" class=\"yoast-schema-graph\">{\"@context\":\"https:\/\/schema.org\",\"@graph\":[{\"@type\":\"WebPage\",\"@id\":\"https:\/\/www.srsa.sk\/?page_id=2\",\"url\":\"https:\/\/www.srsa.sk\/?page_id=2\",\"name\":\"o n\u00e1s &#187; Slovensk\u00e1 rope skippingov\u00e1 asoci\u00e1cia &#187; o n\u00e1s\",\"isPartOf\":{\"@id\":\"https:\/\/www.srsa.sk\/#website\"},\"primaryImageOfPage\":{\"@id\":\"https:\/\/www.srsa.sk\/?page_id=2#primaryimage\"},\"image\":{\"@id\":\"https:\/\/www.srsa.sk\/?page_id=2#primaryimage\"},\"thumbnailUrl\":\"https:\/\/www.srsa.sk\/wp-content\/uploads\/2019\/02\/logo_SRSA_Sk.png\",\"datePublished\":\"2015-01-16T10:04:16+00:00\",\"dateModified\":\"2026-03-10T10:09:54+00:00\",\"description\":\"Slovensk\u00e1 rope skippingov\u00e1 asoci\u00e1cia je \u0161portovou organiz\u00e1ciou, ktor\u00e1 pln\u00ed \u00falohy n\u00e1rodn\u00e9ho \u0161portov\u00e9ho zv\u00e4zu v \u0161porte rope skipping.\",\"breadcrumb\":{\"@id\":\"https:\/\/www.srsa.sk\/?page_id=2#breadcrumb\"},\"inLanguage\":\"sk-SK\",\"potentialAction\":[{\"@type\":\"ReadAction\",\"target\":[\"https:\/\/www.srsa.sk\/?page_id=2\"]}]},{\"@type\":\"ImageObject\",\"inLanguage\":\"sk-SK\",\"@id\":\"https:\/\/www.srsa.sk\/?page_id=2#primaryimage\",\"url\":\"https:\/\/www.srsa.sk\/wp-content\/uploads\/2019\/02\/logo_SRSA_Sk.png\",\"contentUrl\":\"https:\/\/www.srsa.sk\/wp-content\/uploads\/2019\/02\/logo_SRSA_Sk.png\",\"width\":573,\"height\":265,\"caption\":\"slovensk\u00e1 rope skippingova asociacia\"},{\"@type\":\"BreadcrumbList\",\"@id\":\"https:\/\/www.srsa.sk\/?page_id=2#breadcrumb\",\"itemListElement\":[{\"@type\":\"ListItem\",\"position\":1,\"name\":\"Home\",\"item\":\"https:\/\/www.srsa.sk\/\"},{\"@type\":\"ListItem\",\"position\":2,\"name\":\"o n\u00e1s\"}]},{\"@type\":\"WebSite\",\"@id\":\"https:\/\/www.srsa.sk\/#website\",\"url\":\"https:\/\/www.srsa.sk\/\",\"name\":\"Slovensk\u00e1 rope skippingov\u00e1 asoci\u00e1cia\",\"description\":\"...tam, kde kon\u010d\u00ed sk\u00e1kanie cez \u0161vihadlo, za\u010d\u00edna rope skipping\",\"potentialAction\":[{\"@type\":\"SearchAction\",\"target\":{\"@type\":\"EntryPoint\",\"urlTemplate\":\"https:\/\/www.srsa.sk\/?s={search_term_string}\"},\"query-input\":{\"@type\":\"PropertyValueSpecification\",\"valueRequired\":true,\"valueName\":\"search_term_string\"}}],\"inLanguage\":\"sk-SK\"}]}<\/script>\n<!-- \/ Yoast SEO plugin. -->","yoast_head_json":{"title":"o n\u00e1s &#187; Slovensk\u00e1 rope skippingov\u00e1 asoci\u00e1cia &#187; o n\u00e1s","description":"Slovensk\u00e1 rope skippingov\u00e1 asoci\u00e1cia je \u0161portovou organiz\u00e1ciou, ktor\u00e1 pln\u00ed \u00falohy n\u00e1rodn\u00e9ho \u0161portov\u00e9ho zv\u00e4zu v \u0161porte rope skipping.","robots":{"index":"index","follow":"follow","max-snippet":"max-snippet:-1","max-image-preview":"max-image-preview:large","max-video-preview":"max-video-preview:-1"},"canonical":"https:\/\/www.srsa.sk\/?page_id=2","og_locale":"sk_SK","og_type":"article","og_title":"o n\u00e1s &#187; Slovensk\u00e1 rope skippingov\u00e1 asoci\u00e1cia &#187; o n\u00e1s","og_description":"Slovensk\u00e1 rope skippingov\u00e1 asoci\u00e1cia je \u0161portovou organiz\u00e1ciou, ktor\u00e1 pln\u00ed \u00falohy n\u00e1rodn\u00e9ho \u0161portov\u00e9ho zv\u00e4zu v \u0161porte rope skipping.","og_url":"https:\/\/www.srsa.sk\/?page_id=2","og_site_name":"Slovensk\u00e1 rope skippingov\u00e1 asoci\u00e1cia","article_modified_time":"2026-03-10T10:09:54+00:00","og_image":[{"width":573,"height":265,"url":"https:\/\/www.srsa.sk\/wp-content\/uploads\/2019\/02\/logo_SRSA_Sk.png","type":"image\/png"}],"twitter_card":"summary_large_image","twitter_misc":{"Predpokladan\u00fd \u010das \u010d\u00edtania":"5 min\u00fat"},"schema":{"@context":"https:\/\/schema.org","@graph":[{"@type":"WebPage","@id":"https:\/\/www.srsa.sk\/?page_id=2","url":"https:\/\/www.srsa.sk\/?page_id=2","name":"o n\u00e1s &#187; Slovensk\u00e1 rope skippingov\u00e1 asoci\u00e1cia &#187; o n\u00e1s","isPartOf":{"@id":"https:\/\/www.srsa.sk\/#website"},"primaryImageOfPage":{"@id":"https:\/\/www.srsa.sk\/?page_id=2#primaryimage"},"image":{"@id":"https:\/\/www.srsa.sk\/?page_id=2#primaryimage"},"thumbnailUrl":"https:\/\/www.srsa.sk\/wp-content\/uploads\/2019\/02\/logo_SRSA_Sk.png","datePublished":"2015-01-16T10:04:16+00:00","dateModified":"2026-03-10T10:09:54+00:00","description":"Slovensk\u00e1 rope skippingov\u00e1 asoci\u00e1cia je \u0161portovou organiz\u00e1ciou, ktor\u00e1 pln\u00ed \u00falohy n\u00e1rodn\u00e9ho \u0161portov\u00e9ho zv\u00e4zu v \u0161porte rope skipping.","breadcrumb":{"@id":"https:\/\/www.srsa.sk\/?page_id=2#breadcrumb"},"inLanguage":"sk-SK","potentialAction":[{"@type":"ReadAction","target":["https:\/\/www.srsa.sk\/?page_id=2"]}]},{"@type":"ImageObject","inLanguage":"sk-SK","@id":"https:\/\/www.srsa.sk\/?page_id=2#primaryimage","url":"https:\/\/www.srsa.sk\/wp-content\/uploads\/2019\/02\/logo_SRSA_Sk.png","contentUrl":"https:\/\/www.srsa.sk\/wp-content\/uploads\/2019\/02\/logo_SRSA_Sk.png","width":573,"height":265,"caption":"slovensk\u00e1 rope skippingova asociacia"},{"@type":"BreadcrumbList","@id":"https:\/\/www.srsa.sk\/?page_id=2#breadcrumb","itemListElement":[{"@type":"ListItem","position":1,"name":"Home","item":"https:\/\/www.srsa.sk\/"},{"@type":"ListItem","position":2,"name":"o n\u00e1s"}]},{"@type":"WebSite","@id":"https:\/\/www.srsa.sk\/#website","url":"https:\/\/www.srsa.sk\/","name":"Slovensk\u00e1 rope skippingov\u00e1 asoci\u00e1cia","description":"...tam, kde kon\u010d\u00ed sk\u00e1kanie cez \u0161vihadlo, za\u010d\u00edna rope skipping","potentialAction":[{"@type":"SearchAction","target":{"@type":"EntryPoint","urlTemplate":"https:\/\/www.srsa.sk\/?s={search_term_string}"},"query-input":{"@type":"PropertyValueSpecification","valueRequired":true,"valueName":"search_term_string"}}],"inLanguage":"sk-SK"}]}},"_links":{"self":[{"href":"https:\/\/www.srsa.sk\/index.php?rest_route=\/wp\/v2\/pages\/2","targetHints":{"allow":["GET"]}}],"collection":[{"href":"https:\/\/www.srsa.sk\/index.php?rest_route=\/wp\/v2\/pages"}],"about":[{"href":"https:\/\/www.srsa.sk\/index.php?rest_route=\/wp\/v2\/types\/page"}],"author":[{"embeddable":true,"href":"https:\/\/www.srsa.sk\/index.php?rest_route=\/wp\/v2\/users\/1"}],"replies":[{"embeddable":true,"href":"https:\/\/www.srsa.sk\/index.php?rest_route=%2Fwp%2Fv2%2Fcomments&post=2"}],"version-history":[{"count":44,"href":"https:\/\/www.srsa.sk\/index.php?rest_route=\/wp\/v2\/pages\/2\/revisions"}],"predecessor-version":[{"id":5034,"href":"https:\/\/www.srsa.sk\/index.php?rest_route=\/wp\/v2\/pages\/2\/revisions\/5034"}],"wp:featuredmedia":[{"embeddable":true,"href":"https:\/\/www.srsa.sk\/index.php?rest_route=\/wp\/v2\/media\/1247"}],"wp:attachment":[{"href":"https:\/\/www.srsa.sk\/index.php?rest_route=%2Fwp%2Fv2%2Fmedia&parent=2"}],"curies":[{"name":"wp","href":"https:\/\/api.w.org\/{rel}","templated":true}]}}