{"id":1763,"date":"2019-09-10T14:24:32","date_gmt":"2019-09-10T13:24:32","guid":{"rendered":"http:\/\/www.srsa.sk\/?page_id=1763"},"modified":"2026-01-20T01:49:41","modified_gmt":"2026-01-20T00:49:41","slug":"kurz-rope-skipping","status":"publish","type":"page","link":"https:\/\/www.srsa.sk\/?page_id=1763","title":{"rendered":"Kurz rope skipping pre lektorov &#8211; sk\u00e1kanie cez \u0161vihadlo"},"content":{"rendered":"\n<p>Kurz rope skipping &#8211; \u010di\u017ee kurz pre lektorov, ktor\u00fd chc\u00fa vedie\u0165 u\u010di\u0165 sk\u00e1kanie cez \u0161vihadlo. <\/p>\n\n\n\n<figure class=\"wp-block-image\"><img loading=\"lazy\" decoding=\"async\" width=\"1024\" height=\"683\" src=\"https:\/\/www.srsa.sk\/wp-content\/uploads\/2019\/09\/kurz-rope-skipping-1024x683.jpg\" alt=\"kurz-rope-skipping\" class=\"wp-image-1795\" srcset=\"https:\/\/www.srsa.sk\/wp-content\/uploads\/2019\/09\/kurz-rope-skipping-1024x683.jpg 1024w, https:\/\/www.srsa.sk\/wp-content\/uploads\/2019\/09\/kurz-rope-skipping-300x200.jpg 300w, https:\/\/www.srsa.sk\/wp-content\/uploads\/2019\/09\/kurz-rope-skipping-768x512.jpg 768w, https:\/\/www.srsa.sk\/wp-content\/uploads\/2019\/09\/kurz-rope-skipping-450x300.jpg 450w, https:\/\/www.srsa.sk\/wp-content\/uploads\/2019\/09\/kurz-rope-skipping.jpg 1920w\" sizes=\"auto, (max-width: 1024px) 100vw, 1024px\" \/><\/figure>\n\n\n\n<p>Kurzy s\u00fa\njednod\u0148ov\u00e9 a prebiehaj\u00fa spravidla v soboty.<\/p>\n\n\n\n<p>V\u00fdnimkou s\u00fa\n\u0161koly, ktor\u00e9 maj\u00fa vy\u010dlenen\u00e9 deti na rope skipping, chc\u00fa za\u010da\u0165 s rope skippingom\nno nevedia ako na to a ako za\u010da\u0165. Pr\u00eddeme, deti nau\u010d\u00edme, pedag\u00f3gov za\u0161kol\u00edme.\nSta\u010d\u00ed si dohodn\u00fa\u0165 term\u00edn a zabezpe\u010di\u0165 \u00fa\u010das\u0165 det\u00ed. Do \u0161k\u00f4l pr\u00eddeme po dohode aj\ncez t\u00fd\u017ede\u0148.<\/p>\n\n\n\n<p><strong>Ak ste pedag\u00f3g vy\u0161\u0161ieho veku, nebojte sa!!! Aj vy m\u00e1te mo\u017enos\u0165 ma\u0165 svoj team det\u00ed!!!<\/strong><\/p>\n\n\n\n<p>LEKTOR M\u00c1 ZA \u00daLOHU VEDIE\u0164&nbsp;SVOJ TEAM VIES\u0164&nbsp;A STARA\u0164 SA O JEHO ROZVOJ!<\/p>\n\n\n\n<p>Ob\u00e1va\u0165 sa\nnemus\u00edte ani praktickej \u010dasti, na kurzoch je mo\u017en\u00e9 ma\u0165 tvz. figuranta!!<\/p>\n\n\n\n<p>Nebojte sa,\nozvite sa, vysvetl\u00edme, nau\u010d\u00edme !!!! Od toho sme tu pre V\u00e1s!<\/p>\n\n\n\n<blockquote class=\"wp-block-quote is-style-large is-layout-flow wp-block-quote-is-layout-flow\">\n<p><strong><span style=\"color:#313131\" class=\"tadv-color\"><span style=\"background-color:#eeeeee\" class=\"tadv-background-color\">Chcete ma\u0165 rope skipping team, no neviete ako na to?  PRIHL\u00c1STE SA NA KURZ !!! <\/span><\/span><span style=\"background-color:#70b04e\" class=\"tadv-background-color\"><span style=\"color:#fbfdfe\" class=\"tadv-color\"><span style=\"background-color:#070b04\" class=\"tadv-background-color\"><\/span><\/span><\/span><\/strong><\/p>\n<\/blockquote>\n\n\n\n<h5 class=\"wp-block-heading\"><strong>ROPE SKIPPING I. &#8211; BASIC <\/strong><\/h5>\n\n\n\n<p>Kurz ROPE SKIPPING I. je z\u00e1kladn\u00fd kurzom \u0161portu rope skipping. Kurz je vhodn\u00fd pre u\u010dite\u013eov, vychov\u00e1vate\u013eov, u\u010dite\u013eov TV, tr\u00e9nerov in\u00fdch  \u0161portov. Basic&nbsp;Kurz sa sklad\u00e1 z teoretickej a praktickej \u010dasti. Je ur\u010den\u00fd pre v\u0161etk\u00fdch, ktor\u00fdch bav\u00ed&nbsp;sk\u00e1ka\u0165 cez \u0161vihadlo a nau\u010di\u0165 sa o \u0161porte rope skipping viac. Zvl\u00e1dnete z\u00e1kladn\u00e9 prvky rope skippingu aj v\u0161etky \u0161t\u00fdly sk\u00e1kania cez \u0161vihadlo. Nau\u010d\u00edte sa aj z\u00e1kladn\u00e9 triky, ako u\u010di\u0165 rope skipping a vies\u0165 svoj team. <\/p>\n\n\n\n<h5 class=\"wp-block-heading\"> <strong>ROPE SKIPPING II. &#8211; <\/strong> INTERMEDIATE  <\/h5>\n\n\n\n<p>Kurz ROPE SKIPPING II.  sa sklad\u00e1 z teoretickej a praktickej \u010dasti. Podmienkou \u00fa\u010dasti na kurze  je absolvovanie kurzu ROPE SKIPPING I: &#8211; BASIC. Je ur\u010den\u00fd najm\u00e4 lektorom, ktor\u00ed sa chc\u00fa venova\u0165  rope skippingu s\u00fa\u0165a\u017ene a chc\u00fa si zalo\u017ei\u0165 svoj vlastn\u00fd team.<\/p>\n\n\n\n<h5 class=\"wp-block-heading\"><strong> JUMPPLUS WORLD INSTRUCTOR COURSE &#8211; vhodn\u00fd pre fitness<\/strong> <strong>in\u0161truktorov<\/strong><\/h5>\n\n\n\n<p>Kurz je vhodn\u00fd pre milovn\u00edkov fitness, fitness in\u0161truktorov, osobn\u00fdch tr\u00e9nerov, tr\u00e9nerov in\u00fdch \u0161portov a \u0161portovcov. Cie\u013eom kurzu je poskytn\u00fa\u0165 praktick\u00e9 a v\u00fdu\u010dbov\u00e9 met\u00f3dy pre  individu\u00e1lne a skupinov\u00e9 tr\u00e9ningov\u00e9 programy, ktor\u00e9 mo\u017eno zahrn\u00fa\u0165 do  V\u00e1\u0161ho portf\u00f3lia. Ak chcete svoje tr\u00e9ningov\u00e9 fitness programy vyzdvihn\u00fa\u0165  na TOP LEVEL?&nbsp; By\u0165 kreat\u00edvny a prinies\u0165 nie\u010do nov\u00e9 a zauj\u00edmav\u00e9 pre  svojich klientov, tento kurz je pr\u00e1ve pre V\u00e1s. <\/p>\n\n\n\n<p>Registr\u00e1cia a viac info o kurzoch: +421905790607 <\/p>\n\n\n\n<blockquote class=\"wp-block-quote is-layout-flow wp-block-quote-is-layout-flow\">\n<p><strong><em>Najbli\u017e\u0161\u00ed kurz: <\/em><\/strong><\/p>\n\n\n\n<p><strong>JAR 2026 <\/strong>\/Bratislava<br>Je potrebn\u00e1 registr\u00e1cia emailom na ropeskipping.academy@gmail.com alebo telefonicky na 0905790607.<\/p>\n<\/blockquote>\n\n\n\n<p>Ak sa radi vzdel\u00e1vate, zdokona\u013eujete sa v rope skippingu a radi sa u\u010d\u00edte nov\u00e9 veci, nezabudnite sledova\u0165 n\u00e1\u0161 web v sekcii vzdel\u00e1vanie a nenechajte si ujs\u0165 na\u0161e workshopy, pr\u00edp. \u0161vihadlov\u00fd camp <a href=\"http:\/\/skakaniecezsvihadlo.sk\/\" target=\"_blank\" rel=\"noreferrer noopener\">\u0160VIHADLOVO <\/a>.<\/p>\n\n\n\n<p><\/p>\n\n\n\n\n\n<p><\/p>\n","protected":false},"excerpt":{"rendered":"<p>Kurz rope skipping &#8211; \u010di\u017ee kurz pre lektorov, ktor\u00fd chc\u00fa vedie\u0165 u\u010di\u0165 sk\u00e1kanie cez \u0161vihadlo. Kurzy s\u00fa jednod\u0148ov\u00e9 a prebiehaj\u00fa spravidla v soboty. V\u00fdnimkou s\u00fa \u0161koly, ktor\u00e9 maj\u00fa vy\u010dlenen\u00e9 deti na rope skipping, chc\u00fa za\u010da\u0165 s rope skippingom no nevedia ako na to a ako za\u010da\u0165. Pr\u00eddeme, deti nau\u010d\u00edme, pedag\u00f3gov za\u0161kol\u00edme. Sta\u010d\u00ed si dohodn\u00fa\u0165 term\u00edn [&hellip;]<\/p>\n","protected":false},"author":1,"featured_media":0,"parent":0,"menu_order":0,"comment_status":"closed","ping_status":"closed","template":"","meta":{"footnotes":""},"class_list":["post-1763","page","type-page","status-publish","hentry"],"yoast_head":"<!-- This site is optimized with the Yoast SEO plugin v26.8 - https:\/\/yoast.com\/product\/yoast-seo-wordpress\/ -->\n<title>Kurz rope skipping pre lektorov - sk\u00e1kanie cez \u0161vihadlo<\/title>\n<meta name=\"description\" content=\"Kurz rope skipping pre lektorov je vhodn\u00fd pre \u0161portovcov, u\u010dite\u013eov, vychov\u00e1vate\u013eov a tr\u00e9nerov. Cie\u013eom kurzu je poskytn\u00fa\u0165 teoretick\u00fa a praktick\u00fa v\u00fdu\u010dbu.\" \/>\n<meta name=\"robots\" content=\"index, follow, max-snippet:-1, max-image-preview:large, max-video-preview:-1\" \/>\n<link rel=\"canonical\" href=\"https:\/\/www.srsa.sk\/?page_id=1763\" \/>\n<meta property=\"og:locale\" content=\"sk_SK\" \/>\n<meta property=\"og:type\" content=\"article\" \/>\n<meta property=\"og:title\" content=\"Kurz rope skipping pre lektorov - sk\u00e1kanie cez \u0161vihadlo\" \/>\n<meta property=\"og:description\" content=\"Kurz rope skipping pre lektorov je vhodn\u00fd pre \u0161portovcov, u\u010dite\u013eov, vychov\u00e1vate\u013eov a tr\u00e9nerov. Cie\u013eom kurzu je poskytn\u00fa\u0165 teoretick\u00fa a praktick\u00fa v\u00fdu\u010dbu.\" \/>\n<meta property=\"og:url\" content=\"https:\/\/www.srsa.sk\/?page_id=1763\" \/>\n<meta property=\"og:site_name\" content=\"Slovensk\u00e1 rope skippingov\u00e1 asoci\u00e1cia\" \/>\n<meta property=\"article:modified_time\" content=\"2026-01-20T00:49:41+00:00\" \/>\n<meta property=\"og:image\" content=\"http:\/\/www.srsa.sk\/wp-content\/uploads\/2019\/09\/kurz-rope-skipping-1024x683.jpg\" \/>\n<meta name=\"twitter:card\" content=\"summary_large_image\" \/>\n<meta name=\"twitter:label1\" content=\"Predpokladan\u00fd \u010das \u010d\u00edtania\" \/>\n\t<meta name=\"twitter:data1\" content=\"3 min\u00faty\" \/>\n<script type=\"application\/ld+json\" class=\"yoast-schema-graph\">{\"@context\":\"https:\/\/schema.org\",\"@graph\":[{\"@type\":\"WebPage\",\"@id\":\"https:\/\/www.srsa.sk\/?page_id=1763\",\"url\":\"https:\/\/www.srsa.sk\/?page_id=1763\",\"name\":\"Kurz rope skipping pre lektorov - sk\u00e1kanie cez \u0161vihadlo\",\"isPartOf\":{\"@id\":\"https:\/\/www.srsa.sk\/#website\"},\"primaryImageOfPage\":{\"@id\":\"https:\/\/www.srsa.sk\/?page_id=1763#primaryimage\"},\"image\":{\"@id\":\"https:\/\/www.srsa.sk\/?page_id=1763#primaryimage\"},\"thumbnailUrl\":\"http:\/\/www.srsa.sk\/wp-content\/uploads\/2019\/09\/kurz-rope-skipping-1024x683.jpg\",\"datePublished\":\"2019-09-10T13:24:32+00:00\",\"dateModified\":\"2026-01-20T00:49:41+00:00\",\"description\":\"Kurz rope skipping pre lektorov je vhodn\u00fd pre \u0161portovcov, u\u010dite\u013eov, vychov\u00e1vate\u013eov a tr\u00e9nerov. Cie\u013eom kurzu je poskytn\u00fa\u0165 teoretick\u00fa a praktick\u00fa v\u00fdu\u010dbu.\",\"breadcrumb\":{\"@id\":\"https:\/\/www.srsa.sk\/?page_id=1763#breadcrumb\"},\"inLanguage\":\"sk-SK\",\"potentialAction\":[{\"@type\":\"ReadAction\",\"target\":[\"https:\/\/www.srsa.sk\/?page_id=1763\"]}]},{\"@type\":\"ImageObject\",\"inLanguage\":\"sk-SK\",\"@id\":\"https:\/\/www.srsa.sk\/?page_id=1763#primaryimage\",\"url\":\"http:\/\/www.srsa.sk\/wp-content\/uploads\/2019\/09\/kurz-rope-skipping-1024x683.jpg\",\"contentUrl\":\"http:\/\/www.srsa.sk\/wp-content\/uploads\/2019\/09\/kurz-rope-skipping-1024x683.jpg\"},{\"@type\":\"BreadcrumbList\",\"@id\":\"https:\/\/www.srsa.sk\/?page_id=1763#breadcrumb\",\"itemListElement\":[{\"@type\":\"ListItem\",\"position\":1,\"name\":\"Home\",\"item\":\"https:\/\/www.srsa.sk\/\"},{\"@type\":\"ListItem\",\"position\":2,\"name\":\"Kurz rope skipping pre lektorov &#8211; sk\u00e1kanie cez \u0161vihadlo\"}]},{\"@type\":\"WebSite\",\"@id\":\"https:\/\/www.srsa.sk\/#website\",\"url\":\"https:\/\/www.srsa.sk\/\",\"name\":\"Slovensk\u00e1 rope skippingov\u00e1 asoci\u00e1cia\",\"description\":\"...tam, kde kon\u010d\u00ed sk\u00e1kanie cez \u0161vihadlo, za\u010d\u00edna rope skipping\",\"potentialAction\":[{\"@type\":\"SearchAction\",\"target\":{\"@type\":\"EntryPoint\",\"urlTemplate\":\"https:\/\/www.srsa.sk\/?s={search_term_string}\"},\"query-input\":{\"@type\":\"PropertyValueSpecification\",\"valueRequired\":true,\"valueName\":\"search_term_string\"}}],\"inLanguage\":\"sk-SK\"}]}<\/script>\n<!-- \/ Yoast SEO plugin. -->","yoast_head_json":{"title":"Kurz rope skipping pre lektorov - sk\u00e1kanie cez \u0161vihadlo","description":"Kurz rope skipping pre lektorov je vhodn\u00fd pre \u0161portovcov, u\u010dite\u013eov, vychov\u00e1vate\u013eov a tr\u00e9nerov. Cie\u013eom kurzu je poskytn\u00fa\u0165 teoretick\u00fa a praktick\u00fa v\u00fdu\u010dbu.","robots":{"index":"index","follow":"follow","max-snippet":"max-snippet:-1","max-image-preview":"max-image-preview:large","max-video-preview":"max-video-preview:-1"},"canonical":"https:\/\/www.srsa.sk\/?page_id=1763","og_locale":"sk_SK","og_type":"article","og_title":"Kurz rope skipping pre lektorov - sk\u00e1kanie cez \u0161vihadlo","og_description":"Kurz rope skipping pre lektorov je vhodn\u00fd pre \u0161portovcov, u\u010dite\u013eov, vychov\u00e1vate\u013eov a tr\u00e9nerov. Cie\u013eom kurzu je poskytn\u00fa\u0165 teoretick\u00fa a praktick\u00fa v\u00fdu\u010dbu.","og_url":"https:\/\/www.srsa.sk\/?page_id=1763","og_site_name":"Slovensk\u00e1 rope skippingov\u00e1 asoci\u00e1cia","article_modified_time":"2026-01-20T00:49:41+00:00","og_image":[{"url":"http:\/\/www.srsa.sk\/wp-content\/uploads\/2019\/09\/kurz-rope-skipping-1024x683.jpg","type":"","width":"","height":""}],"twitter_card":"summary_large_image","twitter_misc":{"Predpokladan\u00fd \u010das \u010d\u00edtania":"3 min\u00faty"},"schema":{"@context":"https:\/\/schema.org","@graph":[{"@type":"WebPage","@id":"https:\/\/www.srsa.sk\/?page_id=1763","url":"https:\/\/www.srsa.sk\/?page_id=1763","name":"Kurz rope skipping pre lektorov - sk\u00e1kanie cez \u0161vihadlo","isPartOf":{"@id":"https:\/\/www.srsa.sk\/#website"},"primaryImageOfPage":{"@id":"https:\/\/www.srsa.sk\/?page_id=1763#primaryimage"},"image":{"@id":"https:\/\/www.srsa.sk\/?page_id=1763#primaryimage"},"thumbnailUrl":"http:\/\/www.srsa.sk\/wp-content\/uploads\/2019\/09\/kurz-rope-skipping-1024x683.jpg","datePublished":"2019-09-10T13:24:32+00:00","dateModified":"2026-01-20T00:49:41+00:00","description":"Kurz rope skipping pre lektorov je vhodn\u00fd pre \u0161portovcov, u\u010dite\u013eov, vychov\u00e1vate\u013eov a tr\u00e9nerov. Cie\u013eom kurzu je poskytn\u00fa\u0165 teoretick\u00fa a praktick\u00fa v\u00fdu\u010dbu.","breadcrumb":{"@id":"https:\/\/www.srsa.sk\/?page_id=1763#breadcrumb"},"inLanguage":"sk-SK","potentialAction":[{"@type":"ReadAction","target":["https:\/\/www.srsa.sk\/?page_id=1763"]}]},{"@type":"ImageObject","inLanguage":"sk-SK","@id":"https:\/\/www.srsa.sk\/?page_id=1763#primaryimage","url":"http:\/\/www.srsa.sk\/wp-content\/uploads\/2019\/09\/kurz-rope-skipping-1024x683.jpg","contentUrl":"http:\/\/www.srsa.sk\/wp-content\/uploads\/2019\/09\/kurz-rope-skipping-1024x683.jpg"},{"@type":"BreadcrumbList","@id":"https:\/\/www.srsa.sk\/?page_id=1763#breadcrumb","itemListElement":[{"@type":"ListItem","position":1,"name":"Home","item":"https:\/\/www.srsa.sk\/"},{"@type":"ListItem","position":2,"name":"Kurz rope skipping pre lektorov &#8211; sk\u00e1kanie cez \u0161vihadlo"}]},{"@type":"WebSite","@id":"https:\/\/www.srsa.sk\/#website","url":"https:\/\/www.srsa.sk\/","name":"Slovensk\u00e1 rope skippingov\u00e1 asoci\u00e1cia","description":"...tam, kde kon\u010d\u00ed sk\u00e1kanie cez \u0161vihadlo, za\u010d\u00edna rope skipping","potentialAction":[{"@type":"SearchAction","target":{"@type":"EntryPoint","urlTemplate":"https:\/\/www.srsa.sk\/?s={search_term_string}"},"query-input":{"@type":"PropertyValueSpecification","valueRequired":true,"valueName":"search_term_string"}}],"inLanguage":"sk-SK"}]}},"_links":{"self":[{"href":"https:\/\/www.srsa.sk\/index.php?rest_route=\/wp\/v2\/pages\/1763","targetHints":{"allow":["GET"]}}],"collection":[{"href":"https:\/\/www.srsa.sk\/index.php?rest_route=\/wp\/v2\/pages"}],"about":[{"href":"https:\/\/www.srsa.sk\/index.php?rest_route=\/wp\/v2\/types\/page"}],"author":[{"embeddable":true,"href":"https:\/\/www.srsa.sk\/index.php?rest_route=\/wp\/v2\/users\/1"}],"replies":[{"embeddable":true,"href":"https:\/\/www.srsa.sk\/index.php?rest_route=%2Fwp%2Fv2%2Fcomments&post=1763"}],"version-history":[{"count":46,"href":"https:\/\/www.srsa.sk\/index.php?rest_route=\/wp\/v2\/pages\/1763\/revisions"}],"predecessor-version":[{"id":5004,"href":"https:\/\/www.srsa.sk\/index.php?rest_route=\/wp\/v2\/pages\/1763\/revisions\/5004"}],"wp:attachment":[{"href":"https:\/\/www.srsa.sk\/index.php?rest_route=%2Fwp%2Fv2%2Fmedia&parent=1763"}],"curies":[{"name":"wp","href":"https:\/\/api.w.org\/{rel}","templated":true}]}}