{"id":1450,"date":"2019-03-15T14:37:53","date_gmt":"2019-03-15T13:37:53","guid":{"rendered":"http:\/\/www.srsa.sk\/?page_id=1450"},"modified":"2022-05-03T18:15:17","modified_gmt":"2022-05-03T17:15:17","slug":"sutaz-bratislava-rope-skipping-cup","status":"publish","type":"page","link":"https:\/\/www.srsa.sk\/?page_id=1450","title":{"rendered":"BRATISLAVA ROPE SKIPPING CUP"},"content":{"rendered":"\n<p><strong>BRATISLAVA ROPE SKIPPING CUP <\/strong>je medzin\u00e1rodn\u00e1 s\u00fa\u0165a\u017e v sk\u00e1kan\u00ed cez \u0161vihadlo, ktor\u00e1 je otvoren\u00e1 pre deti, ml\u00e1de\u017e aj dospel\u00fdch. <\/p>\n\n\n\n<p>S\u00fa\u0165a\u017e je otvoren\u00e1 pre v\u0161etk\u00fdch, ktor\u00ed radi sk\u00e1\u010du cez \u0161vihadlo, venuj\u00fa sa \u0161portu rope skipping \/ jump rope alebo si chc\u00fa zmera\u0165 svoje sily s ostatn\u00fdmi  skippermi!<\/p>\n\n\n\n<p>Kto bude najlep\u0161\u00ed v zno\u017emo skokoch cez \u0161vihadlo? Kto d\u00e1 lep\u0161\u00ed speed \u010di freestyle? <\/p>\n\n\n\n<p>Propoz\u00edcie a prihl\u00e1\u0161ky si m\u00f4\u017eete stiahnu\u0165 tu:<\/p>\n\n\n\n<p><a href=\"https:\/\/www.srsa.sk\/wp-content\/uploads\/2022\/05\/BA-CUP-2022-propozicie.pdf\">BA CUP 2022- propoz\u00edcie<\/a><\/p>\n<p><a href=\"https:\/\/www.srsa.sk\/wp-content\/uploads\/2022\/05\/BA-CUP-2022-jednotlivci.xlsx\">BA CUP 2022 jednotlivci<\/a><\/p>\n<p><a href=\"https:\/\/www.srsa.sk\/wp-content\/uploads\/2022\/05\/BA-CUP-2022-teamy.xlsx\">BA CUP 2022 teamy<\/a><\/p>\n\n\n\n<blockquote class=\"wp-block-quote is-layout-flow wp-block-quote-is-layout-flow\"><p>Vyplnen\u00e9 prihl\u00e1\u0161ky na s\u00fa\u0165a\u017e BRATISLAVA ROPE SKIPPING CUP 2022 je potrebn\u00e9 zasla\u0165 mailom na adresu&nbsp;ropeskipping.academy@gmail.com<strong> najnesk\u00f4r do 11. m\u00e1ja 2022!<\/strong><\/p><\/blockquote>\n\n\n\n<p><\/p>\n\n\n\n<p><\/p>\n\n\n\n<p>Ako s\u00fa\u0165a\u017e prebiehala v roku 2019 si m\u00f4\u017eete pre\u010d\u00edta\u0165 v \u010dl\u00e1nku <a href=\"https:\/\/www.srsa.sk\/?p=1684\" target=\"_blank\" rel=\"noreferrer noopener\">Bratislava rope skipping cup 2019<\/a> .<\/p>\n\n\n\n<p><\/p>\n\n\n\n<p><\/p>\n\n\n\n<p><\/p>\n\n\n\n<p><\/p>\n\n\n\n<blockquote class=\"wp-block-quote is-style-default is-layout-flow wp-block-quote-is-layout-flow\"><p><strong>ROK 2019<\/strong><br><\/p><\/blockquote>\n\n\n\n<div class=\"wp-block-file\"><a id=\"wp-block-file--media-56b78a13-8110-40ec-a8b1-48ce88c6fe09\" href=\"https:\/\/www.srsa.sk\/wp-content\/uploads\/2019\/03\/BRATISLAVA-ROPE-SKIPPING-CUP-2019-propozicie.pdf\">BA ROPE SKIPPING CUP 2019 propozicie<\/a><a href=\"https:\/\/www.srsa.sk\/wp-content\/uploads\/2019\/03\/BRATISLAVA-ROPE-SKIPPING-CUP-2019-propozicie.pdf\" class=\"wp-block-file__button\" download aria-describedby=\"wp-block-file--media-56b78a13-8110-40ec-a8b1-48ce88c6fe09\">Stiahnu\u0165<\/a><\/div>\n\n\n\n<div class=\"wp-block-file\"><a id=\"wp-block-file--media-be5f3530-c274-4fd6-92b0-6bb6d026f1b8\" href=\"https:\/\/www.srsa.sk\/wp-content\/uploads\/2019\/03\/BRATISLAVA-CUP-2019-jednotlivci-3.xlsx\">BRATISLAVA CUP 2019 jednotlivci<\/a><a href=\"https:\/\/www.srsa.sk\/wp-content\/uploads\/2019\/03\/BRATISLAVA-CUP-2019-jednotlivci-3.xlsx\" class=\"wp-block-file__button\" download aria-describedby=\"wp-block-file--media-be5f3530-c274-4fd6-92b0-6bb6d026f1b8\">Stiahnu\u0165<\/a><\/div>\n\n\n\n<div class=\"wp-block-file\"><a id=\"wp-block-file--media-e32ea56f-b568-4852-b78d-b07b6d35a3c9\" href=\"https:\/\/www.srsa.sk\/wp-content\/uploads\/2019\/03\/BRATISLAVA-CUP-2019-team-1.xlsx\">BA CUP 2019 team<\/a><a href=\"https:\/\/www.srsa.sk\/wp-content\/uploads\/2019\/03\/BRATISLAVA-CUP-2019-team-1.xlsx\" class=\"wp-block-file__button\" download aria-describedby=\"wp-block-file--media-e32ea56f-b568-4852-b78d-b07b6d35a3c9\">Stiahnu\u0165<\/a><\/div>\n\n\n\n<p>Pre za\u010diato\u010dn\u00edcke kateg\u00f3rie si m\u00f4\u017eete prihl\u00e1\u0161ky stiahnu\u0165 tu:<\/p>\n\n\n\n<div class=\"wp-block-file\"><a id=\"wp-block-file--media-d577a1fc-d586-45c4-9913-9b41a7e8023f\" href=\"https:\/\/www.srsa.sk\/wp-content\/uploads\/2019\/03\/BRATISLAVA-CUP-2019-za\u010diato\u010dn\u00edci-2.xlsx\">BA CUP 2019 za\u010diato\u010dn\u00edci<\/a><a href=\"https:\/\/www.srsa.sk\/wp-content\/uploads\/2019\/03\/BRATISLAVA-CUP-2019-za\u010diato\u010dn\u00edci-2.xlsx\" class=\"wp-block-file__button\" download aria-describedby=\"wp-block-file--media-d577a1fc-d586-45c4-9913-9b41a7e8023f\">Stiahnu\u0165<\/a><\/div>\n\n\n\n<div class=\"wp-block-file\"><a id=\"wp-block-file--media-557a4ba4-9c1e-41a5-b8ce-e505afb314c1\" href=\"https:\/\/www.srsa.sk\/wp-content\/uploads\/2019\/03\/BRATISLAVA-CUP-2019-team-zaciatocnici-1.xlsx\">BA CUP 2019 team zaciatocnici<\/a><a href=\"https:\/\/www.srsa.sk\/wp-content\/uploads\/2019\/03\/BRATISLAVA-CUP-2019-team-zaciatocnici-1.xlsx\" class=\"wp-block-file__button\" download aria-describedby=\"wp-block-file--media-557a4ba4-9c1e-41a5-b8ce-e505afb314c1\">Stiahnu\u0165<\/a><\/div>\n\n\n\n<p>Vyplnen\u00e9 prihl\u00e1\u0161ky spolu s nahr\u00e1vkami na freestyle discipl\u00edny vo form\u00e1te mp3 je potrebn\u00e9 zasla\u0165 <strong>najnesk\u00f4r do 2.4.2019 <\/strong>na mail srsa.slovakia@gmail.com .<\/p>\n\n\n\n<p><strong>Osl\u00e1vte s nami piate v\u00fdro\u010die tejto \u00fa\u017easnej rope skipping s\u00fa\u0165a\u017ee BRATISLAVA ROPE SKIPPING CUP 2019! <\/strong><\/p>\n\n\n\n<p>Te\u0161\u00edme sa na V\u00e1s!<\/p>\n\n\n\n<div class=\"wp-block-file\"><a id=\"wp-block-file--media-7307abeb-828a-49c6-a60f-165f3a0458ce\" href=\"https:\/\/www.srsa.sk\/wp-content\/uploads\/2019\/06\/V\u00fdsledky-teamy.pdf\">V\u00fdsledky teamy<\/a><a href=\"https:\/\/www.srsa.sk\/wp-content\/uploads\/2019\/06\/V\u00fdsledky-teamy.pdf\" class=\"wp-block-file__button\" download aria-describedby=\"wp-block-file--media-7307abeb-828a-49c6-a60f-165f3a0458ce\">Stiahnu\u0165<\/a><\/div>\n\n\n\n<div class=\"wp-block-file\"><a id=\"wp-block-file--media-805bd6e6-6b9e-4e06-b106-ed6a311a9d3b\" href=\"https:\/\/www.srsa.sk\/wp-content\/uploads\/2019\/06\/V\u00fdsledky-jednotlivci.pdf\">V\u00fdsledky jednotlivci<\/a><a href=\"https:\/\/www.srsa.sk\/wp-content\/uploads\/2019\/06\/V\u00fdsledky-jednotlivci.pdf\" class=\"wp-block-file__button\" download aria-describedby=\"wp-block-file--media-805bd6e6-6b9e-4e06-b106-ed6a311a9d3b\">Stiahnu\u0165<\/a><\/div>\n\n\n\n<div class=\"wp-block-file\"><a id=\"wp-block-file--media-862adf88-2747-443a-a07e-1ce243cf69df\" href=\"https:\/\/www.srsa.sk\/wp-content\/uploads\/2019\/06\/V\u00fdsledky-za\u010diato\u010dn\u00edci.pdf\">V\u00fdsledky za\u010diato\u010dn\u00edci<\/a><a href=\"https:\/\/www.srsa.sk\/wp-content\/uploads\/2019\/06\/V\u00fdsledky-za\u010diato\u010dn\u00edci.pdf\" class=\"wp-block-file__button\" download aria-describedby=\"wp-block-file--media-862adf88-2747-443a-a07e-1ce243cf69df\">Stiahnu\u0165<\/a><\/div>\n","protected":false},"excerpt":{"rendered":"<p>BRATISLAVA ROPE SKIPPING CUP je medzin\u00e1rodn\u00e1 s\u00fa\u0165a\u017e v sk\u00e1kan\u00ed cez \u0161vihadlo, ktor\u00e1 je otvoren\u00e1 pre deti, ml\u00e1de\u017e aj dospel\u00fdch. S\u00fa\u0165a\u017e je otvoren\u00e1 pre v\u0161etk\u00fdch, ktor\u00ed radi sk\u00e1\u010du cez \u0161vihadlo, venuj\u00fa sa \u0161portu rope skipping \/ jump rope alebo si chc\u00fa zmera\u0165 svoje sily s ostatn\u00fdmi skippermi! Kto bude najlep\u0161\u00ed v zno\u017emo skokoch cez \u0161vihadlo? Kto [&hellip;]<\/p>\n","protected":false},"author":1,"featured_media":1257,"parent":0,"menu_order":0,"comment_status":"closed","ping_status":"closed","template":"","meta":{"footnotes":""},"class_list":["post-1450","page","type-page","status-publish","has-post-thumbnail","hentry"],"yoast_head":"<!-- This site is optimized with the Yoast SEO plugin v26.8 - https:\/\/yoast.com\/product\/yoast-seo-wordpress\/ -->\n<title>BRATISLAVA ROPE SKIPPING CUP &#187; medzin\u00e1rodn\u00e1 s\u00fa\u0165a\u017e<\/title>\n<meta name=\"description\" content=\"BRATISLAVA ROPE SKIPPING CUP je \u00faspe\u0161n\u00e1 medzin\u00e1rodn\u00e1 s\u00fa\u0165a\u017e pre za\u010diato\u010dn\u00edkov aj pokro\u010dil\u00fdch, deti aj dospel\u00fdch v sk\u00e1kan\u00ed cez \u0161vihadlo a kon\u00e1 v\u017edy v apr\u00edli.\" \/>\n<meta name=\"robots\" content=\"index, follow, max-snippet:-1, max-image-preview:large, max-video-preview:-1\" \/>\n<link rel=\"canonical\" href=\"https:\/\/www.srsa.sk\/?page_id=1450\" \/>\n<meta property=\"og:locale\" content=\"sk_SK\" \/>\n<meta property=\"og:type\" content=\"article\" \/>\n<meta property=\"og:title\" content=\"BRATISLAVA ROPE SKIPPING CUP &#187; medzin\u00e1rodn\u00e1 s\u00fa\u0165a\u017e\" \/>\n<meta property=\"og:description\" content=\"BRATISLAVA ROPE SKIPPING CUP je \u00faspe\u0161n\u00e1 medzin\u00e1rodn\u00e1 s\u00fa\u0165a\u017e pre za\u010diato\u010dn\u00edkov aj pokro\u010dil\u00fdch, deti aj dospel\u00fdch v sk\u00e1kan\u00ed cez \u0161vihadlo a kon\u00e1 v\u017edy v apr\u00edli.\" \/>\n<meta property=\"og:url\" content=\"https:\/\/www.srsa.sk\/?page_id=1450\" \/>\n<meta property=\"og:site_name\" content=\"Slovensk\u00e1 rope skippingov\u00e1 asoci\u00e1cia\" \/>\n<meta property=\"article:modified_time\" content=\"2022-05-03T17:15:17+00:00\" \/>\n<meta property=\"og:image\" content=\"http:\/\/www.srsa.sk\/wp-content\/uploads\/2019\/02\/Bratislava-rope-skipping-cup-2019.png\" \/>\n\t<meta property=\"og:image:width\" content=\"405\" \/>\n\t<meta property=\"og:image:height\" content=\"572\" \/>\n\t<meta property=\"og:image:type\" content=\"image\/png\" \/>\n<meta name=\"twitter:card\" content=\"summary_large_image\" \/>\n<meta name=\"twitter:label1\" content=\"Predpokladan\u00fd \u010das \u010d\u00edtania\" \/>\n\t<meta name=\"twitter:data1\" content=\"2 min\u00faty\" \/>\n<script type=\"application\/ld+json\" class=\"yoast-schema-graph\">{\"@context\":\"https:\/\/schema.org\",\"@graph\":[{\"@type\":\"WebPage\",\"@id\":\"https:\/\/www.srsa.sk\/?page_id=1450\",\"url\":\"https:\/\/www.srsa.sk\/?page_id=1450\",\"name\":\"BRATISLAVA ROPE SKIPPING CUP &#187; medzin\u00e1rodn\u00e1 s\u00fa\u0165a\u017e\",\"isPartOf\":{\"@id\":\"https:\/\/www.srsa.sk\/#website\"},\"primaryImageOfPage\":{\"@id\":\"https:\/\/www.srsa.sk\/?page_id=1450#primaryimage\"},\"image\":{\"@id\":\"https:\/\/www.srsa.sk\/?page_id=1450#primaryimage\"},\"thumbnailUrl\":\"https:\/\/www.srsa.sk\/wp-content\/uploads\/2019\/02\/Bratislava-rope-skipping-cup-2019.png\",\"datePublished\":\"2019-03-15T13:37:53+00:00\",\"dateModified\":\"2022-05-03T17:15:17+00:00\",\"description\":\"BRATISLAVA ROPE SKIPPING CUP je \u00faspe\u0161n\u00e1 medzin\u00e1rodn\u00e1 s\u00fa\u0165a\u017e pre za\u010diato\u010dn\u00edkov aj pokro\u010dil\u00fdch, deti aj dospel\u00fdch v sk\u00e1kan\u00ed cez \u0161vihadlo a kon\u00e1 v\u017edy v apr\u00edli.\",\"breadcrumb\":{\"@id\":\"https:\/\/www.srsa.sk\/?page_id=1450#breadcrumb\"},\"inLanguage\":\"sk-SK\",\"potentialAction\":[{\"@type\":\"ReadAction\",\"target\":[\"https:\/\/www.srsa.sk\/?page_id=1450\"]}]},{\"@type\":\"ImageObject\",\"inLanguage\":\"sk-SK\",\"@id\":\"https:\/\/www.srsa.sk\/?page_id=1450#primaryimage\",\"url\":\"https:\/\/www.srsa.sk\/wp-content\/uploads\/2019\/02\/Bratislava-rope-skipping-cup-2019.png\",\"contentUrl\":\"https:\/\/www.srsa.sk\/wp-content\/uploads\/2019\/02\/Bratislava-rope-skipping-cup-2019.png\",\"width\":405,\"height\":572,\"caption\":\"BRATISLAVA-ROPE-SKIPPING-CUP\"},{\"@type\":\"BreadcrumbList\",\"@id\":\"https:\/\/www.srsa.sk\/?page_id=1450#breadcrumb\",\"itemListElement\":[{\"@type\":\"ListItem\",\"position\":1,\"name\":\"Home\",\"item\":\"https:\/\/www.srsa.sk\/\"},{\"@type\":\"ListItem\",\"position\":2,\"name\":\"BRATISLAVA ROPE SKIPPING CUP\"}]},{\"@type\":\"WebSite\",\"@id\":\"https:\/\/www.srsa.sk\/#website\",\"url\":\"https:\/\/www.srsa.sk\/\",\"name\":\"Slovensk\u00e1 rope skippingov\u00e1 asoci\u00e1cia\",\"description\":\"...tam, kde kon\u010d\u00ed sk\u00e1kanie cez \u0161vihadlo, za\u010d\u00edna rope skipping\",\"potentialAction\":[{\"@type\":\"SearchAction\",\"target\":{\"@type\":\"EntryPoint\",\"urlTemplate\":\"https:\/\/www.srsa.sk\/?s={search_term_string}\"},\"query-input\":{\"@type\":\"PropertyValueSpecification\",\"valueRequired\":true,\"valueName\":\"search_term_string\"}}],\"inLanguage\":\"sk-SK\"}]}<\/script>\n<!-- \/ Yoast SEO plugin. -->","yoast_head_json":{"title":"BRATISLAVA ROPE SKIPPING CUP &#187; medzin\u00e1rodn\u00e1 s\u00fa\u0165a\u017e","description":"BRATISLAVA ROPE SKIPPING CUP je \u00faspe\u0161n\u00e1 medzin\u00e1rodn\u00e1 s\u00fa\u0165a\u017e pre za\u010diato\u010dn\u00edkov aj pokro\u010dil\u00fdch, deti aj dospel\u00fdch v sk\u00e1kan\u00ed cez \u0161vihadlo a kon\u00e1 v\u017edy v apr\u00edli.","robots":{"index":"index","follow":"follow","max-snippet":"max-snippet:-1","max-image-preview":"max-image-preview:large","max-video-preview":"max-video-preview:-1"},"canonical":"https:\/\/www.srsa.sk\/?page_id=1450","og_locale":"sk_SK","og_type":"article","og_title":"BRATISLAVA ROPE SKIPPING CUP &#187; medzin\u00e1rodn\u00e1 s\u00fa\u0165a\u017e","og_description":"BRATISLAVA ROPE SKIPPING CUP je \u00faspe\u0161n\u00e1 medzin\u00e1rodn\u00e1 s\u00fa\u0165a\u017e pre za\u010diato\u010dn\u00edkov aj pokro\u010dil\u00fdch, deti aj dospel\u00fdch v sk\u00e1kan\u00ed cez \u0161vihadlo a kon\u00e1 v\u017edy v apr\u00edli.","og_url":"https:\/\/www.srsa.sk\/?page_id=1450","og_site_name":"Slovensk\u00e1 rope skippingov\u00e1 asoci\u00e1cia","article_modified_time":"2022-05-03T17:15:17+00:00","og_image":[{"width":405,"height":572,"url":"http:\/\/www.srsa.sk\/wp-content\/uploads\/2019\/02\/Bratislava-rope-skipping-cup-2019.png","type":"image\/png"}],"twitter_card":"summary_large_image","twitter_misc":{"Predpokladan\u00fd \u010das \u010d\u00edtania":"2 min\u00faty"},"schema":{"@context":"https:\/\/schema.org","@graph":[{"@type":"WebPage","@id":"https:\/\/www.srsa.sk\/?page_id=1450","url":"https:\/\/www.srsa.sk\/?page_id=1450","name":"BRATISLAVA ROPE SKIPPING CUP &#187; medzin\u00e1rodn\u00e1 s\u00fa\u0165a\u017e","isPartOf":{"@id":"https:\/\/www.srsa.sk\/#website"},"primaryImageOfPage":{"@id":"https:\/\/www.srsa.sk\/?page_id=1450#primaryimage"},"image":{"@id":"https:\/\/www.srsa.sk\/?page_id=1450#primaryimage"},"thumbnailUrl":"https:\/\/www.srsa.sk\/wp-content\/uploads\/2019\/02\/Bratislava-rope-skipping-cup-2019.png","datePublished":"2019-03-15T13:37:53+00:00","dateModified":"2022-05-03T17:15:17+00:00","description":"BRATISLAVA ROPE SKIPPING CUP je \u00faspe\u0161n\u00e1 medzin\u00e1rodn\u00e1 s\u00fa\u0165a\u017e pre za\u010diato\u010dn\u00edkov aj pokro\u010dil\u00fdch, deti aj dospel\u00fdch v sk\u00e1kan\u00ed cez \u0161vihadlo a kon\u00e1 v\u017edy v apr\u00edli.","breadcrumb":{"@id":"https:\/\/www.srsa.sk\/?page_id=1450#breadcrumb"},"inLanguage":"sk-SK","potentialAction":[{"@type":"ReadAction","target":["https:\/\/www.srsa.sk\/?page_id=1450"]}]},{"@type":"ImageObject","inLanguage":"sk-SK","@id":"https:\/\/www.srsa.sk\/?page_id=1450#primaryimage","url":"https:\/\/www.srsa.sk\/wp-content\/uploads\/2019\/02\/Bratislava-rope-skipping-cup-2019.png","contentUrl":"https:\/\/www.srsa.sk\/wp-content\/uploads\/2019\/02\/Bratislava-rope-skipping-cup-2019.png","width":405,"height":572,"caption":"BRATISLAVA-ROPE-SKIPPING-CUP"},{"@type":"BreadcrumbList","@id":"https:\/\/www.srsa.sk\/?page_id=1450#breadcrumb","itemListElement":[{"@type":"ListItem","position":1,"name":"Home","item":"https:\/\/www.srsa.sk\/"},{"@type":"ListItem","position":2,"name":"BRATISLAVA ROPE SKIPPING CUP"}]},{"@type":"WebSite","@id":"https:\/\/www.srsa.sk\/#website","url":"https:\/\/www.srsa.sk\/","name":"Slovensk\u00e1 rope skippingov\u00e1 asoci\u00e1cia","description":"...tam, kde kon\u010d\u00ed sk\u00e1kanie cez \u0161vihadlo, za\u010d\u00edna rope skipping","potentialAction":[{"@type":"SearchAction","target":{"@type":"EntryPoint","urlTemplate":"https:\/\/www.srsa.sk\/?s={search_term_string}"},"query-input":{"@type":"PropertyValueSpecification","valueRequired":true,"valueName":"search_term_string"}}],"inLanguage":"sk-SK"}]}},"_links":{"self":[{"href":"https:\/\/www.srsa.sk\/index.php?rest_route=\/wp\/v2\/pages\/1450","targetHints":{"allow":["GET"]}}],"collection":[{"href":"https:\/\/www.srsa.sk\/index.php?rest_route=\/wp\/v2\/pages"}],"about":[{"href":"https:\/\/www.srsa.sk\/index.php?rest_route=\/wp\/v2\/types\/page"}],"author":[{"embeddable":true,"href":"https:\/\/www.srsa.sk\/index.php?rest_route=\/wp\/v2\/users\/1"}],"replies":[{"embeddable":true,"href":"https:\/\/www.srsa.sk\/index.php?rest_route=%2Fwp%2Fv2%2Fcomments&post=1450"}],"version-history":[{"count":13,"href":"https:\/\/www.srsa.sk\/index.php?rest_route=\/wp\/v2\/pages\/1450\/revisions"}],"predecessor-version":[{"id":4361,"href":"https:\/\/www.srsa.sk\/index.php?rest_route=\/wp\/v2\/pages\/1450\/revisions\/4361"}],"wp:featuredmedia":[{"embeddable":true,"href":"https:\/\/www.srsa.sk\/index.php?rest_route=\/wp\/v2\/media\/1257"}],"wp:attachment":[{"href":"https:\/\/www.srsa.sk\/index.php?rest_route=%2Fwp%2Fv2%2Fmedia&parent=1450"}],"curies":[{"name":"wp","href":"https:\/\/api.w.org\/{rel}","templated":true}]}}