{"id":1415,"date":"2019-03-18T10:40:06","date_gmt":"2019-03-18T09:40:06","guid":{"rendered":"http:\/\/www.srsa.sk\/?page_id=1415"},"modified":"2026-01-23T00:40:23","modified_gmt":"2026-01-22T23:40:23","slug":"kvalifikacia-v-sporte-rope-skipping","status":"publish","type":"page","link":"https:\/\/www.srsa.sk\/?page_id=1415","title":{"rendered":"Kvalifik\u00e1cia v \u0161porte rope skipping"},"content":{"rendered":"\n<p class=\"has-white-color has-text-color has-background has-link-color wp-elements-395434e0e3321437b7fa4f46f973ec6f\" style=\"background-color:#70b04e\">Ka\u017ed\u00fd \u0161portovec, ktor\u00fd m\u00e1 z\u00e1ujem z\u00fa\u010dastni\u0165 sa Majstrovstiev Eur\u00f3py, Majstrovstiev sveta, Majstrovstiev Eur\u00f3py juniorov, Majstrovstiev sveta juniorov, Eur\u00f3pskeho otvoren\u00e9ho turnaja, Medzin\u00e1rodn\u00e9ho otvoren\u00e9ho turnaja a in\u00fdch s\u00fa\u0165a\u017e\u00ed pod z\u00e1\u0161titou svetovej organiz\u00e1cie IJRU alebo eur\u00f3pskej organiz\u00e1cie ERSO sa mus\u00ed kvalifikova\u0165.<\/p>\n\n\n\n<p>Ka\u017ed\u00e1 n\u00e1rodn\u00e1 organiz\u00e1cia m\u00e1 na Majstrovstv\u00e1ch Eur\u00f3py\/sveta a Majstrovstv\u00e1ch Eur\u00f3py\/sveta juniorov pridelen\u00e9 3 miesta,  na Eur\u00f3pskom otvorenom turnaji a na Medzin\u00e1rodnom otvorenom turnaji pridelen\u00e9 2 miesta za s\u00fa\u0165a\u017en\u00fa discipl\u00ednu pod\u013ea veku a pohlavia. Na in\u00fdch s\u00fa\u0165a\u017eiach pod z\u00e1\u0161titou IJRU alebo ERSO sa m\u00f4\u017eu pridelen\u00e9 miesta ur\u010di\u0165 inak.<\/p>\n\n\n\n<p>Pokia\u013e bude po\u010det z\u00e1ujemcov, ktor\u00ed sp\u013a\u0148aj\u00fa v\u0161etky dan\u00e9 v\u00fdkonnostn\u00e9 krit\u00e9ri\u00e1 v konkr\u00e9tnej s\u00fa\u0165a\u017enej discipl\u00edne, nad limit po\u010dtu miest ur\u010den\u00fdch IJRU\/ERSO, o \u00fa\u010dasti na jednotliv\u00fdch s\u00fa\u0165a\u017eiach bude rozhodova\u0165 najlep\u0161\u00ed kvalifika\u010dn\u00fd v\u00fdsledok v danej s\u00fa\u0165a\u017enej discipl\u00edne.<\/p>\n\n\n\n<p>Kvalifika\u010dn\u00e9 krit\u00e9ri\u00e1 pre v\u00fdznamn\u00e9 s\u00fa\u0165a\u017ee: <\/p>\n\n\n\n<p><strong>V\u0161eobecn\u00e9 krit\u00e9ri\u00e1 pre zaradenie \u0161portovca do reprezenta\u010dn\u00e9ho teamu<\/strong><\/p>\n\n\n\n<p><strong>&nbsp;&nbsp;&nbsp;&nbsp;&nbsp;&nbsp; v&nbsp;\u0161porte rope skipping\/jump rope<\/strong><\/p>\n\n\n\n<p>&nbsp;&nbsp;&nbsp;&nbsp; &#8211; \u0161t\u00e1tne ob\u010dianstvo Slovenskej republiky,<\/p>\n\n\n\n<p>&nbsp;&nbsp;&nbsp;&nbsp; &#8211; riadne \u010dlenstvo v Slovenskej rope skippingovej asoci\u00e1cii,<\/p>\n\n\n\n<p>&nbsp;&nbsp;&nbsp;&nbsp; &#8211; splnenie vekov\u00fdch a&nbsp;v\u00fdkonnostn\u00fdch krit\u00e9ri\u00ed pre zaradenie do reprezenta\u010dn\u00e9ho teamu<\/p>\n\n\n\n<p>&nbsp;&nbsp;&nbsp;&nbsp; &#8211; platn\u00e1 lek\u00e1rska prehliadka u&nbsp;telov\u00fdchovn\u00e9ho lek\u00e1ra<\/p>\n\n\n\n<p><strong>Vekov\u00e9 krit\u00e9ri\u00e1 pre zaradenie \u0161portovca do reprezenta\u010dn\u00e9ho teamu <\/strong><\/p>\n\n\n\n<p><strong>v&nbsp;\u0161porte rope skipping\/jump rope<\/strong><strong><\/strong><\/p>\n\n\n\n<p>&nbsp;&nbsp;&nbsp;&nbsp; &#8211; MAJSTROVSTV\u00c1 EUR\u00d3PY (ME)- v danom roku dosiahne vek 16 rokov a viac<\/p>\n\n\n\n<p>&nbsp;&nbsp;&nbsp;&nbsp; &#8211; MAJSTROVSTV\u00c1 EUR\u00d3PY JUNIOROV (MEJ) &#8211; v&nbsp;danom roku dosiahne vek 12 a\u017e 15 rokov<\/p>\n\n\n\n<p>&nbsp;&nbsp;&nbsp;&nbsp; &#8211; EUR\u00d3PSKY OTVOREN\u00dd TURNAJ (EOT) &#8211; v&nbsp;danom roku dosiahne min. 12 rokov<\/p>\n\n\n\n<p>&nbsp;&nbsp;&nbsp;&nbsp; &#8211; MAJSTROVSTV\u00c1 SVETA (MS)- v danom roku dosiahne vek 16 rokov a viac<\/p>\n\n\n\n<p>&nbsp;&nbsp;&nbsp;&nbsp; &#8211; MAJSTROVSTV\u00c1 SVETA JUNIOROV (MSJ) &#8211; v&nbsp;danom roku dosiahne vek 12 a\u017e 15 rokov<\/p>\n\n\n\n<p>&nbsp;&nbsp;&nbsp;&nbsp; &#8211; MEDZIN\u00c1RODN\u00dd OTVOREN\u00dd TURNAJ (IOT) &#8211; v&nbsp;danom roku dosiahne min. 12 rokov<\/p>\n\n\n\n<p><strong>V\u00fdkonnostn\u00e9 krit\u00e9ri\u00e1 pre zaradenie \u0161portovca do reprezenta\u010dn\u00e9ho teamu v&nbsp;\u0161porte rope skipping\/jump rope:<\/strong><\/p>\n\n\n\n<p>&#8211; \u0161portovec, ktor\u00fd sa z\u00fa\u010dastnil Majstrovstiev Slovenska, pr\u00edp. in\u00fdch ur\u010den\u00fdch s\u00fa\u0165a\u017e\u00ed (v pr\u00edpade \u00fa\u010dasti ME\/MS) <\/p>\n\n\n\n<p>&#8211; \u0161portovec, ktor\u00fd sa z\u00fa\u010dastnil ME (v pr\u00edpade \u00fa\u010dasti MS)<\/p>\n\n\n\n<p>&#8211; \u0161portovec, ktor\u00fd dosahuje minim\u00e1lne:<\/p>\n\n\n\n<p><strong>V\u00fdkonnostn\u00e9 krit\u00e9ria v&nbsp;s\u00fa\u0165a\u017en\u00fdch discipl\u00ednach jednotlivcov a&nbsp;t\u00edmov\u00fdch s\u00fa\u0165a\u017en\u00fdch discipl\u00ednach SR SPEED RELAY 4&#215;30 a&nbsp;SR DOUBLE UNDERS RELAY 2&#215;30:<\/strong><\/p>\n\n\n\n<figure class=\"wp-block-gallery has-nested-images columns-default is-cropped wp-block-gallery-1 is-layout-flex wp-block-gallery-is-layout-flex\">\n<figure class=\"wp-block-image size-large\"><a href=\"https:\/\/www.srsa.sk\/wp-content\/uploads\/2026\/01\/kvalilfikacia_individual.png\"><img loading=\"lazy\" decoding=\"async\" width=\"620\" height=\"221\" data-id=\"5025\" src=\"https:\/\/www.srsa.sk\/wp-content\/uploads\/2026\/01\/kvalilfikacia_individual.png\" alt=\"\" class=\"wp-image-5025\" srcset=\"https:\/\/www.srsa.sk\/wp-content\/uploads\/2026\/01\/kvalilfikacia_individual.png 620w, https:\/\/www.srsa.sk\/wp-content\/uploads\/2026\/01\/kvalilfikacia_individual-300x107.png 300w, https:\/\/www.srsa.sk\/wp-content\/uploads\/2026\/01\/kvalilfikacia_individual-500x178.png 500w\" sizes=\"auto, (max-width: 620px) 100vw, 620px\" \/><\/a><\/figure>\n<\/figure>\n\n\n\n<p>V\u00fdkonnostn\u00e9 krit\u00e9ri\u00e1 v&nbsp;s\u00fa\u0165a\u017en\u00fdch discipl\u00ednach Single rope Speed Relay 4x30s, Single rope Double Unders Relay 2&#215;30 vych\u00e1dzaj\u00fa z&nbsp;v\u00fdkonnostn\u00fdch krit\u00e9ri\u00ed pre jednotlivcov, tzn., ka\u017ed\u00fd \u0161portovec zaraden\u00fd do t\u00fdchto s\u00fa\u0165a\u017en\u00fdch discipl\u00edn mus\u00ed sp\u013a\u0148a\u0165 jednotliv\u00e9 v\u00fdkonnostn\u00e9 krit\u00e9ri\u00e1 ako jednotlivec. <\/p>\n\n\n\n<p><strong>V\u00fdkonnostn\u00e9 krit\u00e9ria v&nbsp;r\u00fdchlostn\u00fdch s\u00fa\u0165a\u017en\u00fdch discipl\u00ednach DOUBLE DUTCH<\/strong>:<\/p>\n\n\n\n<figure class=\"wp-block-image size-full is-resized\"><a href=\"https:\/\/www.srsa.sk\/wp-content\/uploads\/2026\/01\/kvalifikacia_dd-2.png\"><img loading=\"lazy\" decoding=\"async\" width=\"792\" height=\"353\" src=\"https:\/\/www.srsa.sk\/wp-content\/uploads\/2026\/01\/kvalifikacia_dd-2.png\" alt=\"\" class=\"wp-image-5027\" style=\"aspect-ratio:2.2045454545454546;width:840px;height:auto\" srcset=\"https:\/\/www.srsa.sk\/wp-content\/uploads\/2026\/01\/kvalifikacia_dd-2.png 792w, https:\/\/www.srsa.sk\/wp-content\/uploads\/2026\/01\/kvalifikacia_dd-2-300x134.png 300w, https:\/\/www.srsa.sk\/wp-content\/uploads\/2026\/01\/kvalifikacia_dd-2-768x342.png 768w, https:\/\/www.srsa.sk\/wp-content\/uploads\/2026\/01\/kvalifikacia_dd-2-500x223.png 500w\" sizes=\"auto, (max-width: 792px) 100vw, 792px\" \/><\/a><\/figure>\n\n\n\n<p>V\u00fdkonnostn\u00e9 krit\u00e9ri\u00e1 pre r\u00fdchlostn\u00e9 discipl\u00edny sa oproti minul\u00fdm rokom nemenili. Tieto krit\u00e9ri\u00e1 s\u00fa ur\u010den\u00e9 na z\u00e1klade v\u00fdsledkov z Majstrovstiev Eur\u00f3py 2022.<\/p>\n\n\n\n<p>V\u00fdkonnostn\u00e9 krit\u00e9ri\u00e1 pre freestyle discipl\u00edny s\u00fa ur\u010den\u00e9 na z\u00e1klade v\u00fdsledkov z Majstrovstiev sveta 2025, kde sa brali do \u00favahy len v\u00fdsledky eur\u00f3pskych \u0161portovcov. T\u00edmov\u00e9 SR freestyle discipl\u00edny vych\u00e1dzaj\u00fa z v\u00fdsledkov ur\u010den\u00fdch pre jednotlivcov.<\/p>\n\n\n\n<p>V\u00fdkonnostn\u00e9 krit\u00e9ri\u00e1 pre Double Dutch Contest s\u00fa ur\u010den\u00e9 na z\u00e1klade v\u00fdsledkov z Majstrovstiev Eur\u00f3py 2024. <\/p>\n\n\n\n<p>V\u00fdkonnostn\u00e9 krit\u00e9ria sa bud\u00fa posudzova\u0165 na z\u00e1klade v\u00fdsledkov z&nbsp;Majstrovstiev Slovenska dan\u00e9ho roka, pr\u00edp. in\u00fdch s\u00fa\u0165a\u017e\u00ed ur\u010den\u00fdch SRSA alebo s\u00fa\u0165a\u017e\u00ed, ktor\u00fdch \u00fa\u010dastn\u00edci zo SR bud\u00fa prihl\u00e1sen\u00ed prostredn\u00edctvom SRSA do zahrani\u010dia. V\u00fdsledky s\u00fa\u0165a\u017ee musia by\u0165 overite\u013en\u00e9. Overite\u013en\u00e9 v\u00fdsledky znamenaj\u00fa v\u00fdsledkov\u00e9 listiny zo s\u00fa\u0165a\u017e\u00ed, ktor\u00e9 boli pod doh\u013eadom riadnych rozhodcov. Nie je akceptovate\u013en\u00fd v\u00fdsledok z&nbsp;tr\u00e9ningov\u00e9ho procesu alebo \u201evn\u00fatroklubovej\u201c s\u00fa\u0165a\u017ee.&nbsp;<\/p>\n\n\n\n<p>V&nbsp;pr\u00edpade nutnej potreby m\u00f4\u017ee by\u0165 organizovan\u00e1 dodato\u010dn\u00e1 kvalifika\u010dn\u00e1 s\u00fa\u0165a\u017e len pre riadne prihl\u00e1sen\u00fdch z\u00e1ujemcov o&nbsp;\u00fa\u010das\u0165 na ME, MS, ME juniorov, MS juniorov, IOT a&nbsp;EOT.<\/p>\n\n\n\n<p>Kvalifik\u00e1cia na s\u00fa\u0165a\u017ee ERSO alebo IJRU prebieha spravidla od septembra do ukon\u010denia registr\u00e1cie SRSA na dan\u00fa s\u00fa\u0165a\u017e, pr\u00edp. do term\u00ednu, ktor\u00fd ur\u010d\u00ed SRSA. <\/p>\n\n\n\n<p>Splnenie krit\u00e9ri\u00ed pre zaradenie do reprezenta\u010dn\u00e9ho teamu v&nbsp;rope skippingu samo o sebe nepredstavuje n\u00e1rok \u0161portovca by\u0165 zaraden\u00fd do reprezenta\u010dn\u00e9ho teamu Slovenska.<\/p>\n\n\n\n<blockquote class=\"wp-block-quote is-layout-flow wp-block-quote-is-layout-flow\">\n<p><\/p>\n<\/blockquote>\n\n\n\n<p><\/p>\n\n\n\n<p><\/p>\n\n\n\n<p><\/p>\n\n\n\n<p><\/p>\n\n\n\n<p><\/p>\n","protected":false},"excerpt":{"rendered":"<p>Ka\u017ed\u00fd \u0161portovec, ktor\u00fd m\u00e1 z\u00e1ujem z\u00fa\u010dastni\u0165 sa Majstrovstiev Eur\u00f3py, Majstrovstiev sveta, Majstrovstiev Eur\u00f3py juniorov, Majstrovstiev sveta juniorov, Eur\u00f3pskeho otvoren\u00e9ho turnaja, Medzin\u00e1rodn\u00e9ho otvoren\u00e9ho turnaja a in\u00fdch s\u00fa\u0165a\u017e\u00ed pod z\u00e1\u0161titou svetovej organiz\u00e1cie IJRU alebo eur\u00f3pskej organiz\u00e1cie ERSO sa mus\u00ed kvalifikova\u0165. Ka\u017ed\u00e1 n\u00e1rodn\u00e1 organiz\u00e1cia m\u00e1 na Majstrovstv\u00e1ch Eur\u00f3py\/sveta a Majstrovstv\u00e1ch Eur\u00f3py\/sveta juniorov pridelen\u00e9 3 miesta, na Eur\u00f3pskom otvorenom [&hellip;]<\/p>\n","protected":false},"author":1,"featured_media":1439,"parent":0,"menu_order":0,"comment_status":"closed","ping_status":"closed","template":"","meta":{"footnotes":""},"class_list":["post-1415","page","type-page","status-publish","has-post-thumbnail","hentry"],"yoast_head":"<!-- This site is optimized with the Yoast SEO plugin v26.8 - https:\/\/yoast.com\/product\/yoast-seo-wordpress\/ -->\n<title>Kvalifik\u00e1cia v \u0161porte rope skipping &#187; Slovensk\u00e1 rope skippingov\u00e1 asoci\u00e1cia<\/title>\n<meta name=\"description\" content=\"Kvalifik\u00e1cia v \u0161porte rope skipping - sk\u00e1kanie cez \u0161vihadlo\" \/>\n<meta name=\"robots\" content=\"index, follow, max-snippet:-1, max-image-preview:large, max-video-preview:-1\" \/>\n<link rel=\"canonical\" href=\"https:\/\/www.srsa.sk\/?page_id=1415\" \/>\n<meta property=\"og:locale\" content=\"sk_SK\" \/>\n<meta property=\"og:type\" content=\"article\" \/>\n<meta property=\"og:title\" content=\"Kvalifik\u00e1cia v \u0161porte rope skipping &#187; Slovensk\u00e1 rope skippingov\u00e1 asoci\u00e1cia\" \/>\n<meta property=\"og:description\" content=\"Kvalifik\u00e1cia v \u0161porte rope skipping - sk\u00e1kanie cez \u0161vihadlo\" \/>\n<meta property=\"og:url\" content=\"https:\/\/www.srsa.sk\/?page_id=1415\" \/>\n<meta property=\"og:site_name\" content=\"Slovensk\u00e1 rope skippingov\u00e1 asoci\u00e1cia\" \/>\n<meta property=\"article:modified_time\" content=\"2026-01-22T23:40:23+00:00\" \/>\n<meta property=\"og:image\" content=\"https:\/\/www.srsa.sk\/wp-content\/uploads\/2019\/03\/reprezentacia-SR-v-rope-skippingu.png\" \/>\n\t<meta property=\"og:image:width\" content=\"415\" \/>\n\t<meta property=\"og:image:height\" content=\"416\" \/>\n\t<meta property=\"og:image:type\" content=\"image\/png\" \/>\n<meta name=\"twitter:card\" content=\"summary_large_image\" \/>\n<meta name=\"twitter:label1\" content=\"Predpokladan\u00fd \u010das \u010d\u00edtania\" \/>\n\t<meta name=\"twitter:data1\" content=\"4 min\u00faty\" \/>\n<script type=\"application\/ld+json\" class=\"yoast-schema-graph\">{\"@context\":\"https:\/\/schema.org\",\"@graph\":[{\"@type\":\"WebPage\",\"@id\":\"https:\/\/www.srsa.sk\/?page_id=1415\",\"url\":\"https:\/\/www.srsa.sk\/?page_id=1415\",\"name\":\"Kvalifik\u00e1cia v \u0161porte rope skipping &#187; Slovensk\u00e1 rope skippingov\u00e1 asoci\u00e1cia\",\"isPartOf\":{\"@id\":\"https:\/\/www.srsa.sk\/#website\"},\"primaryImageOfPage\":{\"@id\":\"https:\/\/www.srsa.sk\/?page_id=1415#primaryimage\"},\"image\":{\"@id\":\"https:\/\/www.srsa.sk\/?page_id=1415#primaryimage\"},\"thumbnailUrl\":\"https:\/\/www.srsa.sk\/wp-content\/uploads\/2019\/03\/reprezentacia-SR-v-rope-skippingu.png\",\"datePublished\":\"2019-03-18T09:40:06+00:00\",\"dateModified\":\"2026-01-22T23:40:23+00:00\",\"description\":\"Kvalifik\u00e1cia v \u0161porte rope skipping - sk\u00e1kanie cez \u0161vihadlo\",\"breadcrumb\":{\"@id\":\"https:\/\/www.srsa.sk\/?page_id=1415#breadcrumb\"},\"inLanguage\":\"sk-SK\",\"potentialAction\":[{\"@type\":\"ReadAction\",\"target\":[\"https:\/\/www.srsa.sk\/?page_id=1415\"]}]},{\"@type\":\"ImageObject\",\"inLanguage\":\"sk-SK\",\"@id\":\"https:\/\/www.srsa.sk\/?page_id=1415#primaryimage\",\"url\":\"https:\/\/www.srsa.sk\/wp-content\/uploads\/2019\/03\/reprezentacia-SR-v-rope-skippingu.png\",\"contentUrl\":\"https:\/\/www.srsa.sk\/wp-content\/uploads\/2019\/03\/reprezentacia-SR-v-rope-skippingu.png\",\"width\":415,\"height\":416},{\"@type\":\"BreadcrumbList\",\"@id\":\"https:\/\/www.srsa.sk\/?page_id=1415#breadcrumb\",\"itemListElement\":[{\"@type\":\"ListItem\",\"position\":1,\"name\":\"Home\",\"item\":\"https:\/\/www.srsa.sk\/\"},{\"@type\":\"ListItem\",\"position\":2,\"name\":\"Kvalifik\u00e1cia v \u0161porte rope skipping\"}]},{\"@type\":\"WebSite\",\"@id\":\"https:\/\/www.srsa.sk\/#website\",\"url\":\"https:\/\/www.srsa.sk\/\",\"name\":\"Slovensk\u00e1 rope skippingov\u00e1 asoci\u00e1cia\",\"description\":\"...tam, kde kon\u010d\u00ed sk\u00e1kanie cez \u0161vihadlo, za\u010d\u00edna rope skipping\",\"potentialAction\":[{\"@type\":\"SearchAction\",\"target\":{\"@type\":\"EntryPoint\",\"urlTemplate\":\"https:\/\/www.srsa.sk\/?s={search_term_string}\"},\"query-input\":{\"@type\":\"PropertyValueSpecification\",\"valueRequired\":true,\"valueName\":\"search_term_string\"}}],\"inLanguage\":\"sk-SK\"}]}<\/script>\n<!-- \/ Yoast SEO plugin. -->","yoast_head_json":{"title":"Kvalifik\u00e1cia v \u0161porte rope skipping &#187; Slovensk\u00e1 rope skippingov\u00e1 asoci\u00e1cia","description":"Kvalifik\u00e1cia v \u0161porte rope skipping - sk\u00e1kanie cez \u0161vihadlo","robots":{"index":"index","follow":"follow","max-snippet":"max-snippet:-1","max-image-preview":"max-image-preview:large","max-video-preview":"max-video-preview:-1"},"canonical":"https:\/\/www.srsa.sk\/?page_id=1415","og_locale":"sk_SK","og_type":"article","og_title":"Kvalifik\u00e1cia v \u0161porte rope skipping &#187; Slovensk\u00e1 rope skippingov\u00e1 asoci\u00e1cia","og_description":"Kvalifik\u00e1cia v \u0161porte rope skipping - sk\u00e1kanie cez \u0161vihadlo","og_url":"https:\/\/www.srsa.sk\/?page_id=1415","og_site_name":"Slovensk\u00e1 rope skippingov\u00e1 asoci\u00e1cia","article_modified_time":"2026-01-22T23:40:23+00:00","og_image":[{"width":415,"height":416,"url":"https:\/\/www.srsa.sk\/wp-content\/uploads\/2019\/03\/reprezentacia-SR-v-rope-skippingu.png","type":"image\/png"}],"twitter_card":"summary_large_image","twitter_misc":{"Predpokladan\u00fd \u010das \u010d\u00edtania":"4 min\u00faty"},"schema":{"@context":"https:\/\/schema.org","@graph":[{"@type":"WebPage","@id":"https:\/\/www.srsa.sk\/?page_id=1415","url":"https:\/\/www.srsa.sk\/?page_id=1415","name":"Kvalifik\u00e1cia v \u0161porte rope skipping &#187; Slovensk\u00e1 rope skippingov\u00e1 asoci\u00e1cia","isPartOf":{"@id":"https:\/\/www.srsa.sk\/#website"},"primaryImageOfPage":{"@id":"https:\/\/www.srsa.sk\/?page_id=1415#primaryimage"},"image":{"@id":"https:\/\/www.srsa.sk\/?page_id=1415#primaryimage"},"thumbnailUrl":"https:\/\/www.srsa.sk\/wp-content\/uploads\/2019\/03\/reprezentacia-SR-v-rope-skippingu.png","datePublished":"2019-03-18T09:40:06+00:00","dateModified":"2026-01-22T23:40:23+00:00","description":"Kvalifik\u00e1cia v \u0161porte rope skipping - sk\u00e1kanie cez \u0161vihadlo","breadcrumb":{"@id":"https:\/\/www.srsa.sk\/?page_id=1415#breadcrumb"},"inLanguage":"sk-SK","potentialAction":[{"@type":"ReadAction","target":["https:\/\/www.srsa.sk\/?page_id=1415"]}]},{"@type":"ImageObject","inLanguage":"sk-SK","@id":"https:\/\/www.srsa.sk\/?page_id=1415#primaryimage","url":"https:\/\/www.srsa.sk\/wp-content\/uploads\/2019\/03\/reprezentacia-SR-v-rope-skippingu.png","contentUrl":"https:\/\/www.srsa.sk\/wp-content\/uploads\/2019\/03\/reprezentacia-SR-v-rope-skippingu.png","width":415,"height":416},{"@type":"BreadcrumbList","@id":"https:\/\/www.srsa.sk\/?page_id=1415#breadcrumb","itemListElement":[{"@type":"ListItem","position":1,"name":"Home","item":"https:\/\/www.srsa.sk\/"},{"@type":"ListItem","position":2,"name":"Kvalifik\u00e1cia v \u0161porte rope skipping"}]},{"@type":"WebSite","@id":"https:\/\/www.srsa.sk\/#website","url":"https:\/\/www.srsa.sk\/","name":"Slovensk\u00e1 rope skippingov\u00e1 asoci\u00e1cia","description":"...tam, kde kon\u010d\u00ed sk\u00e1kanie cez \u0161vihadlo, za\u010d\u00edna rope skipping","potentialAction":[{"@type":"SearchAction","target":{"@type":"EntryPoint","urlTemplate":"https:\/\/www.srsa.sk\/?s={search_term_string}"},"query-input":{"@type":"PropertyValueSpecification","valueRequired":true,"valueName":"search_term_string"}}],"inLanguage":"sk-SK"}]}},"_links":{"self":[{"href":"https:\/\/www.srsa.sk\/index.php?rest_route=\/wp\/v2\/pages\/1415","targetHints":{"allow":["GET"]}}],"collection":[{"href":"https:\/\/www.srsa.sk\/index.php?rest_route=\/wp\/v2\/pages"}],"about":[{"href":"https:\/\/www.srsa.sk\/index.php?rest_route=\/wp\/v2\/types\/page"}],"author":[{"embeddable":true,"href":"https:\/\/www.srsa.sk\/index.php?rest_route=\/wp\/v2\/users\/1"}],"replies":[{"embeddable":true,"href":"https:\/\/www.srsa.sk\/index.php?rest_route=%2Fwp%2Fv2%2Fcomments&post=1415"}],"version-history":[{"count":32,"href":"https:\/\/www.srsa.sk\/index.php?rest_route=\/wp\/v2\/pages\/1415\/revisions"}],"predecessor-version":[{"id":5031,"href":"https:\/\/www.srsa.sk\/index.php?rest_route=\/wp\/v2\/pages\/1415\/revisions\/5031"}],"wp:featuredmedia":[{"embeddable":true,"href":"https:\/\/www.srsa.sk\/index.php?rest_route=\/wp\/v2\/media\/1439"}],"wp:attachment":[{"href":"https:\/\/www.srsa.sk\/index.php?rest_route=%2Fwp%2Fv2%2Fmedia&parent=1415"}],"curies":[{"name":"wp","href":"https:\/\/api.w.org\/{rel}","templated":true}]}}